{"id":1285,"date":"2021-09-03T12:05:53","date_gmt":"2021-09-03T10:05:53","guid":{"rendered":"https:\/\/terazem.empressia.dev\/?page_id=1285"},"modified":"2021-10-12T11:22:38","modified_gmt":"2021-10-12T09:22:38","slug":"mapa-strony","status":"publish","type":"page","link":"https:\/\/terazem.eu\/pl\/mapa-strony\/","title":{"rendered":"Mapa strony"},"content":{"rendered":"\n<ol class=\"wp-block-list\"><li><strong>Groupe Terazem\u200b<\/strong><\/li><\/ol>\n\n<ul class=\"wp-block-list\"><li>Terazem<\/li><li>L\u2019\u00e9quipe Terazem<\/li><li>Nos engagements<\/li><li>Chiffres cl\u00e9s<\/li><li>Nos implantations<\/li><\/ul>\n\n<ol class=\"wp-block-list\" start=\"2\"><li><strong>\u200bSolutions pour les territoires<\/strong><\/li><\/ol>\n\n<ul class=\"wp-block-list\"><li><strong>Programmes deprospectionsur mesure<\/strong><\/li><li>Prospection de projets \u00e0 l\u2019\u00e9chelle locale ou nationale\u200b<\/li><li>Prospection de projets internationaux<\/li><li>Identification de solutions pour des sites et\/ou ensembles fonciers<\/li><li><strong>Solution Eurazem<\/strong><\/li><li><strong>Attractivit\u00e9 et dynamisme du territoire<\/strong><\/li><li>Strat\u00e9gie de promotion territoriale<\/li><li>Strat\u00e9gie fonci\u00e8re et immobili\u00e8re<\/li><li>D\u00e9veloppement \u00e9conomique du territoire\u200b<\/li><\/ul>\n\n<ol class=\"wp-block-list\" start=\"3\"><li><strong>Solutions pour les entreprises<\/strong><\/li><\/ol>\n\n<ul class=\"wp-block-list\"><li><strong>D\u00e9veloppementd\u2019activit\u00e9s<\/strong><\/li><li>Business Intelligence<\/li><li>Strat\u00e9gies de croissance<\/li><li>Aide \u00e0 l\u2019implantation<\/li><li><strong>Solution Eurazem<\/strong><\/li><li><strong>Restructuration et r\u00e9organisation d\u2019activit\u00e9s<\/strong><\/li><li>Recherche de repreneur<\/li><li>Cession d\u2019actifs non strat\u00e9giques<\/li><li>Reconversion et r\u00e9industrialisation de sites<\/li><\/ul>\n\n<ol class=\"wp-block-list\" start=\"4\"><li><strong>Solution Eurazem<\/strong><\/li><\/ol>\n\n<ol class=\"wp-block-list\" start=\"5\"><li><strong>R\u00e9f\u00e9rences<\/strong><\/li><\/ol>\n\n<ul class=\"wp-block-list\"><li><strong>Pour les entreprises et les territoires<\/strong><\/li><li><strong>Ils nous font\u200b confiance<\/strong><\/li><li><strong>R\u00e9f\u00e9rences sectorielles<\/strong><\/li><li><strong>Business Case<\/strong><\/li><li>Recherche de repreneur<\/li><li>D\u00e9tection de projets<\/li><li>D\u00e9veloppement \u00e9conomique<\/li><li>Etude sp\u00e9cifique<\/li><\/ul>\n\n<ol class=\"wp-block-list\" start=\"6\"><li><strong>Actualit\u00e9s Teratrend<\/strong><\/li><\/ol>\n\n<ul class=\"wp-block-list\"><li><strong>Cat\u00e9gories<\/strong><\/li><li><strong>Economie &amp; territoire<\/strong><\/li><li><strong>Experts &amp; partenaires<\/strong><\/li><li><strong>Immobilier<\/strong><\/li><li>Opportunit\u00e9 de reprise d\u2019un site en Seine-et-Marne\u200b<\/li><li>Opportunit\u00e9 de reprise d\u2019un site en Maine-et-Loire\u200b<\/li><\/ul>\n\n<ol class=\"wp-block-list\" start=\"7\"><li><strong>Carri\u00e8res<\/strong><\/li><\/ol>\n\n<ul class=\"wp-block-list\"><li><strong>Espaces carri\u00e8res<\/strong><\/li><li><strong>Le meilleur de l\u2019humain et du digital\u200b<\/strong><\/li><li><strong>Un environnement multiculturel et stimulant<\/strong><\/li><li><strong>Oferty pracy<\/strong><\/li><\/ul>\n\n<ol class=\"wp-block-list\" start=\"8\"><li><strong>Contact<\/strong><\/li><\/ol>\n\n<ul class=\"wp-block-list\"><li><strong>Contact Terazem<\/strong><\/li><li><strong>Nous contacter<\/strong><\/li><\/ul>\n","protected":false},"excerpt":{"rendered":"<p>Groupe Terazem\u200b Terazem L\u2019\u00e9quipe Terazem Nos engagements Chiffres cl\u00e9s Nos implantations \u200bSolutions pour les territoires Programmes deprospectionsur mesure Prospection de projets \u00e0 l\u2019\u00e9chelle locale ou nationale\u200b Prospection de projets internationaux Identification de solutions pour des sites et\/ou ensembles fonciers Solution Eurazem Attractivit\u00e9 et dynamisme du territoire Strat\u00e9gie de promotion territoriale Strat\u00e9gie fonci\u00e8re et immobili\u00e8re D\u00e9veloppement [&hellip;]<\/p>\n","protected":false},"author":2,"featured_media":0,"parent":0,"menu_order":0,"comment_status":"closed","ping_status":"closed","template":"page-templates\/content-page.php","meta":{"footnotes":""},"class_list":["post-1285","page","type-page","status-publish","hentry"],"yoast_head":"<!-- This site is optimized with the Yoast SEO plugin v19.10 - https:\/\/yoast.com\/wordpress\/plugins\/seo\/ -->\n<title>Firma konsultingowa specjalizuj\u0105ca si\u0119 w strategii gospodarczej i nieruchomo\u015bciowej<\/title>\n<meta name=\"description\" content=\"TERAZEM jest niezale\u017cn\u0105 i prywatn\u0105 firm\u0105 konsultingow\u0105 specjalizuj\u0105c\u0105 si\u0119 w strategii gospodarczej i nieruchomo\u015bciowej, kt\u00f3ra oferuje dostosowane do potrzeb rozwi\u0105zania wspieraj\u0105ce terytoria i firmy\" \/>\n<meta name=\"robots\" content=\"noindex, follow\" \/>\n<meta property=\"og:locale\" content=\"pl_PL\" \/>\n<meta property=\"og:type\" content=\"article\" \/>\n<meta property=\"og:title\" content=\"Firma konsultingowa specjalizuj\u0105ca si\u0119 w strategii gospodarczej i nieruchomo\u015bciowej\" \/>\n<meta property=\"og:description\" content=\"TERAZEM jest niezale\u017cn\u0105 i prywatn\u0105 firm\u0105 konsultingow\u0105 specjalizuj\u0105c\u0105 si\u0119 w strategii gospodarczej i nieruchomo\u015bciowej, kt\u00f3ra oferuje dostosowane do potrzeb rozwi\u0105zania wspieraj\u0105ce terytoria i firmy\" \/>\n<meta property=\"og:url\" content=\"https:\/\/terazem.eu\/pl\/mapa-strony\/\" \/>\n<meta property=\"og:site_name\" content=\"Terazem to firma konsultingowa specjalizuj\u0105ca si\u0119 w strategii gospodarczej i nieruchomo\u015bciowej kt\u00f3ra \u0142\u0105czy terytoria i firmy\" \/>\n<meta property=\"article:modified_time\" content=\"2021-10-12T09:22:38+00:00\" \/>\n<meta name=\"twitter:card\" content=\"summary_large_image\" \/>\n<meta name=\"twitter:label1\" content=\"Szacowany czas czytania\" \/>\n\t<meta name=\"twitter:data1\" content=\"1 minuta\" \/>\n<script type=\"application\/ld+json\" class=\"yoast-schema-graph\">{\"@context\":\"https:\/\/schema.org\",\"@graph\":[{\"@type\":\"WebPage\",\"@id\":\"https:\/\/terazem.eu\/pl\/mapa-strony\/\",\"url\":\"https:\/\/terazem.eu\/pl\/mapa-strony\/\",\"name\":\"Firma konsultingowa specjalizuj\u0105ca si\u0119 w strategii gospodarczej i nieruchomo\u015bciowej\",\"isPartOf\":{\"@id\":\"https:\/\/terazem.eu\/#website\"},\"datePublished\":\"2021-09-03T10:05:53+00:00\",\"dateModified\":\"2021-10-12T09:22:38+00:00\",\"description\":\"TERAZEM jest niezale\u017cn\u0105 i prywatn\u0105 firm\u0105 konsultingow\u0105 specjalizuj\u0105c\u0105 si\u0119 w strategii gospodarczej i nieruchomo\u015bciowej, kt\u00f3ra oferuje dostosowane do potrzeb rozwi\u0105zania wspieraj\u0105ce terytoria i firmy\",\"breadcrumb\":{\"@id\":\"https:\/\/terazem.eu\/pl\/mapa-strony\/#breadcrumb\"},\"inLanguage\":\"pl-PL\",\"potentialAction\":[{\"@type\":\"ReadAction\",\"target\":[\"https:\/\/terazem.eu\/pl\/mapa-strony\/\"]}]},{\"@type\":\"BreadcrumbList\",\"@id\":\"https:\/\/terazem.eu\/pl\/mapa-strony\/#breadcrumb\",\"itemListElement\":[{\"@type\":\"ListItem\",\"position\":1,\"name\":\"Strona g\u0142\u00f3wna\",\"item\":\"https:\/\/terazem.eu\/pl\/\"},{\"@type\":\"ListItem\",\"position\":2,\"name\":\"Mapa strony\"}]},{\"@type\":\"WebSite\",\"@id\":\"https:\/\/terazem.eu\/#website\",\"url\":\"https:\/\/terazem.eu\/\",\"name\":\"Terazem to firma konsultingowa specjalizuj\u0105ca si\u0119 w strategii gospodarczej i nieruchomo\u015bciowej kt\u00f3ra \u0142\u0105czy terytoria i firmy\",\"description\":\"Terazem to firma konsultingowa specjalizuj\u0105ca si\u0119 w strategii gospodarczej i nieruchomo\u015bciowej kt\u00f3ra \u0142\u0105czy terytoria i firmy\",\"publisher\":{\"@id\":\"https:\/\/terazem.eu\/#organization\"},\"alternateName\":\"Terazem\",\"potentialAction\":[{\"@type\":\"SearchAction\",\"target\":{\"@type\":\"EntryPoint\",\"urlTemplate\":\"https:\/\/terazem.eu\/?s={search_term_string}\"},\"query-input\":\"required name=search_term_string\"}],\"inLanguage\":\"pl-PL\"},{\"@type\":\"Organization\",\"@id\":\"https:\/\/terazem.eu\/#organization\",\"name\":\"Terazem\",\"alternateName\":\"Terazem\",\"url\":\"https:\/\/terazem.eu\/\",\"logo\":{\"@type\":\"ImageObject\",\"inLanguage\":\"pl-PL\",\"@id\":\"https:\/\/terazem.eu\/#\/schema\/logo\/image\/\",\"url\":\"https:\/\/terazem.eu\/wp-content\/uploads\/2023\/01\/Logo-TERAZEM-1-fond-clair.png\",\"contentUrl\":\"https:\/\/terazem.eu\/wp-content\/uploads\/2023\/01\/Logo-TERAZEM-1-fond-clair.png\",\"width\":499,\"height\":128,\"caption\":\"Terazem\"},\"image\":{\"@id\":\"https:\/\/terazem.eu\/#\/schema\/logo\/image\/\"},\"sameAs\":[\"https:\/\/fr.linkedin.com\/company\/terazem\"]}]}<\/script>\n<!-- \/ Yoast SEO plugin. -->","yoast_head_json":{"title":"Firma konsultingowa specjalizuj\u0105ca si\u0119 w strategii gospodarczej i nieruchomo\u015bciowej","description":"TERAZEM jest niezale\u017cn\u0105 i prywatn\u0105 firm\u0105 konsultingow\u0105 specjalizuj\u0105c\u0105 si\u0119 w strategii gospodarczej i nieruchomo\u015bciowej, kt\u00f3ra oferuje dostosowane do potrzeb rozwi\u0105zania wspieraj\u0105ce terytoria i firmy","robots":{"index":"noindex","follow":"follow"},"og_locale":"pl_PL","og_type":"article","og_title":"Firma konsultingowa specjalizuj\u0105ca si\u0119 w strategii gospodarczej i nieruchomo\u015bciowej","og_description":"TERAZEM jest niezale\u017cn\u0105 i prywatn\u0105 firm\u0105 konsultingow\u0105 specjalizuj\u0105c\u0105 si\u0119 w strategii gospodarczej i nieruchomo\u015bciowej, kt\u00f3ra oferuje dostosowane do potrzeb rozwi\u0105zania wspieraj\u0105ce terytoria i firmy","og_url":"https:\/\/terazem.eu\/pl\/mapa-strony\/","og_site_name":"Terazem to firma konsultingowa specjalizuj\u0105ca si\u0119 w strategii gospodarczej i nieruchomo\u015bciowej kt\u00f3ra \u0142\u0105czy terytoria i firmy","article_modified_time":"2021-10-12T09:22:38+00:00","twitter_card":"summary_large_image","twitter_misc":{"Szacowany czas czytania":"1 minuta"},"schema":{"@context":"https:\/\/schema.org","@graph":[{"@type":"WebPage","@id":"https:\/\/terazem.eu\/pl\/mapa-strony\/","url":"https:\/\/terazem.eu\/pl\/mapa-strony\/","name":"Firma konsultingowa specjalizuj\u0105ca si\u0119 w strategii gospodarczej i nieruchomo\u015bciowej","isPartOf":{"@id":"https:\/\/terazem.eu\/#website"},"datePublished":"2021-09-03T10:05:53+00:00","dateModified":"2021-10-12T09:22:38+00:00","description":"TERAZEM jest niezale\u017cn\u0105 i prywatn\u0105 firm\u0105 konsultingow\u0105 specjalizuj\u0105c\u0105 si\u0119 w strategii gospodarczej i nieruchomo\u015bciowej, kt\u00f3ra oferuje dostosowane do potrzeb rozwi\u0105zania wspieraj\u0105ce terytoria i firmy","breadcrumb":{"@id":"https:\/\/terazem.eu\/pl\/mapa-strony\/#breadcrumb"},"inLanguage":"pl-PL","potentialAction":[{"@type":"ReadAction","target":["https:\/\/terazem.eu\/pl\/mapa-strony\/"]}]},{"@type":"BreadcrumbList","@id":"https:\/\/terazem.eu\/pl\/mapa-strony\/#breadcrumb","itemListElement":[{"@type":"ListItem","position":1,"name":"Strona g\u0142\u00f3wna","item":"https:\/\/terazem.eu\/pl\/"},{"@type":"ListItem","position":2,"name":"Mapa strony"}]},{"@type":"WebSite","@id":"https:\/\/terazem.eu\/#website","url":"https:\/\/terazem.eu\/","name":"Terazem to firma konsultingowa specjalizuj\u0105ca si\u0119 w strategii gospodarczej i nieruchomo\u015bciowej kt\u00f3ra \u0142\u0105czy terytoria i firmy","description":"Terazem to firma konsultingowa specjalizuj\u0105ca si\u0119 w strategii gospodarczej i nieruchomo\u015bciowej kt\u00f3ra \u0142\u0105czy terytoria i firmy","publisher":{"@id":"https:\/\/terazem.eu\/#organization"},"alternateName":"Terazem","potentialAction":[{"@type":"SearchAction","target":{"@type":"EntryPoint","urlTemplate":"https:\/\/terazem.eu\/?s={search_term_string}"},"query-input":"required name=search_term_string"}],"inLanguage":"pl-PL"},{"@type":"Organization","@id":"https:\/\/terazem.eu\/#organization","name":"Terazem","alternateName":"Terazem","url":"https:\/\/terazem.eu\/","logo":{"@type":"ImageObject","inLanguage":"pl-PL","@id":"https:\/\/terazem.eu\/#\/schema\/logo\/image\/","url":"https:\/\/terazem.eu\/wp-content\/uploads\/2023\/01\/Logo-TERAZEM-1-fond-clair.png","contentUrl":"https:\/\/terazem.eu\/wp-content\/uploads\/2023\/01\/Logo-TERAZEM-1-fond-clair.png","width":499,"height":128,"caption":"Terazem"},"image":{"@id":"https:\/\/terazem.eu\/#\/schema\/logo\/image\/"},"sameAs":["https:\/\/fr.linkedin.com\/company\/terazem"]}]}},"_links":{"self":[{"href":"https:\/\/terazem.eu\/pl\/wp-json\/wp\/v2\/pages\/1285","targetHints":{"allow":["GET"]}}],"collection":[{"href":"https:\/\/terazem.eu\/pl\/wp-json\/wp\/v2\/pages"}],"about":[{"href":"https:\/\/terazem.eu\/pl\/wp-json\/wp\/v2\/types\/page"}],"author":[{"embeddable":true,"href":"https:\/\/terazem.eu\/pl\/wp-json\/wp\/v2\/users\/2"}],"replies":[{"embeddable":true,"href":"https:\/\/terazem.eu\/pl\/wp-json\/wp\/v2\/comments?post=1285"}],"version-history":[{"count":11,"href":"https:\/\/terazem.eu\/pl\/wp-json\/wp\/v2\/pages\/1285\/revisions"}],"predecessor-version":[{"id":1955,"href":"https:\/\/terazem.eu\/pl\/wp-json\/wp\/v2\/pages\/1285\/revisions\/1955"}],"wp:attachment":[{"href":"https:\/\/terazem.eu\/pl\/wp-json\/wp\/v2\/media?parent=1285"}],"curies":[{"name":"wp","href":"https:\/\/api.w.org\/{rel}","templated":true}]}}