{"id":1272,"date":"2021-09-03T11:42:16","date_gmt":"2021-09-03T09:42:16","guid":{"rendered":"https:\/\/terazem.empressia.dev\/?page_id=1272"},"modified":"2021-09-28T11:24:15","modified_gmt":"2021-09-28T09:24:15","slug":"oswiadczenie-o-ochronie-prywatnosci","status":"publish","type":"page","link":"https:\/\/terazem.eu\/pl\/oswiadczenie-o-ochronie-prywatnosci\/","title":{"rendered":"O\u015aWIADCZENIE O OCHRONIE PRYWATNO\u015aCI"},"content":{"rendered":"\n<h6 class=\"wp-block-heading\"><strong>Pr<\/strong>eambu\u0142a<\/h6>\n\n\n\n<p><\/p>\n\n\n\n<p>Terazem to firma \u015bwiadcz\u0105ca us\u0142ugi doradztwa strategicznego dla podmiot\u00f3w sektora publicznego i prywatnego. Nasza polityka prywatno\u015bci jest skonfigurowana w celu poszanowania Twoich danych osobowych.<\/p>\n\n\n\n<hr class=\"wp-block-separator\"\/>\n\n\n\n<h6 class=\"wp-block-heading\"><strong>Zbieranie i przetwarzanie danych<\/strong><\/h6>\n\n\n\n<p><\/p>\n\n\n\n<p>Terazem zbiera i przetwarza \u015bci\u015ble niezb\u0119dne dane w uzasadnionym i okre\u015blonym celu:<\/p>\n\n\n\n<p>&#8211; zarz\u0105dzanie Pa\u0144stwa danymi osobowymi niezb\u0119dnymi do wykonywania us\u0142ug Terazem;<\/p>\n\n\n\n<p>&#8211; zarz\u0105dzanie i dost\u0119p do wydarze\u0144 organizowanych przez Terazem, w kt\u00f3rych chcesz wsi\u0105\u015b\u0107 udzia\u0142;<\/p>\n\n\n\n<p>&#8211; zarz\u0105dzanie subskrypcjami i linkami do newsletters i publikacji Teratrend;<\/p>\n\n\n\n<p>&#8211; proces rekrutacji i analizy aplikacji;<\/p>\n\n\n\n<p>Terazem informuje Ci\u0119 o przetwarzaniu danych osobowych podczas ich wprowadzania oraz poprzez niniejsze o\u015bwiadczenie o ochronie prywatno\u015bci. Terazem przechowuje Twoje dane przez czas niezb\u0119dny dla operacji, dla kt\u00f3rych zosta\u0142y zebrane oraz zgodnie z obowi\u0105zuj\u0105cymi przepisami.<\/p>\n\n\n\n<p>Terazem zapewnia bezpiecze\u0144stwo Twoich danych osobowych, wdra\u017caj\u0105c wzmocnion\u0105 ochron\u0119 danych poprzez zastosowanie fizycznych i technologicznych \u015brodk\u00f3w bezpiecze\u0144stwa.<\/p>\n\n\n\n<p>Masz prawo dost\u0119pu, sprostowania, usuni\u0119cia, ograniczenia przetwarzania, przenoszenia danych dotycz\u0105cych Ciebie, kt\u00f3re jest wykonywane za po\u015brednictwem poczty elektronicznej na adres: contact@terazem.eu lub adresu pocztowego: 1 rue de Stockholm 75008 Pary\u017c.<\/p>\n\n\n\n<hr class=\"wp-block-separator\"\/>\n\n\n\n<h6 class=\"wp-block-heading\"><strong>Pliki cookie<\/strong><\/h6>\n\n\n\n<p><\/p>\n\n\n\n<p>Kiedy przegl\u0105dasz nasz\u0105 stron\u0119 internetow\u0105, pliki cookie mog\u0105 by\u0107 zapisywane lub odczytywane na Twoim komputerze, telefonie kom\u00f3rkowym lub tablecie, w zale\u017cno\u015bci od Twoich wybor\u00f3w.<\/p>\n\n\n\n<p>Twoja przegl\u0105darka mo\u017ce by\u0107 r\u00f3wnie\u017c skonfigurowana tak, aby powiadamia\u0142a Ci\u0119 o plikach cookie przechowywanych na Twoim komputerze i prosi\u0142a o ich akceptacj\u0119 lub nie.<\/p>\n\n\n\n<p>Mo\u017cesz akceptowa\u0107 lub odrzuca\u0107 pliki cookie w poszczeg\u00f3lnych przypadkach lub systematycznie odrzuca\u0107 je raz na zawsze. W celu zarz\u0105dzania plikami cookie i Twoimi wyborami konfiguracja ka\u017cdej przegl\u0105darki jest inna. Zosta\u0142o to opisane w menu pomocy Twojej przegl\u0105darki, dzi\u0119ki czemu dowiesz si\u0119, jak zmieni\u0107 swoje preferencje w zakresie plik\u00f3w cookie.<\/p>\n","protected":false},"excerpt":{"rendered":"<p>Preambu\u0142a Terazem to firma \u015bwiadcz\u0105ca us\u0142ugi doradztwa strategicznego dla podmiot\u00f3w sektora publicznego i prywatnego. Nasza polityka prywatno\u015bci jest skonfigurowana w celu poszanowania Twoich danych osobowych. Zbieranie i przetwarzanie danych Terazem zbiera i przetwarza \u015bci\u015ble niezb\u0119dne dane w uzasadnionym i okre\u015blonym celu: &#8211; zarz\u0105dzanie Pa\u0144stwa danymi osobowymi niezb\u0119dnymi do wykonywania us\u0142ug Terazem; &#8211; zarz\u0105dzanie i dost\u0119p [&hellip;]<\/p>\n","protected":false},"author":2,"featured_media":1245,"parent":0,"menu_order":0,"comment_status":"closed","ping_status":"closed","template":"page-templates\/content-page.php","meta":{"footnotes":""},"class_list":["post-1272","page","type-page","status-publish","has-post-thumbnail","hentry"],"yoast_head":"<!-- This site is optimized with the Yoast SEO plugin v19.10 - https:\/\/yoast.com\/wordpress\/plugins\/seo\/ -->\n<title>Firma konsultingowa specjalizuj\u0105ca si\u0119 w strategii gospodarczej i nieruchomo\u015bciowej<\/title>\n<meta name=\"description\" content=\"TERAZEM jest niezale\u017cn\u0105 i prywatn\u0105 firm\u0105 konsultingow\u0105 specjalizuj\u0105c\u0105 si\u0119 w strategii gospodarczej i nieruchomo\u015bciowej, kt\u00f3ra oferuje dostosowane do potrzeb rozwi\u0105zania wspieraj\u0105ce terytoria i firmy\" \/>\n<meta name=\"robots\" content=\"noindex, follow\" \/>\n<meta property=\"og:locale\" content=\"pl_PL\" \/>\n<meta property=\"og:type\" content=\"article\" \/>\n<meta property=\"og:title\" content=\"Firma konsultingowa specjalizuj\u0105ca si\u0119 w strategii gospodarczej i nieruchomo\u015bciowej\" \/>\n<meta property=\"og:description\" content=\"TERAZEM jest niezale\u017cn\u0105 i prywatn\u0105 firm\u0105 konsultingow\u0105 specjalizuj\u0105c\u0105 si\u0119 w strategii gospodarczej i nieruchomo\u015bciowej, kt\u00f3ra oferuje dostosowane do potrzeb rozwi\u0105zania wspieraj\u0105ce terytoria i firmy\" \/>\n<meta property=\"og:url\" content=\"https:\/\/terazem.eu\/pl\/oswiadczenie-o-ochronie-prywatnosci\/\" \/>\n<meta property=\"og:site_name\" content=\"Terazem to firma konsultingowa specjalizuj\u0105ca si\u0119 w strategii gospodarczej i nieruchomo\u015bciowej kt\u00f3ra \u0142\u0105czy terytoria i firmy\" \/>\n<meta property=\"article:modified_time\" content=\"2021-09-28T09:24:15+00:00\" \/>\n<meta property=\"og:image\" content=\"https:\/\/terazem.eu\/wp-content\/uploads\/2021\/09\/job-offers-background.jpeg\" \/>\n\t<meta property=\"og:image:width\" content=\"1960\" \/>\n\t<meta property=\"og:image:height\" content=\"447\" \/>\n\t<meta property=\"og:image:type\" content=\"image\/jpeg\" \/>\n<meta name=\"twitter:card\" content=\"summary_large_image\" \/>\n<meta name=\"twitter:label1\" content=\"Szacowany czas czytania\" \/>\n\t<meta name=\"twitter:data1\" content=\"2 minuty\" \/>\n<script type=\"application\/ld+json\" class=\"yoast-schema-graph\">{\"@context\":\"https:\/\/schema.org\",\"@graph\":[{\"@type\":\"WebPage\",\"@id\":\"https:\/\/terazem.eu\/pl\/oswiadczenie-o-ochronie-prywatnosci\/\",\"url\":\"https:\/\/terazem.eu\/pl\/oswiadczenie-o-ochronie-prywatnosci\/\",\"name\":\"Firma konsultingowa specjalizuj\u0105ca si\u0119 w strategii gospodarczej i nieruchomo\u015bciowej\",\"isPartOf\":{\"@id\":\"https:\/\/terazem.eu\/#website\"},\"datePublished\":\"2021-09-03T09:42:16+00:00\",\"dateModified\":\"2021-09-28T09:24:15+00:00\",\"description\":\"TERAZEM jest niezale\u017cn\u0105 i prywatn\u0105 firm\u0105 konsultingow\u0105 specjalizuj\u0105c\u0105 si\u0119 w strategii gospodarczej i nieruchomo\u015bciowej, kt\u00f3ra oferuje dostosowane do potrzeb rozwi\u0105zania wspieraj\u0105ce terytoria i firmy\",\"breadcrumb\":{\"@id\":\"https:\/\/terazem.eu\/pl\/oswiadczenie-o-ochronie-prywatnosci\/#breadcrumb\"},\"inLanguage\":\"pl-PL\",\"potentialAction\":[{\"@type\":\"ReadAction\",\"target\":[\"https:\/\/terazem.eu\/pl\/oswiadczenie-o-ochronie-prywatnosci\/\"]}]},{\"@type\":\"BreadcrumbList\",\"@id\":\"https:\/\/terazem.eu\/pl\/oswiadczenie-o-ochronie-prywatnosci\/#breadcrumb\",\"itemListElement\":[{\"@type\":\"ListItem\",\"position\":1,\"name\":\"Strona g\u0142\u00f3wna\",\"item\":\"https:\/\/terazem.eu\/pl\/\"},{\"@type\":\"ListItem\",\"position\":2,\"name\":\"O\u015aWIADCZENIE O OCHRONIE PRYWATNO\u015aCI\"}]},{\"@type\":\"WebSite\",\"@id\":\"https:\/\/terazem.eu\/#website\",\"url\":\"https:\/\/terazem.eu\/\",\"name\":\"Terazem to firma konsultingowa specjalizuj\u0105ca si\u0119 w strategii gospodarczej i nieruchomo\u015bciowej kt\u00f3ra \u0142\u0105czy terytoria i firmy\",\"description\":\"Terazem to firma konsultingowa specjalizuj\u0105ca si\u0119 w strategii gospodarczej i nieruchomo\u015bciowej kt\u00f3ra \u0142\u0105czy terytoria i firmy\",\"publisher\":{\"@id\":\"https:\/\/terazem.eu\/#organization\"},\"alternateName\":\"Terazem\",\"potentialAction\":[{\"@type\":\"SearchAction\",\"target\":{\"@type\":\"EntryPoint\",\"urlTemplate\":\"https:\/\/terazem.eu\/?s={search_term_string}\"},\"query-input\":\"required name=search_term_string\"}],\"inLanguage\":\"pl-PL\"},{\"@type\":\"Organization\",\"@id\":\"https:\/\/terazem.eu\/#organization\",\"name\":\"Terazem\",\"alternateName\":\"Terazem\",\"url\":\"https:\/\/terazem.eu\/\",\"logo\":{\"@type\":\"ImageObject\",\"inLanguage\":\"pl-PL\",\"@id\":\"https:\/\/terazem.eu\/#\/schema\/logo\/image\/\",\"url\":\"https:\/\/terazem.eu\/wp-content\/uploads\/2023\/01\/Logo-TERAZEM-1-fond-clair.png\",\"contentUrl\":\"https:\/\/terazem.eu\/wp-content\/uploads\/2023\/01\/Logo-TERAZEM-1-fond-clair.png\",\"width\":499,\"height\":128,\"caption\":\"Terazem\"},\"image\":{\"@id\":\"https:\/\/terazem.eu\/#\/schema\/logo\/image\/\"},\"sameAs\":[\"https:\/\/fr.linkedin.com\/company\/terazem\"]}]}<\/script>\n<!-- \/ Yoast SEO plugin. -->","yoast_head_json":{"title":"Firma konsultingowa specjalizuj\u0105ca si\u0119 w strategii gospodarczej i nieruchomo\u015bciowej","description":"TERAZEM jest niezale\u017cn\u0105 i prywatn\u0105 firm\u0105 konsultingow\u0105 specjalizuj\u0105c\u0105 si\u0119 w strategii gospodarczej i nieruchomo\u015bciowej, kt\u00f3ra oferuje dostosowane do potrzeb rozwi\u0105zania wspieraj\u0105ce terytoria i firmy","robots":{"index":"noindex","follow":"follow"},"og_locale":"pl_PL","og_type":"article","og_title":"Firma konsultingowa specjalizuj\u0105ca si\u0119 w strategii gospodarczej i nieruchomo\u015bciowej","og_description":"TERAZEM jest niezale\u017cn\u0105 i prywatn\u0105 firm\u0105 konsultingow\u0105 specjalizuj\u0105c\u0105 si\u0119 w strategii gospodarczej i nieruchomo\u015bciowej, kt\u00f3ra oferuje dostosowane do potrzeb rozwi\u0105zania wspieraj\u0105ce terytoria i firmy","og_url":"https:\/\/terazem.eu\/pl\/oswiadczenie-o-ochronie-prywatnosci\/","og_site_name":"Terazem to firma konsultingowa specjalizuj\u0105ca si\u0119 w strategii gospodarczej i nieruchomo\u015bciowej kt\u00f3ra \u0142\u0105czy terytoria i firmy","article_modified_time":"2021-09-28T09:24:15+00:00","og_image":[{"width":1960,"height":447,"url":"https:\/\/terazem.eu\/wp-content\/uploads\/2021\/09\/job-offers-background.jpeg","type":"image\/jpeg"}],"twitter_card":"summary_large_image","twitter_misc":{"Szacowany czas czytania":"2 minuty"},"schema":{"@context":"https:\/\/schema.org","@graph":[{"@type":"WebPage","@id":"https:\/\/terazem.eu\/pl\/oswiadczenie-o-ochronie-prywatnosci\/","url":"https:\/\/terazem.eu\/pl\/oswiadczenie-o-ochronie-prywatnosci\/","name":"Firma konsultingowa specjalizuj\u0105ca si\u0119 w strategii gospodarczej i nieruchomo\u015bciowej","isPartOf":{"@id":"https:\/\/terazem.eu\/#website"},"datePublished":"2021-09-03T09:42:16+00:00","dateModified":"2021-09-28T09:24:15+00:00","description":"TERAZEM jest niezale\u017cn\u0105 i prywatn\u0105 firm\u0105 konsultingow\u0105 specjalizuj\u0105c\u0105 si\u0119 w strategii gospodarczej i nieruchomo\u015bciowej, kt\u00f3ra oferuje dostosowane do potrzeb rozwi\u0105zania wspieraj\u0105ce terytoria i firmy","breadcrumb":{"@id":"https:\/\/terazem.eu\/pl\/oswiadczenie-o-ochronie-prywatnosci\/#breadcrumb"},"inLanguage":"pl-PL","potentialAction":[{"@type":"ReadAction","target":["https:\/\/terazem.eu\/pl\/oswiadczenie-o-ochronie-prywatnosci\/"]}]},{"@type":"BreadcrumbList","@id":"https:\/\/terazem.eu\/pl\/oswiadczenie-o-ochronie-prywatnosci\/#breadcrumb","itemListElement":[{"@type":"ListItem","position":1,"name":"Strona g\u0142\u00f3wna","item":"https:\/\/terazem.eu\/pl\/"},{"@type":"ListItem","position":2,"name":"O\u015aWIADCZENIE O OCHRONIE PRYWATNO\u015aCI"}]},{"@type":"WebSite","@id":"https:\/\/terazem.eu\/#website","url":"https:\/\/terazem.eu\/","name":"Terazem to firma konsultingowa specjalizuj\u0105ca si\u0119 w strategii gospodarczej i nieruchomo\u015bciowej kt\u00f3ra \u0142\u0105czy terytoria i firmy","description":"Terazem to firma konsultingowa specjalizuj\u0105ca si\u0119 w strategii gospodarczej i nieruchomo\u015bciowej kt\u00f3ra \u0142\u0105czy terytoria i firmy","publisher":{"@id":"https:\/\/terazem.eu\/#organization"},"alternateName":"Terazem","potentialAction":[{"@type":"SearchAction","target":{"@type":"EntryPoint","urlTemplate":"https:\/\/terazem.eu\/?s={search_term_string}"},"query-input":"required name=search_term_string"}],"inLanguage":"pl-PL"},{"@type":"Organization","@id":"https:\/\/terazem.eu\/#organization","name":"Terazem","alternateName":"Terazem","url":"https:\/\/terazem.eu\/","logo":{"@type":"ImageObject","inLanguage":"pl-PL","@id":"https:\/\/terazem.eu\/#\/schema\/logo\/image\/","url":"https:\/\/terazem.eu\/wp-content\/uploads\/2023\/01\/Logo-TERAZEM-1-fond-clair.png","contentUrl":"https:\/\/terazem.eu\/wp-content\/uploads\/2023\/01\/Logo-TERAZEM-1-fond-clair.png","width":499,"height":128,"caption":"Terazem"},"image":{"@id":"https:\/\/terazem.eu\/#\/schema\/logo\/image\/"},"sameAs":["https:\/\/fr.linkedin.com\/company\/terazem"]}]}},"_links":{"self":[{"href":"https:\/\/terazem.eu\/pl\/wp-json\/wp\/v2\/pages\/1272","targetHints":{"allow":["GET"]}}],"collection":[{"href":"https:\/\/terazem.eu\/pl\/wp-json\/wp\/v2\/pages"}],"about":[{"href":"https:\/\/terazem.eu\/pl\/wp-json\/wp\/v2\/types\/page"}],"author":[{"embeddable":true,"href":"https:\/\/terazem.eu\/pl\/wp-json\/wp\/v2\/users\/2"}],"replies":[{"embeddable":true,"href":"https:\/\/terazem.eu\/pl\/wp-json\/wp\/v2\/comments?post=1272"}],"version-history":[{"count":6,"href":"https:\/\/terazem.eu\/pl\/wp-json\/wp\/v2\/pages\/1272\/revisions"}],"predecessor-version":[{"id":1766,"href":"https:\/\/terazem.eu\/pl\/wp-json\/wp\/v2\/pages\/1272\/revisions\/1766"}],"wp:featuredmedia":[{"embeddable":true,"href":"https:\/\/terazem.eu\/pl\/wp-json\/wp\/v2\/media\/1245"}],"wp:attachment":[{"href":"https:\/\/terazem.eu\/pl\/wp-json\/wp\/v2\/media?parent=1272"}],"curies":[{"name":"wp","href":"https:\/\/api.w.org\/{rel}","templated":true}]}}