{"id":1244,"date":"2021-09-03T11:32:36","date_gmt":"2021-09-03T09:32:36","guid":{"rendered":"https:\/\/terazem.empressia.dev\/?page_id=1244"},"modified":"2022-03-29T18:35:00","modified_gmt":"2022-03-29T16:35:00","slug":"informacje-firmowe-i-regulacyjne","status":"publish","type":"page","link":"https:\/\/terazem.eu\/pl\/informacje-firmowe-i-regulacyjne\/","title":{"rendered":"Informacje Firmowe I Regulacyjne"},"content":{"rendered":"\n<p>Uzyskuj\u0105c dost\u0119p do tej strony, akceptujesz, bez ogranicze\u0144 lub zastrze\u017cenia, obowi\u0105zuj\u0105ce przepisy prawne i warunki wyszczeg\u00f3lnione poni\u017cej.<\/p>\n\n\n\n<h6 class=\"wp-block-heading\"><strong>Strona internetowa terazem.eu jest w\u0142asno\u015bci\u0105:<\/strong><br><\/h6>\n\n\n\n<p><\/p>\n\n\n\n<p>Sp\u00f3\u0142ka: TERAZEM<br>SAS z kapita\u0142em 1.000,00 euro<br>RCS Paris B 889 927&nbsp;521<br>TVA FR 68889927521<\/p>\n\n\n\n<p>Adres: 1 rue de Stockholm, 75008 PARIS FRANCE<br>E-mail adres: contact@terazem.eu<br>Numer telefonu: +33 613 080 647<br>Dyrektor publikacji: Thomas Kwak<\/p>\n\n\n\n<hr class=\"wp-block-separator is-style-wide\"\/>\n\n\n\n<h6 class=\"wp-block-heading\"><strong>Strona hostowana:<\/strong><\/h6>\n\n\n\n<p><strong><br><\/strong>Firma: OVH SAS<br>OVH SAS, 2 rue Kellermann \u2013 59100 Roubaix \u2013 France<br>Tel : 0 899 701 761 \u2013 Fax : 03 20 20 09 58<\/p>\n\n\n\n<hr class=\"wp-block-separator is-style-wide\"\/>\n\n\n\n<h6 class=\"wp-block-heading\">Strona stworzona przez:<\/h6>\n\n\n\n<p><br><a rel=\"noreferrer noopener\" href=\"https:\/\/www.empressia.pl\/\" target=\"_blank\">Empressia<br><\/a><a href=\"mailto:biuro@empressia.pl\"><\/a><a href=\"mailto:biuro@empressia.pl\">biuro@empressia.pl<\/a><br>Skalna 20, 60-113 Pozna\u0144 , Polska<\/p>\n\n\n\n<p>W\u0142a\u015bciciel tej strony zastrzega sobie prawo do zmiany jej tre\u015bci w dowolnym czasie i bez powiadomienia. Nie mo\u017ce by\u0107 poci\u0105gni\u0119ty do odpowiedzialno\u015bci za konsekwencje takich zmian. Podobnie zastrzega sobie prawo do przerwania lub zawieszenia ca\u0142o\u015bci lub cz\u0119\u015bci funkcjonalno\u015bci strony w dowolnym czasie i bez powiadomienia.<\/p>\n\n\n\n<hr class=\"wp-block-separator is-style-wide\"\/>\n\n\n\n<h6 class=\"wp-block-heading\"><strong>GDRP-RODO<\/strong><\/h6>\n\n\n\n<p><\/p>\n\n\n\n<p>W ramach dzia\u0142ania swojej strony internetowej Terazem mo\u017ce przetwarza\u0107 dane osobowe. Jako administrator danych Terazem wywi\u0105zuje si\u0119 ze wszystkich zobowi\u0105za\u0144 wynikaj\u0105cych z obowi\u0105zuj\u0105cych przepis\u00f3w. W zwi\u0105zku z tym wdro\u017cy\u0142a polityk\u0119 ochrony danych osobowych.<\/p>\n\n\n\n<hr class=\"wp-block-separator is-style-wide\"\/>\n\n\n\n<div style=\"height:50px\" aria-hidden=\"true\" class=\"wp-block-spacer\"><\/div>\n\n\n\n<p><strong>1. INFORMACJE NA STRONIE<\/strong><\/p>\n\n\n\n<p>W\u0142a\u015bciciel serwisu udost\u0119pnia informacje wy\u0142\u0105cznie w celach informacyjnych. Stara si\u0119 monitorowa\u0107 ich dok\u0142adno\u015b\u0107 i aktualizowa\u0107. Nie gwarantujemy jednak dok\u0142adno\u015bci, precyzji, aktualizacji ani kompletno\u015bci tych informacji.<\/p>\n\n\n\n<p>W konsekwencji i z wyj\u0105tkiem ra\u017c\u0105cego niedbalstwa umy\u015blnego, w\u0142a\u015bciciel strony zrzeka si\u0119 wszelkiej odpowiedzialno\u015bci za jakiekolwiek szkody wynikaj\u0105ce w szczeg\u00f3lno\u015bci z niedok\u0142adno\u015bci informacji dost\u0119pnych na tej stronie lub za jakiekolwiek szkody wynikaj\u0105ce z nieuczciwego w\u0142amania osobom trzecim na tej stronie lub za jakiekolwiek szkody lub wirusy, kt\u00f3re mog\u0105 uszkodzi\u0107 lub sprawi\u0107, \u017ce Tw\u00f3j sprz\u0119t komputerowy stanie si\u0119 bezu\u017cyteczny po wizycie na tej stronie.<\/p>\n\n\n\n<p>W\u0142a\u015bciciel serwisu nie ponosi odpowiedzialno\u015bci za niedost\u0119pno\u015b\u0107 serwisu z jakiegokolwiek powodu.<\/p>\n\n\n\n<p><strong>2. W\u0141ASNO\u015a\u0106 INTELEKTUALNA<\/strong><\/p>\n\n\n\n<p>Wszystkie elementy publikowane na tej stronie, w tym w szczeg\u00f3lno\u015bci teksty, zdj\u0119cia, loga, marki itp. stanowi\u0105 dzie\u0142a intelektualne w rozumieniu Kodeksu W\u0142asno\u015bci Intelektualnej. W zwi\u0105zku z tym wszelkie wykorzystanie w formie reprezentacji, modyfikacji, powielania itp. w ca\u0142o\u015bci lub w cz\u0119\u015bci, kt\u00f3re mog\u0142oby nast\u0105pi\u0107 bez zgody ich autor\u00f3w lub beneficjent\u00f3w, jest niezgodne z prawem.<\/p>\n\n\n\n<p>Ta strona przestrzega praw autorskich. Wszelkie prawa autor\u00f3w chronionych utwor\u00f3w reprodukowanych i publikowanych na tej stronie s\u0105 zastrze\u017cone.<\/p>\n\n\n\n<p><strong>3. LINKI DO INNYCH STRON<\/strong><\/p>\n\n\n\n<p>Ta strona korzysta z plik\u00f3w cookies, czyli plik\u00f3w przechowywanych na Twoim komputerze, umo\u017cliwiaj\u0105cych \u0142atwy dost\u0119p do oferowanych us\u0142ug. W \u017cadnym wypadku pliki cookie na tej stronie nie mog\u0105 by\u0107 wykorzystywane do gromadzenia danych osobowych bez Twojej wyra\u017anej zgody. Informujemy, \u017ce mo\u017cesz sprzeciwi\u0107 si\u0119 rejestracji tych plik\u00f3w cookie, konfiguruj\u0105c sw\u00f3j komputer zgodnie z procedurami opisanymi na stronie: <a href=\"http:\/\/www.cnil.fr\">www.cnil.fr<\/a><\/p>\n\n\n\n<p><strong>4. PRAWO W\u0141A\u015aCIWE<\/strong><\/p>\n\n\n\n<p>Wszelkie trudno\u015bci, roszczenia lub spory wynikaj\u0105ce lub zwi\u0105zane z niniejszymi warunkami u\u017cytkowania podlegaj\u0105 prawu francuskiemu. S\u0105d Gospodarczy w Pary\u017cu b\u0119dzie mia\u0142 wy\u0142\u0105czn\u0105 jurysdykcj\u0119.<\/p>\n\n\n\n<p>W przypadku uznania jednego z niniejszych warunk\u00f3w korzystania za niezgodny z prawem, niewa\u017cno\u015b\u0107 lub niewykonalno\u015b\u0107, na podstawie przepis\u00f3w prawa, rozporz\u0105dzenia lub prawomocnego orzeczenia w\u0142a\u015bciwego s\u0105du, pozosta\u0142e postanowienia pozostaj\u0105 w mocy.<\/p>\n","protected":false},"excerpt":{"rendered":"<p>Uzyskuj\u0105c dost\u0119p do tej strony, akceptujesz, bez ogranicze\u0144 lub zastrze\u017cenia, obowi\u0105zuj\u0105ce przepisy prawne i warunki wyszczeg\u00f3lnione poni\u017cej. Strona internetowa terazem.eu jest w\u0142asno\u015bci\u0105: Sp\u00f3\u0142ka: TERAZEMSAS z kapita\u0142em 1.000,00 euroRCS Paris B 889 927&nbsp;521TVA FR 68889927521 Adres: 1 rue de Stockholm, 75008 PARIS FRANCEE-mail adres: contact@terazem.euNumer telefonu: +33 613 080 647Dyrektor publikacji: Thomas Kwak Strona hostowana: Firma: [&hellip;]<\/p>\n","protected":false},"author":2,"featured_media":1245,"parent":0,"menu_order":0,"comment_status":"closed","ping_status":"closed","template":"page-templates\/content-page.php","meta":{"footnotes":""},"class_list":["post-1244","page","type-page","status-publish","has-post-thumbnail","hentry"],"yoast_head":"<!-- This site is optimized with the Yoast SEO plugin v19.10 - https:\/\/yoast.com\/wordpress\/plugins\/seo\/ -->\n<title>Firma konsultingowa specjalizuj\u0105ca si\u0119 w strategii gospodarczej i nieruchomo\u015bciowej<\/title>\n<meta name=\"description\" content=\"TERAZEM jest niezale\u017cn\u0105 i prywatn\u0105 firm\u0105 konsultingow\u0105 specjalizuj\u0105c\u0105 si\u0119 w strategii gospodarczej i nieruchomo\u015bciowej, kt\u00f3ra oferuje dostosowane do potrzeb rozwi\u0105zania wspieraj\u0105ce terytoria i firmy\" \/>\n<meta name=\"robots\" content=\"noindex, follow\" \/>\n<meta property=\"og:locale\" content=\"pl_PL\" \/>\n<meta property=\"og:type\" content=\"article\" \/>\n<meta property=\"og:title\" content=\"Firma konsultingowa specjalizuj\u0105ca si\u0119 w strategii gospodarczej i nieruchomo\u015bciowej\" \/>\n<meta property=\"og:description\" content=\"TERAZEM jest niezale\u017cn\u0105 i prywatn\u0105 firm\u0105 konsultingow\u0105 specjalizuj\u0105c\u0105 si\u0119 w strategii gospodarczej i nieruchomo\u015bciowej, kt\u00f3ra oferuje dostosowane do potrzeb rozwi\u0105zania wspieraj\u0105ce terytoria i firmy\" \/>\n<meta property=\"og:url\" content=\"https:\/\/terazem.eu\/pl\/informacje-firmowe-i-regulacyjne\/\" \/>\n<meta property=\"og:site_name\" content=\"Terazem to firma konsultingowa specjalizuj\u0105ca si\u0119 w strategii gospodarczej i nieruchomo\u015bciowej kt\u00f3ra \u0142\u0105czy terytoria i firmy\" \/>\n<meta property=\"article:modified_time\" content=\"2022-03-29T16:35:00+00:00\" \/>\n<meta property=\"og:image\" content=\"https:\/\/terazem.eu\/wp-content\/uploads\/2021\/09\/job-offers-background.jpeg\" \/>\n\t<meta property=\"og:image:width\" content=\"1960\" \/>\n\t<meta property=\"og:image:height\" content=\"447\" \/>\n\t<meta property=\"og:image:type\" content=\"image\/jpeg\" \/>\n<meta name=\"twitter:card\" content=\"summary_large_image\" \/>\n<meta name=\"twitter:label1\" content=\"Szacowany czas czytania\" \/>\n\t<meta name=\"twitter:data1\" content=\"3 minuty\" \/>\n<script type=\"application\/ld+json\" class=\"yoast-schema-graph\">{\"@context\":\"https:\/\/schema.org\",\"@graph\":[{\"@type\":\"WebPage\",\"@id\":\"https:\/\/terazem.eu\/pl\/informacje-firmowe-i-regulacyjne\/\",\"url\":\"https:\/\/terazem.eu\/pl\/informacje-firmowe-i-regulacyjne\/\",\"name\":\"Firma konsultingowa specjalizuj\u0105ca si\u0119 w strategii gospodarczej i nieruchomo\u015bciowej\",\"isPartOf\":{\"@id\":\"https:\/\/terazem.eu\/#website\"},\"datePublished\":\"2021-09-03T09:32:36+00:00\",\"dateModified\":\"2022-03-29T16:35:00+00:00\",\"description\":\"TERAZEM jest niezale\u017cn\u0105 i prywatn\u0105 firm\u0105 konsultingow\u0105 specjalizuj\u0105c\u0105 si\u0119 w strategii gospodarczej i nieruchomo\u015bciowej, kt\u00f3ra oferuje dostosowane do potrzeb rozwi\u0105zania wspieraj\u0105ce terytoria i firmy\",\"breadcrumb\":{\"@id\":\"https:\/\/terazem.eu\/pl\/informacje-firmowe-i-regulacyjne\/#breadcrumb\"},\"inLanguage\":\"pl-PL\",\"potentialAction\":[{\"@type\":\"ReadAction\",\"target\":[\"https:\/\/terazem.eu\/pl\/informacje-firmowe-i-regulacyjne\/\"]}]},{\"@type\":\"BreadcrumbList\",\"@id\":\"https:\/\/terazem.eu\/pl\/informacje-firmowe-i-regulacyjne\/#breadcrumb\",\"itemListElement\":[{\"@type\":\"ListItem\",\"position\":1,\"name\":\"Strona g\u0142\u00f3wna\",\"item\":\"https:\/\/terazem.eu\/pl\/\"},{\"@type\":\"ListItem\",\"position\":2,\"name\":\"Informacje Firmowe I Regulacyjne\"}]},{\"@type\":\"WebSite\",\"@id\":\"https:\/\/terazem.eu\/#website\",\"url\":\"https:\/\/terazem.eu\/\",\"name\":\"Terazem to firma konsultingowa specjalizuj\u0105ca si\u0119 w strategii gospodarczej i nieruchomo\u015bciowej kt\u00f3ra \u0142\u0105czy terytoria i firmy\",\"description\":\"Terazem to firma konsultingowa specjalizuj\u0105ca si\u0119 w strategii gospodarczej i nieruchomo\u015bciowej kt\u00f3ra \u0142\u0105czy terytoria i firmy\",\"publisher\":{\"@id\":\"https:\/\/terazem.eu\/#organization\"},\"alternateName\":\"Terazem\",\"potentialAction\":[{\"@type\":\"SearchAction\",\"target\":{\"@type\":\"EntryPoint\",\"urlTemplate\":\"https:\/\/terazem.eu\/?s={search_term_string}\"},\"query-input\":\"required name=search_term_string\"}],\"inLanguage\":\"pl-PL\"},{\"@type\":\"Organization\",\"@id\":\"https:\/\/terazem.eu\/#organization\",\"name\":\"Terazem\",\"alternateName\":\"Terazem\",\"url\":\"https:\/\/terazem.eu\/\",\"logo\":{\"@type\":\"ImageObject\",\"inLanguage\":\"pl-PL\",\"@id\":\"https:\/\/terazem.eu\/#\/schema\/logo\/image\/\",\"url\":\"https:\/\/terazem.eu\/wp-content\/uploads\/2023\/01\/Logo-TERAZEM-1-fond-clair.png\",\"contentUrl\":\"https:\/\/terazem.eu\/wp-content\/uploads\/2023\/01\/Logo-TERAZEM-1-fond-clair.png\",\"width\":499,\"height\":128,\"caption\":\"Terazem\"},\"image\":{\"@id\":\"https:\/\/terazem.eu\/#\/schema\/logo\/image\/\"},\"sameAs\":[\"https:\/\/fr.linkedin.com\/company\/terazem\"]}]}<\/script>\n<!-- \/ Yoast SEO plugin. -->","yoast_head_json":{"title":"Firma konsultingowa specjalizuj\u0105ca si\u0119 w strategii gospodarczej i nieruchomo\u015bciowej","description":"TERAZEM jest niezale\u017cn\u0105 i prywatn\u0105 firm\u0105 konsultingow\u0105 specjalizuj\u0105c\u0105 si\u0119 w strategii gospodarczej i nieruchomo\u015bciowej, kt\u00f3ra oferuje dostosowane do potrzeb rozwi\u0105zania wspieraj\u0105ce terytoria i firmy","robots":{"index":"noindex","follow":"follow"},"og_locale":"pl_PL","og_type":"article","og_title":"Firma konsultingowa specjalizuj\u0105ca si\u0119 w strategii gospodarczej i nieruchomo\u015bciowej","og_description":"TERAZEM jest niezale\u017cn\u0105 i prywatn\u0105 firm\u0105 konsultingow\u0105 specjalizuj\u0105c\u0105 si\u0119 w strategii gospodarczej i nieruchomo\u015bciowej, kt\u00f3ra oferuje dostosowane do potrzeb rozwi\u0105zania wspieraj\u0105ce terytoria i firmy","og_url":"https:\/\/terazem.eu\/pl\/informacje-firmowe-i-regulacyjne\/","og_site_name":"Terazem to firma konsultingowa specjalizuj\u0105ca si\u0119 w strategii gospodarczej i nieruchomo\u015bciowej kt\u00f3ra \u0142\u0105czy terytoria i firmy","article_modified_time":"2022-03-29T16:35:00+00:00","og_image":[{"width":1960,"height":447,"url":"https:\/\/terazem.eu\/wp-content\/uploads\/2021\/09\/job-offers-background.jpeg","type":"image\/jpeg"}],"twitter_card":"summary_large_image","twitter_misc":{"Szacowany czas czytania":"3 minuty"},"schema":{"@context":"https:\/\/schema.org","@graph":[{"@type":"WebPage","@id":"https:\/\/terazem.eu\/pl\/informacje-firmowe-i-regulacyjne\/","url":"https:\/\/terazem.eu\/pl\/informacje-firmowe-i-regulacyjne\/","name":"Firma konsultingowa specjalizuj\u0105ca si\u0119 w strategii gospodarczej i nieruchomo\u015bciowej","isPartOf":{"@id":"https:\/\/terazem.eu\/#website"},"datePublished":"2021-09-03T09:32:36+00:00","dateModified":"2022-03-29T16:35:00+00:00","description":"TERAZEM jest niezale\u017cn\u0105 i prywatn\u0105 firm\u0105 konsultingow\u0105 specjalizuj\u0105c\u0105 si\u0119 w strategii gospodarczej i nieruchomo\u015bciowej, kt\u00f3ra oferuje dostosowane do potrzeb rozwi\u0105zania wspieraj\u0105ce terytoria i firmy","breadcrumb":{"@id":"https:\/\/terazem.eu\/pl\/informacje-firmowe-i-regulacyjne\/#breadcrumb"},"inLanguage":"pl-PL","potentialAction":[{"@type":"ReadAction","target":["https:\/\/terazem.eu\/pl\/informacje-firmowe-i-regulacyjne\/"]}]},{"@type":"BreadcrumbList","@id":"https:\/\/terazem.eu\/pl\/informacje-firmowe-i-regulacyjne\/#breadcrumb","itemListElement":[{"@type":"ListItem","position":1,"name":"Strona g\u0142\u00f3wna","item":"https:\/\/terazem.eu\/pl\/"},{"@type":"ListItem","position":2,"name":"Informacje Firmowe I Regulacyjne"}]},{"@type":"WebSite","@id":"https:\/\/terazem.eu\/#website","url":"https:\/\/terazem.eu\/","name":"Terazem to firma konsultingowa specjalizuj\u0105ca si\u0119 w strategii gospodarczej i nieruchomo\u015bciowej kt\u00f3ra \u0142\u0105czy terytoria i firmy","description":"Terazem to firma konsultingowa specjalizuj\u0105ca si\u0119 w strategii gospodarczej i nieruchomo\u015bciowej kt\u00f3ra \u0142\u0105czy terytoria i firmy","publisher":{"@id":"https:\/\/terazem.eu\/#organization"},"alternateName":"Terazem","potentialAction":[{"@type":"SearchAction","target":{"@type":"EntryPoint","urlTemplate":"https:\/\/terazem.eu\/?s={search_term_string}"},"query-input":"required name=search_term_string"}],"inLanguage":"pl-PL"},{"@type":"Organization","@id":"https:\/\/terazem.eu\/#organization","name":"Terazem","alternateName":"Terazem","url":"https:\/\/terazem.eu\/","logo":{"@type":"ImageObject","inLanguage":"pl-PL","@id":"https:\/\/terazem.eu\/#\/schema\/logo\/image\/","url":"https:\/\/terazem.eu\/wp-content\/uploads\/2023\/01\/Logo-TERAZEM-1-fond-clair.png","contentUrl":"https:\/\/terazem.eu\/wp-content\/uploads\/2023\/01\/Logo-TERAZEM-1-fond-clair.png","width":499,"height":128,"caption":"Terazem"},"image":{"@id":"https:\/\/terazem.eu\/#\/schema\/logo\/image\/"},"sameAs":["https:\/\/fr.linkedin.com\/company\/terazem"]}]}},"_links":{"self":[{"href":"https:\/\/terazem.eu\/pl\/wp-json\/wp\/v2\/pages\/1244","targetHints":{"allow":["GET"]}}],"collection":[{"href":"https:\/\/terazem.eu\/pl\/wp-json\/wp\/v2\/pages"}],"about":[{"href":"https:\/\/terazem.eu\/pl\/wp-json\/wp\/v2\/types\/page"}],"author":[{"embeddable":true,"href":"https:\/\/terazem.eu\/pl\/wp-json\/wp\/v2\/users\/2"}],"replies":[{"embeddable":true,"href":"https:\/\/terazem.eu\/pl\/wp-json\/wp\/v2\/comments?post=1244"}],"version-history":[{"count":22,"href":"https:\/\/terazem.eu\/pl\/wp-json\/wp\/v2\/pages\/1244\/revisions"}],"predecessor-version":[{"id":2120,"href":"https:\/\/terazem.eu\/pl\/wp-json\/wp\/v2\/pages\/1244\/revisions\/2120"}],"wp:featuredmedia":[{"embeddable":true,"href":"https:\/\/terazem.eu\/pl\/wp-json\/wp\/v2\/media\/1245"}],"wp:attachment":[{"href":"https:\/\/terazem.eu\/pl\/wp-json\/wp\/v2\/media?parent=1244"}],"curies":[{"name":"wp","href":"https:\/\/api.w.org\/{rel}","templated":true}]}}