{"id":1193,"date":"2021-09-03T10:24:48","date_gmt":"2021-09-03T08:24:48","guid":{"rendered":"https:\/\/terazem.empressia.dev\/?page_id=1193"},"modified":"2021-10-25T12:13:11","modified_gmt":"2021-10-25T10:13:11","slug":"referencje","status":"publish","type":"page","link":"https:\/\/terazem.eu\/pl\/referencje\/","title":{"rendered":"Referencje"},"content":{"rendered":"<section class=\"header-content-with-list relative section-padding-80\">\n\t<div class=\"container\">\n\t\t<div class=\"flex flex-col\">\n\n\t\t\t\t\t\t\t<p class=\"h5 text-color-main mb-10\">\n\t\t\t\t\tReferencje\n\t\t\t\t<\/p>\n\t\t\t\n\t\t\t\t\t\t\t<h2 class=\"text-color-black\">\n\t\t\t\t\tDla firm i terytori\u00f3w\n\t\t\t\t<\/h2>\n\t\t\t\n\t\t\t\t\t\t\t<p class=\"h5 font-bold mb-10 mt-32\">\n\t\t\t\t\tPracujemy w imieniu podmiot\u00f3w publicznych i prywatnych, aby wspiera\u0107 projekty, kt\u00f3re mog\u0105 integrowa\u0107 wymiar gospodarczy, spo\u0142eczny i\/lub nieruchomo\u015bciowy. \n\t\t\t\t<\/p>\n\t\t\t\n\t\t\t<ul class=\"list-border list-border--light-gray list-border--two-columns header-content-with-list__list grid grid-cols-2 mt-24\">\n\t\t\t\t\t\t\t\t\t<li class=\"col-span-2 lg:col-span-1 header-content-with-list__item mb-16 lg:mr-8 flex flex-col\">\n\t\t\t\t\t\t<p class=\"text-size-large font-bold has-charcoal-800-color mb-10\">\n\t\t\t\t\t\t\tFirm\n\t\t\t\t\t\t<\/p>\n\t\t\t\t\t\t<p class=\"text-size-large has-charcoal-600-color font-semibold\">\n\t\t\t\t\t\t\tNaszymi klientami s\u0105 inwestorzy, innowacyjne start-up, M\u015aP oraz du\u017ce mi\u0119dzynarodowe grupy. \n\t\t\t\t\t\t<\/p>\n\t\t\t\t\t<\/li>\n\t\t\t\t\t\t\t\t\t<li class=\"col-span-2 lg:col-span-1 header-content-with-list__item mb-16 lg:mr-8 flex flex-col\">\n\t\t\t\t\t\t<p class=\"text-size-large font-bold has-charcoal-800-color mb-10\">\n\t\t\t\t\t\t\tTerytori\u00f3w\n\t\t\t\t\t\t<\/p>\n\t\t\t\t\t\t<p class=\"text-size-large has-charcoal-600-color font-semibold\">\n\t\t\t\t\t\t\tNaszymi klientami s\u0105 publiczne zak\u0142ady wsp\u00f3\u0142pracy mi\u0119dzygminnej, izby konsularne, agencje rozwoju gospodarczego oraz agencje promocji na szczeblu lokalnym, krajowym lub mi\u0119dzynarodowym.\n\t\t\t\t\t\t<\/p>\n\t\t\t\t\t<\/li>\n\t\t\t\t\t\t\t<\/ul>\n\n\t\t<\/div>\n\t<\/div>\n<\/section>\n\n\n<section class=\"logo-list\">\n\t<div class=\"container grid md:grid-cols-3 sm:grid-cols-1\">\n\n\t\t<div class=\"col-span-3 sm:mb-4 lg:col-span-1 flex flex-col justify-center items-center lg:items-start\">\n\t\t\t\t\t\t\t<p class=\"h5 text-color-main mb-10\">\n\t\t\t\t\tKto nam\n\t\t\t\t<\/p>\n\t\t\t\n\t\t\t<h2 class=\"text-color-black\">\n\t\t\t\tZaufa\u0142\n\t\t\t<\/h2>\n\t\t<\/div>\n\n\t\t<div class=\"col-span-3 sm:col-span-2 lg:col-span-2 flex justify-between items-center flex-wrap md:mt-0 sm:mt-16\">\n\t\t\t<div class=\"logolist__container swiper-container\">\n\t\t\t\t<div class=\"swiper-wrapper \">\n\t\t\t\t\t\t\t\t\t\t\t<div class=\"swiper-slide\"><img decoding=\"async\" class=\"img-logo  m-5 \" src=\"https:\/\/terazem.eu\/wp-content\/uploads\/2021\/10\/smurfit-kappa-logo.jpg\" alt=\"\"><\/div>\n\t\t\t\t\t\t\t\t\t\t\t<div class=\"swiper-slide\"><img decoding=\"async\" class=\"img-logo  m-5 \" src=\"https:\/\/terazem.eu\/wp-content\/uploads\/2021\/10\/newcold-logo.jpg\" alt=\"\"><\/div>\n\t\t\t\t\t\t\t\t\t\t\t<div class=\"swiper-slide\"><img decoding=\"async\" class=\"img-logo  m-5 \" src=\"https:\/\/terazem.eu\/wp-content\/uploads\/2021\/10\/Beaumont-e1635156305282.png\" alt=\"\"><\/div>\n\t\t\t\t\t\t\t\t\t\t\t<div class=\"swiper-slide\"><img decoding=\"async\" class=\"img-logo  m-5 \" src=\"https:\/\/terazem.eu\/wp-content\/uploads\/2021\/10\/Serpe-groupe-Vf-e1635156110720.jpg\" alt=\"\"><\/div>\n\t\t\t\t\t\t\t\t\t\t\t<div class=\"swiper-slide\"><img decoding=\"async\" class=\"img-logo  m-5 \" src=\"https:\/\/terazem.eu\/wp-content\/uploads\/2021\/10\/CCIFP1.jpg\" alt=\"\"><\/div>\n\t\t\t\t\t\t\t\t\t<\/div>\n\t\t\t<\/div>\n\t\t<\/div>\n\n\t<\/div>\n<\/section>\n\n\n<section class=\"dark-list relative background-charcoal-800 section-padding-80\">\n\t<div class=\"container\">\n\t\t<div class=\"flex flex-col items-center xl:items-start\">\n\t\t\t<p class=\"h5 text-color-main\">\n\t\t\t\tReferencje sektorowe\n\t\t\t<\/p>\n\t\t\t<h2 class=\"text-color-white mb-32 mt-10\">\n\t\t\t\tBran\u017ce przemys\u0142u i us\u0142ug\n\t\t\t<\/h2>\n\t\t<\/div>\n\t\t<ul class=\"grid grid-cols-4 gap-x-24 gap-y-12\">\n\t\t\t\t\t\t\t<li class=\"col-span-4 md:col-span-2 xl:col-span-1 text-size-large font-bold has-charcoal-300-color\">\n\t\t\t\t\tROLNO-SPO\u017bYWCZY\n\t\t\t\t<\/li>\n\t\t\t\t\t\t\t<li class=\"col-span-4 md:col-span-2 xl:col-span-1 text-size-large font-bold has-charcoal-300-color\">\n\t\t\t\t\tOPAKOWANIA\n\t\t\t\t<\/li>\n\t\t\t\t\t\t\t<li class=\"col-span-4 md:col-span-2 xl:col-span-1 text-size-large font-bold has-charcoal-300-color\">\n\t\t\t\t\tLOGISTYKA &#8211; TRANSPORT\n\t\t\t\t<\/li>\n\t\t\t\t\t\t\t<li class=\"col-span-4 md:col-span-2 xl:col-span-1 text-size-large font-bold has-charcoal-300-color\">\n\t\t\t\t\tHANDEL DETALICZNY\n\t\t\t\t<\/li>\n\t\t\t\t\t\t\t<li class=\"col-span-4 md:col-span-2 xl:col-span-1 text-size-large font-bold has-charcoal-300-color\">\n\t\t\t\t\tKOLEJOWA\n\t\t\t\t<\/li>\n\t\t\t\t\t\t\t<li class=\"col-span-4 md:col-span-2 xl:col-span-1 text-size-large font-bold has-charcoal-300-color\">\n\t\t\t\t\tRECYKLING\n\t\t\t\t<\/li>\n\t\t\t\t\t\t\t<li class=\"col-span-4 md:col-span-2 xl:col-span-1 text-size-large font-bold has-charcoal-300-color\">\n\t\t\t\t\tPACKAGING\n\t\t\t\t<\/li>\n\t\t\t\t\t\t\t<li class=\"col-span-4 md:col-span-2 xl:col-span-1 text-size-large font-bold has-charcoal-300-color\">\n\t\t\t\t\tINNOWACJA\n\t\t\t\t<\/li>\n\t\t\t\t\t\t\t<li class=\"col-span-4 md:col-span-2 xl:col-span-1 text-size-large font-bold has-charcoal-300-color\">\n\t\t\t\t\tWOD\u00d3R\n\t\t\t\t<\/li>\n\t\t\t\t\t\t\t<li class=\"col-span-4 md:col-span-2 xl:col-span-1 text-size-large font-bold has-charcoal-300-color\">\n\t\t\t\t\tENERGIA &#8211; BATERIA\n\t\t\t\t<\/li>\n\t\t\t\t\t\t\t<li class=\"col-span-4 md:col-span-2 xl:col-span-1 text-size-large font-bold has-charcoal-300-color\">\n\t\t\t\t\tENERGIA WIATROWA\n\t\t\t\t<\/li>\n\t\t\t\t\t\t\t<li class=\"col-span-4 md:col-span-2 xl:col-span-1 text-size-large font-bold has-charcoal-300-color\">\n\t\t\t\t\tEKOLOGIA\n\t\t\t\t<\/li>\n\t\t\t\t\t\t\t<li class=\"col-span-4 md:col-span-2 xl:col-span-1 text-size-large font-bold has-charcoal-300-color\">\n\t\t\t\t\tLOTNICZA\n\t\t\t\t<\/li>\n\t\t\t\t\t\t\t<li class=\"col-span-4 md:col-span-2 xl:col-span-1 text-size-large font-bold has-charcoal-300-color\">\n\t\t\t\t\tPLASTIK \u2013 GUMA &#8211; KAUCZUK\n\t\t\t\t<\/li>\n\t\t\t\t\t\t\t<li class=\"col-span-4 md:col-span-2 xl:col-span-1 text-size-large font-bold has-charcoal-300-color\">\n\t\t\t\t\tMOTORYZACYJNA\n\t\t\t\t<\/li>\n\t\t\t\t\t\t\t<li class=\"col-span-4 md:col-span-2 xl:col-span-1 text-size-large font-bold has-charcoal-300-color\">\n\t\t\t\t\tELEKTROMOBILNO\u015a\u0106\n\t\t\t\t<\/li>\n\t\t\t\t\t\t\t<li class=\"col-span-4 md:col-span-2 xl:col-span-1 text-size-large font-bold has-charcoal-300-color\">\n\t\t\t\t\tBUDOWNICTWO\n\t\t\t\t<\/li>\n\t\t\t\t\t\t\t<li class=\"col-span-4 md:col-span-2 xl:col-span-1 text-size-large font-bold has-charcoal-300-color\">\n\t\t\t\t\tOBRONA\n\t\t\t\t<\/li>\n\t\t\t\t\t\t\t<li class=\"col-span-4 md:col-span-2 xl:col-span-1 text-size-large font-bold has-charcoal-300-color\">\n\t\t\t\t\tELEKTRONIKA\n\t\t\t\t<\/li>\n\t\t\t\t\t\t\t<li class=\"col-span-4 md:col-span-2 xl:col-span-1 text-size-large font-bold has-charcoal-300-color\">\n\t\t\t\t\tCHEMICZNA I FARMACEUTYCZNA\n\t\t\t\t<\/li>\n\t\t\t\t\t<\/ul>\n\t<\/div>\n<\/section>\n","protected":false},"excerpt":{"rendered":"","protected":false},"author":2,"featured_media":0,"parent":0,"menu_order":0,"comment_status":"closed","ping_status":"closed","template":"page-templates\/references.php","meta":{"footnotes":""},"class_list":["post-1193","page","type-page","status-publish","hentry"],"yoast_head":"<!-- This site is optimized with the Yoast SEO plugin v19.10 - https:\/\/yoast.com\/wordpress\/plugins\/seo\/ -->\n<title>Firma konsultingowa specjalizuj\u0105ca si\u0119 w strategii gospodarczej i nieruchomo\u015bciowej<\/title>\n<meta name=\"description\" content=\"TERAZEM jest niezale\u017cn\u0105 i prywatn\u0105 firm\u0105 konsultingow\u0105 specjalizuj\u0105c\u0105 si\u0119 w strategii gospodarczej i nieruchomo\u015bciowej, kt\u00f3ra oferuje dostosowane do potrzeb rozwi\u0105zania wspieraj\u0105ce terytoria i firmy\" \/>\n<meta name=\"robots\" content=\"noindex, follow\" \/>\n<meta property=\"og:locale\" content=\"pl_PL\" \/>\n<meta property=\"og:type\" content=\"article\" \/>\n<meta property=\"og:title\" content=\"Firma konsultingowa specjalizuj\u0105ca si\u0119 w strategii gospodarczej i nieruchomo\u015bciowej\" \/>\n<meta property=\"og:description\" content=\"TERAZEM jest niezale\u017cn\u0105 i prywatn\u0105 firm\u0105 konsultingow\u0105 specjalizuj\u0105c\u0105 si\u0119 w strategii gospodarczej i nieruchomo\u015bciowej, kt\u00f3ra oferuje dostosowane do potrzeb rozwi\u0105zania wspieraj\u0105ce terytoria i firmy\" \/>\n<meta property=\"og:url\" content=\"https:\/\/terazem.eu\/pl\/referencje\/\" \/>\n<meta property=\"og:site_name\" content=\"Terazem to firma konsultingowa specjalizuj\u0105ca si\u0119 w strategii gospodarczej i nieruchomo\u015bciowej kt\u00f3ra \u0142\u0105czy terytoria i firmy\" \/>\n<meta property=\"article:modified_time\" content=\"2021-10-25T10:13:11+00:00\" \/>\n<meta name=\"twitter:card\" content=\"summary_large_image\" \/>\n<script type=\"application\/ld+json\" class=\"yoast-schema-graph\">{\"@context\":\"https:\/\/schema.org\",\"@graph\":[{\"@type\":\"WebPage\",\"@id\":\"https:\/\/terazem.eu\/pl\/referencje\/\",\"url\":\"https:\/\/terazem.eu\/pl\/referencje\/\",\"name\":\"Firma konsultingowa specjalizuj\u0105ca si\u0119 w strategii gospodarczej i nieruchomo\u015bciowej\",\"isPartOf\":{\"@id\":\"https:\/\/terazem.eu\/#website\"},\"datePublished\":\"2021-09-03T08:24:48+00:00\",\"dateModified\":\"2021-10-25T10:13:11+00:00\",\"description\":\"TERAZEM jest niezale\u017cn\u0105 i prywatn\u0105 firm\u0105 konsultingow\u0105 specjalizuj\u0105c\u0105 si\u0119 w strategii gospodarczej i nieruchomo\u015bciowej, kt\u00f3ra oferuje dostosowane do potrzeb rozwi\u0105zania wspieraj\u0105ce terytoria i firmy\",\"breadcrumb\":{\"@id\":\"https:\/\/terazem.eu\/pl\/referencje\/#breadcrumb\"},\"inLanguage\":\"pl-PL\",\"potentialAction\":[{\"@type\":\"ReadAction\",\"target\":[\"https:\/\/terazem.eu\/pl\/referencje\/\"]}]},{\"@type\":\"BreadcrumbList\",\"@id\":\"https:\/\/terazem.eu\/pl\/referencje\/#breadcrumb\",\"itemListElement\":[{\"@type\":\"ListItem\",\"position\":1,\"name\":\"Strona g\u0142\u00f3wna\",\"item\":\"https:\/\/terazem.eu\/pl\/\"},{\"@type\":\"ListItem\",\"position\":2,\"name\":\"Referencje\"}]},{\"@type\":\"WebSite\",\"@id\":\"https:\/\/terazem.eu\/#website\",\"url\":\"https:\/\/terazem.eu\/\",\"name\":\"Terazem to firma konsultingowa specjalizuj\u0105ca si\u0119 w strategii gospodarczej i nieruchomo\u015bciowej kt\u00f3ra \u0142\u0105czy terytoria i firmy\",\"description\":\"Terazem to firma konsultingowa specjalizuj\u0105ca si\u0119 w strategii gospodarczej i nieruchomo\u015bciowej kt\u00f3ra \u0142\u0105czy terytoria i firmy\",\"publisher\":{\"@id\":\"https:\/\/terazem.eu\/#organization\"},\"alternateName\":\"Terazem\",\"potentialAction\":[{\"@type\":\"SearchAction\",\"target\":{\"@type\":\"EntryPoint\",\"urlTemplate\":\"https:\/\/terazem.eu\/?s={search_term_string}\"},\"query-input\":\"required name=search_term_string\"}],\"inLanguage\":\"pl-PL\"},{\"@type\":\"Organization\",\"@id\":\"https:\/\/terazem.eu\/#organization\",\"name\":\"Terazem\",\"alternateName\":\"Terazem\",\"url\":\"https:\/\/terazem.eu\/\",\"logo\":{\"@type\":\"ImageObject\",\"inLanguage\":\"pl-PL\",\"@id\":\"https:\/\/terazem.eu\/#\/schema\/logo\/image\/\",\"url\":\"https:\/\/terazem.eu\/wp-content\/uploads\/2023\/01\/Logo-TERAZEM-1-fond-clair.png\",\"contentUrl\":\"https:\/\/terazem.eu\/wp-content\/uploads\/2023\/01\/Logo-TERAZEM-1-fond-clair.png\",\"width\":499,\"height\":128,\"caption\":\"Terazem\"},\"image\":{\"@id\":\"https:\/\/terazem.eu\/#\/schema\/logo\/image\/\"},\"sameAs\":[\"https:\/\/fr.linkedin.com\/company\/terazem\"]}]}<\/script>\n<!-- \/ Yoast SEO plugin. -->","yoast_head_json":{"title":"Firma konsultingowa specjalizuj\u0105ca si\u0119 w strategii gospodarczej i nieruchomo\u015bciowej","description":"TERAZEM jest niezale\u017cn\u0105 i prywatn\u0105 firm\u0105 konsultingow\u0105 specjalizuj\u0105c\u0105 si\u0119 w strategii gospodarczej i nieruchomo\u015bciowej, kt\u00f3ra oferuje dostosowane do potrzeb rozwi\u0105zania wspieraj\u0105ce terytoria i firmy","robots":{"index":"noindex","follow":"follow"},"og_locale":"pl_PL","og_type":"article","og_title":"Firma konsultingowa specjalizuj\u0105ca si\u0119 w strategii gospodarczej i nieruchomo\u015bciowej","og_description":"TERAZEM jest niezale\u017cn\u0105 i prywatn\u0105 firm\u0105 konsultingow\u0105 specjalizuj\u0105c\u0105 si\u0119 w strategii gospodarczej i nieruchomo\u015bciowej, kt\u00f3ra oferuje dostosowane do potrzeb rozwi\u0105zania wspieraj\u0105ce terytoria i firmy","og_url":"https:\/\/terazem.eu\/pl\/referencje\/","og_site_name":"Terazem to firma konsultingowa specjalizuj\u0105ca si\u0119 w strategii gospodarczej i nieruchomo\u015bciowej kt\u00f3ra \u0142\u0105czy terytoria i firmy","article_modified_time":"2021-10-25T10:13:11+00:00","twitter_card":"summary_large_image","schema":{"@context":"https:\/\/schema.org","@graph":[{"@type":"WebPage","@id":"https:\/\/terazem.eu\/pl\/referencje\/","url":"https:\/\/terazem.eu\/pl\/referencje\/","name":"Firma konsultingowa specjalizuj\u0105ca si\u0119 w strategii gospodarczej i nieruchomo\u015bciowej","isPartOf":{"@id":"https:\/\/terazem.eu\/#website"},"datePublished":"2021-09-03T08:24:48+00:00","dateModified":"2021-10-25T10:13:11+00:00","description":"TERAZEM jest niezale\u017cn\u0105 i prywatn\u0105 firm\u0105 konsultingow\u0105 specjalizuj\u0105c\u0105 si\u0119 w strategii gospodarczej i nieruchomo\u015bciowej, kt\u00f3ra oferuje dostosowane do potrzeb rozwi\u0105zania wspieraj\u0105ce terytoria i firmy","breadcrumb":{"@id":"https:\/\/terazem.eu\/pl\/referencje\/#breadcrumb"},"inLanguage":"pl-PL","potentialAction":[{"@type":"ReadAction","target":["https:\/\/terazem.eu\/pl\/referencje\/"]}]},{"@type":"BreadcrumbList","@id":"https:\/\/terazem.eu\/pl\/referencje\/#breadcrumb","itemListElement":[{"@type":"ListItem","position":1,"name":"Strona g\u0142\u00f3wna","item":"https:\/\/terazem.eu\/pl\/"},{"@type":"ListItem","position":2,"name":"Referencje"}]},{"@type":"WebSite","@id":"https:\/\/terazem.eu\/#website","url":"https:\/\/terazem.eu\/","name":"Terazem to firma konsultingowa specjalizuj\u0105ca si\u0119 w strategii gospodarczej i nieruchomo\u015bciowej kt\u00f3ra \u0142\u0105czy terytoria i firmy","description":"Terazem to firma konsultingowa specjalizuj\u0105ca si\u0119 w strategii gospodarczej i nieruchomo\u015bciowej kt\u00f3ra \u0142\u0105czy terytoria i firmy","publisher":{"@id":"https:\/\/terazem.eu\/#organization"},"alternateName":"Terazem","potentialAction":[{"@type":"SearchAction","target":{"@type":"EntryPoint","urlTemplate":"https:\/\/terazem.eu\/?s={search_term_string}"},"query-input":"required name=search_term_string"}],"inLanguage":"pl-PL"},{"@type":"Organization","@id":"https:\/\/terazem.eu\/#organization","name":"Terazem","alternateName":"Terazem","url":"https:\/\/terazem.eu\/","logo":{"@type":"ImageObject","inLanguage":"pl-PL","@id":"https:\/\/terazem.eu\/#\/schema\/logo\/image\/","url":"https:\/\/terazem.eu\/wp-content\/uploads\/2023\/01\/Logo-TERAZEM-1-fond-clair.png","contentUrl":"https:\/\/terazem.eu\/wp-content\/uploads\/2023\/01\/Logo-TERAZEM-1-fond-clair.png","width":499,"height":128,"caption":"Terazem"},"image":{"@id":"https:\/\/terazem.eu\/#\/schema\/logo\/image\/"},"sameAs":["https:\/\/fr.linkedin.com\/company\/terazem"]}]}},"_links":{"self":[{"href":"https:\/\/terazem.eu\/pl\/wp-json\/wp\/v2\/pages\/1193","targetHints":{"allow":["GET"]}}],"collection":[{"href":"https:\/\/terazem.eu\/pl\/wp-json\/wp\/v2\/pages"}],"about":[{"href":"https:\/\/terazem.eu\/pl\/wp-json\/wp\/v2\/types\/page"}],"author":[{"embeddable":true,"href":"https:\/\/terazem.eu\/pl\/wp-json\/wp\/v2\/users\/2"}],"replies":[{"embeddable":true,"href":"https:\/\/terazem.eu\/pl\/wp-json\/wp\/v2\/comments?post=1193"}],"version-history":[{"count":29,"href":"https:\/\/terazem.eu\/pl\/wp-json\/wp\/v2\/pages\/1193\/revisions"}],"predecessor-version":[{"id":2073,"href":"https:\/\/terazem.eu\/pl\/wp-json\/wp\/v2\/pages\/1193\/revisions\/2073"}],"wp:attachment":[{"href":"https:\/\/terazem.eu\/pl\/wp-json\/wp\/v2\/media?parent=1193"}],"curies":[{"name":"wp","href":"https:\/\/api.w.org\/{rel}","templated":true}]}}