{"id":1183,"date":"2021-09-03T10:14:59","date_gmt":"2021-09-03T08:14:59","guid":{"rendered":"https:\/\/terazem.empressia.dev\/?page_id=1183"},"modified":"2021-09-10T10:11:53","modified_gmt":"2021-09-10T08:11:53","slug":"rozwiazania-dla-firm","status":"publish","type":"page","link":"https:\/\/terazem.eu\/pl\/rozwiazania-dla-firm\/","title":{"rendered":"Rozwi\u0105zania dla firm"},"content":{"rendered":"<section class=\"content-with-image relative section-padding-80 overflow-hidden\">\n\t<div class=\"container--big relative parallax parallax--big grid grid-cols-3\">\n\t\t<div class=\"col-span-1\">\n\t\t\t<div class=\"parallax__line\"><\/div>\n\t\t<\/div>\n\t\t<div class=\"col-span-1\">\n\t\t\t<div class=\"parallax__line\"><\/div>\n\t\t<\/div>\n\t\t<div class=\"col-span-1\">\n\t\t\t<div class=\"parallax__line parallax__line--right\"><\/div>\n\t\t<\/div>\n\t<\/div>\n\n\t<div class=\"container\">\n\t\t<div class=\"flex flex-col\">\n\n\t\t\t\t\t\t\t<p class=\"h5 text-color-main md:mb-10 sm:mb-5\">\n\t\t\t\t\tRozwi\u0105zania dla\n\t\t\t\t<\/p>\n\t\t\t\n\t\t\t\t\t\t\t<h2 class=\"md:mb-24 sm:mb-16\">\n\t\t\t\t\tFirm\n\t\t\t\t<\/h2>\n\t\t\t\n\t\t\t\t\t\t\t<p class=\"h5 md:mb-40 sm:mb-20\">\n\t\t\t\t\tTERAZEM jest firm\u0105 doradcz\u0105 w zakresie strategii gospodarczych, kt\u00f3ra pozycjonuje si\u0119 jako partner firm, aby tworzy\u0107 rozwi\u0105zania kt\u00f3re odpowiedz\u0105 wyzwaniom rozwoju i reorganizacji dzia\u0142alno\u015bci.\n\t\t\t\t<\/p>\n\t\t\t\n\t\t<\/div>\n\t<\/div>\n\n\t\t\t<img decoding=\"async\" src=\"https:\/\/terazem.eu\/wp-content\/uploads\/2021\/08\/enterprise-background.jpg\" alt=\"\" class=\"content-with-image__image w-full object-cover\">\n\t\t<div class=\"\">\n\t\t<div class=\"container relative\">\n\t\t\t<div class=\"grid grid-cols-2 md:gap-32 sm:gap-24\">\n\n\t\t\t\t<div class=\"col-span-2 lg:col-span-1\">\n\t\t\t\t\t\n\t\t\t\t\t\t\t\t\t<\/div>\n\n\t\t\t\t<div class=\"col-span-2 lg:col-span-1\">\n\t\t\t\t\t\n\t\t\t\t\t\t\t\t\t<\/div>\n\n\t\t\t<\/div>\n\t\t<\/div>\n\t<\/div>\n<\/section>\n\n\n<section class=\"content-with-sticky-image relative \">\n\t<div class=\"container\">\n\t\t<div class=\"flex flex-col\">\n\n\t\t\t<h2 class=\"mb-16\">\n\t\t\t\tRozw\u00f3j Biznesu \n\t\t\t<\/h2>\n\n\t\t\t\t\t\t\t<p class=\"heading-subtitle has-main-color font-bold mb-32\">\n\t\t\t\t\tNASZA METODA ZDECYDOWANIE TOWARZYSZY W REALIZACJI PROJEKT\u00d3W ROZWOJOWYCH\n\t\t\t\t<\/p>\n\t\t\t\n\t\t\t\t\t\t\t<p class=\"text-size-large font-bold has-charcoal-600-color mb-32\">\n\t\t\t\t\tPrzeprowadzamy badania rynk\u00f3w krajowych i\/lub mi\u0119dzynarodowych, na kt\u00f3rych dzia\u0142asz, oraz wdra\u017camy dzia\u0142ania pozwalaj\u0105ce urzeczywistni\u0107 Tw\u00f3j projekt i wykorzysta\u0107 nadarzaj\u0105ce si\u0119 okazje rynkowe. Nasza metoda dostarcza danych, prognozy gospodarcze &#8211; nieruchomo\u015bciowe &#8211; spo\u0142eczne oraz precyzyjnych informacji odpowiadaj\u0105cych na Twoje pytania w ramach podejmowania decyzji strategicznych.\n\t\t\t\t<\/p>\n\t\t\t\n\t\t<\/div>\n\t<\/div>\n\t<div class=\"container\">\n\t\t<div class=\"grid grid-cols-2 gap-32\">\n\t\t\t<div class=\"col-span-2 lg:col-span-1\">\n\t\t\t\t<div class=\"content-with-sticky-image__image relative\">\n\t\t\t\t\t<img decoding=\"async\" src=\"https:\/\/terazem.eu\/wp-content\/uploads\/2021\/08\/enterprise-nos-champs-background.jpeg\" alt=\"\">\n\t\t\t\t\t<p class=\"h2 has-white-color absolute z-10 container-margin--left\">\n\t\t\t\t\t\tNasze us\u0142ugi\n\t\t\t\t\t<\/p>\n\t\t\t\t<\/div>\n\t\t\t<\/div>\n\n\n\t\t\t<div class=\"col-span-2 lg:col-span-1\">\n\t\t\t\t\n\t\t\t\t\t\t\t\t\t\t\t<p class=\"title-img h5 mt-32 mb-16\">\n\t\t\t\t\t\t\tAnalityka biznesowa \n\t\t\t\t\t\t<\/p>\n\t\t\t\t\t\n\t\t\t\t\t\t\t\t\t\t\t<ul class=\"list-border list-border--light-gray\">\n\t\t\t\t\t\t\t<li class=\"text-size-large font-bold has-charcoal-600-color mb-20\">\n\t\t\t\t\t\t\t\tWprowadzamy strategi\u0119 analizy danych w celu wykrywania mo\u017cliwo\u015bci i przewidywania zagro\u017ce\u0144 na Twoim rynku gospodarczym\n\t\t\t\t\t\t\t<\/li>\n\t\t\t\t\t\t<\/ul>\n\t\t\t\t\t\n\n\t\t\t\t\t\t\t\t\t\t\t<p class=\"text-size-large font-normal has-charcoal-600-color mt-12\">\n\t\t\t\t\t\t\tNasze osi\u0105gni\u0119cia pozwalaj\u0105 dostarcza\u0107 kwalifikowane prognozy trend\u00f3w rynkowych, prognozy w zakresie rydzyk\u00f3w sektorowych (dostawy surowc\u00f3w, kwestie pracownicze itp.), mapy podmiot\u00f3w gospodarczych (klient\u00f3w, dostawc\u00f3w, podwykonawc\u00f3w, partner\u00f3w, konkurent\u00f3w itp.) na skal\u0119 lokaln\u0105, krajow\u0105 lub mi\u0119dzynarodow\u0105. \n\t\t\t\t\t\t<\/p>\n\t\t\t\t\t\n\t\t\t\t\n\t\t\t\t\t\t\t\t\t\t\t<p class=\"title-img h5 mt-32 mb-16\">\n\t\t\t\t\t\t\tStrategie rozwoju\n\t\t\t\t\t\t<\/p>\n\t\t\t\t\t\n\t\t\t\t\t\t\t\t\t\t\t<ul class=\"list-border list-border--light-gray\">\n\t\t\t\t\t\t\t<li class=\"text-size-large font-bold has-charcoal-600-color mb-20\">\n\t\t\t\t\t\t\t\tWspieramy rozw\u00f3j Twojej dzia\u0142alno\u015bci , ustanawiaj\u0105c dzia\u0142ania waliduj\u0105ce i u\u0142atwiaj\u0105ce Twoje strategiczne projekty \n\t\t\t\t\t\t\t<\/li>\n\t\t\t\t\t\t<\/ul>\n\t\t\t\t\t\n\n\t\t\t\t\t\t\t\t\t\t\t<p class=\"text-size-large font-normal has-charcoal-600-color mt-12\">\n\t\t\t\t\t\t\tPrzeprowadzamy analizy czynnik\u00f3w wzrostu gospodarczych na rynkach mi\u0119dzynarodowych oraz ryzyka zwi\u0105zanego z powstawaniem nowej lokalizacji\/ nowej dzia\u0142alno\u015bci. Nasze dzia\u0142ania pozwalaj\u0105 na zebranie informacji technicznych i opracowanie strategii penetracji nowego rynku gospodarczego, rozwoju sieci partnerskiej (publiczne instytucje lub prywatne firmy), identyfikacji klient\u00f3w-partner\u00f3w lub wzrost zewn\u0119trzny\/ fuzje i przej\u0119cia.\n\t\t\t\t\t\t<\/p>\n\t\t\t\t\t\n\t\t\t\t\n\t\t\t\t\t\t\t\t\t\t\t<p class=\"title-img h5 mt-32 mb-16\">\n\t\t\t\t\t\t\tWsparcie w procesie lokalizacyjnym\n\t\t\t\t\t\t<\/p>\n\t\t\t\t\t\n\t\t\t\t\t\t\t\t\t\t\t<ul class=\"list-border list-border--light-gray\">\n\t\t\t\t\t\t\t<li class=\"text-size-large font-bold has-charcoal-600-color mb-20\">\n\t\t\t\t\t\t\t\tWspieramy Ci\u0119 w przeprowadzeniu procesu lokalizacyjnego i w wyboru odpowiedniej lokalizacji pod inwestycj\u0119 zgodnie z Twoimi dzia\u0142aniami i wyzwaniami Twojego projektu\n\t\t\t\t\t\t\t<\/li>\n\t\t\t\t\t\t<\/ul>\n\t\t\t\t\t\n\n\t\t\t\t\t\t\t\t\t\t\t<p class=\"text-size-large font-normal has-charcoal-600-color mt-12\">\n\t\t\t\t\t\t\tNasze wsparcie polega na walidacji Twoich wybor\u00f3w pod wzgl\u0119dem terytorium i ekosystemu poprzez ograniczenie ryzyka zwi\u0105zanego z Twoj\u0105 przysz\u0142\u0105 dzia\u0142alno\u015bci\u0105. Analizujemy wielu aspekt\u00f3w Twojej inwestycji, aby zagwarantowa\u0107 wyb\u00f3r lokalizacji zgodnej z Twoj\u0105 strategi\u0105 rozwoju i specyfikacj\u0105 projektu (finanse, nieruchomo\u015bci, infrastruktura, zatrudnienie, dost\u0119p do surowc\u00f3w, zbli\u017cenie do klient\u00f3w \u2013 partner\u00f3w &#8211; poddostawc\u00f3w itp.).\n\t\t\t\t\t\t<\/p>\n\t\t\t\t\t\n\t\t\t\t\t\t\t<\/div>\n\n\t\t<\/div>\n\t<\/div>\n<\/section>\n\n\n<section class=\"dark-content-with-link relative background-charcoal-800 section-padding-80\">\n\t<div class=\"container grid grid-cols-5 gap-x-14\">\n\t\t<div class=\"flex flex-col items-center xl:items-start col-span-5 xl:col-span-1\">\n\t\t\t<p class=\"h5 text-color-main\">\n\t\t\t\tRozwi\u0105zanie\n\t\t\t<\/p>\n\t\t\t<h2 class=\"text-color-white\">\n\t\t\t\tEurazem\n\t\t\t<\/h2>\n\t\t<\/div>\n\n\t\t<div class=\"col-span-5 xl:col-span-3 flex items-center mt-5 mb-5\">\n\t\t\t<p class=\"dark-content-with-link__desc text-center xl:text-left text-size-large text-color-white mt-4 mb-4 font-semibold\">\n\t\t\t\tOdkryj rozwi\u0105zanie Eurazem, aby nabywa\u0107 i sprzedawa\u0107 nieruchomo\u015bci lub identyfikowa\u0107 mo\u017cliwo\u015bci inwestycyjne na terytori\u00f3w \n\t\t\t<\/p>\n\t\t<\/div>\n\t\t<div class=\"col-span-5 xl:col-span-1 flex items-center justify-center xl:justify-end\">\n\t\t\t\t\t<\/div>\n\t<\/div>\n<\/section>\n\n\n<section class=\"content-with-sticky-image relative section-padding-80\">\n\t<div class=\"container\">\n\t\t<div class=\"flex flex-col\">\n\n\t\t\t<h2 class=\"mb-16\">\n\t\t\t\tRestrukturyzacja  i reorganizacja  dzia\u0142alno\u015bci\n\t\t\t<\/h2>\n\n\t\t\t\t\t\t\t<p class=\"heading-subtitle has-main-color font-bold mb-32\">\n\t\t\t\t\tNASZA METODA JEST SZCZEG\u00d3LNIE UKIERUNKOWANA NA IDENTYFIKACJ\u0118 ROZWI\u0104ZA\u0143\n\t\t\t\t<\/p>\n\t\t\t\n\t\t\t\t\t\t\t<p class=\"text-size-large font-bold has-charcoal-600-color mb-32\">\n\t\t\t\t\tOpracowujemy strategie identyfikacji nabywc\u00f3w opieraj\u0105c si\u0119 na wiedz\u0119 i monitorowanie sektor\u00f3w gospodarczych oraz rozwoju gospodarczego region\u00f3w. Budujemy ofert\u0119 przej\u0119cia w oparciu o analiz\u0119 wed\u0142ug kilku kryteri\u00f3w, takich jak aktywa\/nieruchomo\u015b\u0107, kompetencje\/know-how w przypadku mo\u017cliwo\u015bci przej\u0119cia pracownik\u00f3w, dynamika gospodarcza terytorium oraz wsparcie finansowe publiczne i prywatne. Promujemy t\u0119 ofert\u0119 do grupy docelowej firm i inwestor\u00f3w wybranych wed\u0142ug naszych narz\u0119dzi monitoruj\u0105cych, analiz finansowych i naszego portfolio kontakt\u00f3w.\n\t\t\t\t<\/p>\n\t\t\t\n\t\t<\/div>\n\t<\/div>\n\t<div class=\"container\">\n\t\t<div class=\"grid grid-cols-2 gap-32\">\n\t\t\t<div class=\"col-span-2 lg:col-span-1\">\n\t\t\t\t<div class=\"content-with-sticky-image__image relative\">\n\t\t\t\t\t<img decoding=\"async\" src=\"https:\/\/terazem.eu\/wp-content\/uploads\/2021\/08\/enterprise-restrucration-background.jpeg\" alt=\"\">\n\t\t\t\t\t<p class=\"h2 has-white-color absolute z-10 container-margin--left\">\n\t\t\t\t\t\tNasze us\u0142ugi\n\t\t\t\t\t<\/p>\n\t\t\t\t<\/div>\n\t\t\t<\/div>\n\n\n\t\t\t<div class=\"col-span-2 lg:col-span-1\">\n\t\t\t\t\n\t\t\t\t\t\t\t\t\t\t\t<p class=\"title-img h5 mt-32 mb-16\">\n\t\t\t\t\t\t\tIdentyfikacja nabywc\u00f3w\n\t\t\t\t\t\t<\/p>\n\t\t\t\t\t\n\t\t\t\t\t\t\t\t\t\t\t<ul class=\"list-border list-border--light-gray\">\n\t\t\t\t\t\t\t<li class=\"text-size-large font-bold has-charcoal-600-color mb-20\">\n\t\t\t\t\t\t\t\tWspieramy Ci\u0119 i opracowujemy proces identyfikacji nabywc\u00f3w w ramach zamkni\u0119cia Twojego obiektu przemys\u0142owego \/ logistycznego\n\t\t\t\t\t\t\t<\/li>\n\t\t\t\t\t\t<\/ul>\n\t\t\t\t\t\n\n\t\t\t\t\t\t\t\t\t\t\t<p class=\"text-size-large font-normal has-charcoal-600-color mt-12\">\n\t\t\t\t\t\t\tNasze dzia\u0142ania opieraj\u0105 si\u0119 na identyfikacj\u0119 nabywc\u00f3w w kontek\u015bcie restrukturyzacji, trudno\u015bci finansowych. Nasi eksperci s\u0105 zmobilizowani, aby zidentyfikowa\u0107 rozwi\u0105zania, kt\u00f3re spe\u0142ni\u0105 Twoje ekonomiczne, prawne i spo\u0142eczne wyzwania. Zapewniamy komunikacj\u0119 z lokalnymi podmiotami gospodarczymi i partnerami spo\u0142ecznymi. \n\t\t\t\t\t\t<\/p>\n\t\t\t\t\t\n\t\t\t\t\n\t\t\t\t\t\t\t\t\t\t\t<p class=\"title-img h5 mt-32 mb-16\">\n\t\t\t\t\t\t\tSprzeda\u017c aktyw\u00f3w niestrategicznych\n\t\t\t\t\t\t<\/p>\n\t\t\t\t\t\n\t\t\t\t\t\t\t\t\t\t\t<ul class=\"list-border list-border--light-gray\">\n\t\t\t\t\t\t\t<li class=\"text-size-large font-bold has-charcoal-600-color mb-20\">\n\t\t\t\t\t\t\t\tWspieramy Ci\u0119 w kontek\u015bcie Twoich strategicznych orientacji, wyzwa\u0144 ekonomicznych i reorientacji Twoich dzia\u0142alno\u015bci\n\t\t\t\t\t\t\t<\/li>\n\t\t\t\t\t\t<\/ul>\n\t\t\t\t\t\n\n\t\t\t\t\t\t\t\t\t\t\t<p class=\"text-size-large font-normal has-charcoal-600-color mt-12\">\n\t\t\t\t\t\t\tOpieramy si\u0119 na naszej ekspertyzie sektorowej \u2013 ekonomicznej \u2013 M&#038;A (fuzje i przej\u0119cia) w kontek\u015bcie sprzeda\u017cy aktyw\u00f3w uznanych za niestrategiczne dla Twojej firmy. Przeprowadzamy analiz\u0119 aktyw\u00f3w\/dzia\u0142alno\u015bci, kt\u00f3ra ma zosta\u0107 sprzedana, w celu zidentyfikowania sektor\u00f3w i firm, krajowych i \/ lub mi\u0119dzynarodowych, kt\u00f3re mog\u0105 by\u0107 zainteresowane odzyskaniem Twoich aktyw\u00f3w. \n\t\t\t\t\t\t<\/p>\n\t\t\t\t\t\n\t\t\t\t\n\t\t\t\t\t\t\t\t\t\t\t<p class=\"title-img h5 mt-32 mb-16\">\n\t\t\t\t\t\t\tReindustrializacja obiekt\u00f3w przemys\u0142owych i logistycznych \n\t\t\t\t\t\t<\/p>\n\t\t\t\t\t\n\t\t\t\t\t\t\t\t\t\t\t<ul class=\"list-border list-border--light-gray\">\n\t\t\t\t\t\t\t<li class=\"text-size-large font-bold has-charcoal-600-color mb-20\">\n\t\t\t\t\t\t\t\tBudujemy strategi\u0119 poszukiwania nabywc\u00f3w i wdra\u017cania nowych dzia\u0142alno\u015bci na Twoim obiekcie gospodarczym zgodnie z jego potencja\u0142em i lokaln\u0105 dynamik\u0105 gospodarcz\u0105 terytorium. \n\t\t\t\t\t\t\t<\/li>\n\t\t\t\t\t\t<\/ul>\n\t\t\t\t\t\n\n\t\t\t\t\t\t\t\t\t\t\t<p class=\"text-size-large font-normal has-charcoal-600-color mt-12\">\n\t\t\t\t\t\t\tNasz zesp\u00f3\u0142 przeprowadza wszystkie dzia\u0142ania w celu ustalenia wiarygodnych scenariuszy rekonwersji dla Twojego obiektu gospodarczego (zak\u0142ady produkcji \u2013 magazyny &#8211; dzia\u0142ki przemys\u0142owe \u2013 biura) i zapewnienia jego promocje w\u015br\u00f3d docelowych firm i lokalnych podmiot\u00f3w gospodarczych. Wspieramy Ci\u0119 r\u00f3wnie\u017c we wszystkich procedurach administracyjnych i regulacyjnych dotycz\u0105cych Twojej nieruchomo\u015bci (diagnostyka \u2013 audyt) za po\u015brednictwem naszych partner\u00f3w oraz w negocjacjach dotycz\u0105cych sprzeda\u017cy\/wynajmu.\n\t\t\t\t\t\t<\/p>\n\t\t\t\t\t\n\t\t\t\t\t\t\t<\/div>\n\n\t\t<\/div>\n\t<\/div>\n<\/section>\n","protected":false},"excerpt":{"rendered":"","protected":false},"author":2,"featured_media":0,"parent":0,"menu_order":0,"comment_status":"closed","ping_status":"closed","template":"","meta":{"footnotes":""},"class_list":["post-1183","page","type-page","status-publish","hentry"],"yoast_head":"<!-- This site is optimized with the Yoast SEO plugin v19.10 - https:\/\/yoast.com\/wordpress\/plugins\/seo\/ -->\n<title>Firma konsultingowa specjalizuj\u0105ca si\u0119 w strategii gospodarczej i nieruchomo\u015bciowej<\/title>\n<meta name=\"description\" content=\"TERAZEM jest niezale\u017cn\u0105 i prywatn\u0105 firm\u0105 konsultingow\u0105 specjalizuj\u0105c\u0105 si\u0119 w strategii gospodarczej i nieruchomo\u015bciowej, kt\u00f3ra oferuje dostosowane do potrzeb rozwi\u0105zania wspieraj\u0105ce terytoria i firmy\" \/>\n<meta name=\"robots\" content=\"noindex, follow\" \/>\n<meta property=\"og:locale\" content=\"pl_PL\" \/>\n<meta property=\"og:type\" content=\"article\" \/>\n<meta property=\"og:title\" content=\"Firma konsultingowa specjalizuj\u0105ca si\u0119 w strategii gospodarczej i nieruchomo\u015bciowej\" \/>\n<meta property=\"og:description\" content=\"TERAZEM jest niezale\u017cn\u0105 i prywatn\u0105 firm\u0105 konsultingow\u0105 specjalizuj\u0105c\u0105 si\u0119 w strategii gospodarczej i nieruchomo\u015bciowej, kt\u00f3ra oferuje dostosowane do potrzeb rozwi\u0105zania wspieraj\u0105ce terytoria i firmy\" \/>\n<meta property=\"og:url\" content=\"https:\/\/terazem.eu\/pl\/rozwiazania-dla-firm\/\" \/>\n<meta property=\"og:site_name\" content=\"Terazem to firma konsultingowa specjalizuj\u0105ca si\u0119 w strategii gospodarczej i nieruchomo\u015bciowej kt\u00f3ra \u0142\u0105czy terytoria i firmy\" \/>\n<meta property=\"article:modified_time\" content=\"2021-09-10T08:11:53+00:00\" \/>\n<meta name=\"twitter:card\" content=\"summary_large_image\" \/>\n<script type=\"application\/ld+json\" class=\"yoast-schema-graph\">{\"@context\":\"https:\/\/schema.org\",\"@graph\":[{\"@type\":\"WebPage\",\"@id\":\"https:\/\/terazem.eu\/pl\/rozwiazania-dla-firm\/\",\"url\":\"https:\/\/terazem.eu\/pl\/rozwiazania-dla-firm\/\",\"name\":\"Firma konsultingowa specjalizuj\u0105ca si\u0119 w strategii gospodarczej i nieruchomo\u015bciowej\",\"isPartOf\":{\"@id\":\"https:\/\/terazem.eu\/#website\"},\"datePublished\":\"2021-09-03T08:14:59+00:00\",\"dateModified\":\"2021-09-10T08:11:53+00:00\",\"description\":\"TERAZEM jest niezale\u017cn\u0105 i prywatn\u0105 firm\u0105 konsultingow\u0105 specjalizuj\u0105c\u0105 si\u0119 w strategii gospodarczej i nieruchomo\u015bciowej, kt\u00f3ra oferuje dostosowane do potrzeb rozwi\u0105zania wspieraj\u0105ce terytoria i firmy\",\"breadcrumb\":{\"@id\":\"https:\/\/terazem.eu\/pl\/rozwiazania-dla-firm\/#breadcrumb\"},\"inLanguage\":\"pl-PL\",\"potentialAction\":[{\"@type\":\"ReadAction\",\"target\":[\"https:\/\/terazem.eu\/pl\/rozwiazania-dla-firm\/\"]}]},{\"@type\":\"BreadcrumbList\",\"@id\":\"https:\/\/terazem.eu\/pl\/rozwiazania-dla-firm\/#breadcrumb\",\"itemListElement\":[{\"@type\":\"ListItem\",\"position\":1,\"name\":\"Strona g\u0142\u00f3wna\",\"item\":\"https:\/\/terazem.eu\/pl\/\"},{\"@type\":\"ListItem\",\"position\":2,\"name\":\"Rozwi\u0105zania dla firm\"}]},{\"@type\":\"WebSite\",\"@id\":\"https:\/\/terazem.eu\/#website\",\"url\":\"https:\/\/terazem.eu\/\",\"name\":\"Terazem to firma konsultingowa specjalizuj\u0105ca si\u0119 w strategii gospodarczej i nieruchomo\u015bciowej kt\u00f3ra \u0142\u0105czy terytoria i firmy\",\"description\":\"Terazem to firma konsultingowa specjalizuj\u0105ca si\u0119 w strategii gospodarczej i nieruchomo\u015bciowej kt\u00f3ra \u0142\u0105czy terytoria i firmy\",\"publisher\":{\"@id\":\"https:\/\/terazem.eu\/#organization\"},\"alternateName\":\"Terazem\",\"potentialAction\":[{\"@type\":\"SearchAction\",\"target\":{\"@type\":\"EntryPoint\",\"urlTemplate\":\"https:\/\/terazem.eu\/?s={search_term_string}\"},\"query-input\":\"required name=search_term_string\"}],\"inLanguage\":\"pl-PL\"},{\"@type\":\"Organization\",\"@id\":\"https:\/\/terazem.eu\/#organization\",\"name\":\"Terazem\",\"alternateName\":\"Terazem\",\"url\":\"https:\/\/terazem.eu\/\",\"logo\":{\"@type\":\"ImageObject\",\"inLanguage\":\"pl-PL\",\"@id\":\"https:\/\/terazem.eu\/#\/schema\/logo\/image\/\",\"url\":\"https:\/\/terazem.eu\/wp-content\/uploads\/2023\/01\/Logo-TERAZEM-1-fond-clair.png\",\"contentUrl\":\"https:\/\/terazem.eu\/wp-content\/uploads\/2023\/01\/Logo-TERAZEM-1-fond-clair.png\",\"width\":499,\"height\":128,\"caption\":\"Terazem\"},\"image\":{\"@id\":\"https:\/\/terazem.eu\/#\/schema\/logo\/image\/\"},\"sameAs\":[\"https:\/\/fr.linkedin.com\/company\/terazem\"]}]}<\/script>\n<!-- \/ Yoast SEO plugin. -->","yoast_head_json":{"title":"Firma konsultingowa specjalizuj\u0105ca si\u0119 w strategii gospodarczej i nieruchomo\u015bciowej","description":"TERAZEM jest niezale\u017cn\u0105 i prywatn\u0105 firm\u0105 konsultingow\u0105 specjalizuj\u0105c\u0105 si\u0119 w strategii gospodarczej i nieruchomo\u015bciowej, kt\u00f3ra oferuje dostosowane do potrzeb rozwi\u0105zania wspieraj\u0105ce terytoria i firmy","robots":{"index":"noindex","follow":"follow"},"og_locale":"pl_PL","og_type":"article","og_title":"Firma konsultingowa specjalizuj\u0105ca si\u0119 w strategii gospodarczej i nieruchomo\u015bciowej","og_description":"TERAZEM jest niezale\u017cn\u0105 i prywatn\u0105 firm\u0105 konsultingow\u0105 specjalizuj\u0105c\u0105 si\u0119 w strategii gospodarczej i nieruchomo\u015bciowej, kt\u00f3ra oferuje dostosowane do potrzeb rozwi\u0105zania wspieraj\u0105ce terytoria i firmy","og_url":"https:\/\/terazem.eu\/pl\/rozwiazania-dla-firm\/","og_site_name":"Terazem to firma konsultingowa specjalizuj\u0105ca si\u0119 w strategii gospodarczej i nieruchomo\u015bciowej kt\u00f3ra \u0142\u0105czy terytoria i firmy","article_modified_time":"2021-09-10T08:11:53+00:00","twitter_card":"summary_large_image","schema":{"@context":"https:\/\/schema.org","@graph":[{"@type":"WebPage","@id":"https:\/\/terazem.eu\/pl\/rozwiazania-dla-firm\/","url":"https:\/\/terazem.eu\/pl\/rozwiazania-dla-firm\/","name":"Firma konsultingowa specjalizuj\u0105ca si\u0119 w strategii gospodarczej i nieruchomo\u015bciowej","isPartOf":{"@id":"https:\/\/terazem.eu\/#website"},"datePublished":"2021-09-03T08:14:59+00:00","dateModified":"2021-09-10T08:11:53+00:00","description":"TERAZEM jest niezale\u017cn\u0105 i prywatn\u0105 firm\u0105 konsultingow\u0105 specjalizuj\u0105c\u0105 si\u0119 w strategii gospodarczej i nieruchomo\u015bciowej, kt\u00f3ra oferuje dostosowane do potrzeb rozwi\u0105zania wspieraj\u0105ce terytoria i firmy","breadcrumb":{"@id":"https:\/\/terazem.eu\/pl\/rozwiazania-dla-firm\/#breadcrumb"},"inLanguage":"pl-PL","potentialAction":[{"@type":"ReadAction","target":["https:\/\/terazem.eu\/pl\/rozwiazania-dla-firm\/"]}]},{"@type":"BreadcrumbList","@id":"https:\/\/terazem.eu\/pl\/rozwiazania-dla-firm\/#breadcrumb","itemListElement":[{"@type":"ListItem","position":1,"name":"Strona g\u0142\u00f3wna","item":"https:\/\/terazem.eu\/pl\/"},{"@type":"ListItem","position":2,"name":"Rozwi\u0105zania dla firm"}]},{"@type":"WebSite","@id":"https:\/\/terazem.eu\/#website","url":"https:\/\/terazem.eu\/","name":"Terazem to firma konsultingowa specjalizuj\u0105ca si\u0119 w strategii gospodarczej i nieruchomo\u015bciowej kt\u00f3ra \u0142\u0105czy terytoria i firmy","description":"Terazem to firma konsultingowa specjalizuj\u0105ca si\u0119 w strategii gospodarczej i nieruchomo\u015bciowej kt\u00f3ra \u0142\u0105czy terytoria i firmy","publisher":{"@id":"https:\/\/terazem.eu\/#organization"},"alternateName":"Terazem","potentialAction":[{"@type":"SearchAction","target":{"@type":"EntryPoint","urlTemplate":"https:\/\/terazem.eu\/?s={search_term_string}"},"query-input":"required name=search_term_string"}],"inLanguage":"pl-PL"},{"@type":"Organization","@id":"https:\/\/terazem.eu\/#organization","name":"Terazem","alternateName":"Terazem","url":"https:\/\/terazem.eu\/","logo":{"@type":"ImageObject","inLanguage":"pl-PL","@id":"https:\/\/terazem.eu\/#\/schema\/logo\/image\/","url":"https:\/\/terazem.eu\/wp-content\/uploads\/2023\/01\/Logo-TERAZEM-1-fond-clair.png","contentUrl":"https:\/\/terazem.eu\/wp-content\/uploads\/2023\/01\/Logo-TERAZEM-1-fond-clair.png","width":499,"height":128,"caption":"Terazem"},"image":{"@id":"https:\/\/terazem.eu\/#\/schema\/logo\/image\/"},"sameAs":["https:\/\/fr.linkedin.com\/company\/terazem"]}]}},"_links":{"self":[{"href":"https:\/\/terazem.eu\/pl\/wp-json\/wp\/v2\/pages\/1183","targetHints":{"allow":["GET"]}}],"collection":[{"href":"https:\/\/terazem.eu\/pl\/wp-json\/wp\/v2\/pages"}],"about":[{"href":"https:\/\/terazem.eu\/pl\/wp-json\/wp\/v2\/types\/page"}],"author":[{"embeddable":true,"href":"https:\/\/terazem.eu\/pl\/wp-json\/wp\/v2\/users\/2"}],"replies":[{"embeddable":true,"href":"https:\/\/terazem.eu\/pl\/wp-json\/wp\/v2\/comments?post=1183"}],"version-history":[{"count":9,"href":"https:\/\/terazem.eu\/pl\/wp-json\/wp\/v2\/pages\/1183\/revisions"}],"predecessor-version":[{"id":1582,"href":"https:\/\/terazem.eu\/pl\/wp-json\/wp\/v2\/pages\/1183\/revisions\/1582"}],"wp:attachment":[{"href":"https:\/\/terazem.eu\/pl\/wp-json\/wp\/v2\/media?parent=1183"}],"curies":[{"name":"wp","href":"https:\/\/api.w.org\/{rel}","templated":true}]}}