{"id":1161,"date":"2021-09-03T10:02:42","date_gmt":"2021-09-03T08:02:42","guid":{"rendered":"https:\/\/terazem.empressia.dev\/?page_id=1161"},"modified":"2021-09-10T10:11:44","modified_gmt":"2021-09-10T08:11:44","slug":"rozwiazania-dla-terytoriow","status":"publish","type":"page","link":"https:\/\/terazem.eu\/pl\/rozwiazania-dla-terytoriow\/","title":{"rendered":"Rozwi\u0105zania dla Terytori\u00f3w"},"content":{"rendered":"<section class=\"content-with-image relative section-padding-80 overflow-hidden\">\n\t<div class=\"container--big relative parallax parallax--big grid grid-cols-3\">\n\t\t<div class=\"col-span-1\">\n\t\t\t<div class=\"parallax__line\"><\/div>\n\t\t<\/div>\n\t\t<div class=\"col-span-1\">\n\t\t\t<div class=\"parallax__line\"><\/div>\n\t\t<\/div>\n\t\t<div class=\"col-span-1\">\n\t\t\t<div class=\"parallax__line parallax__line--right\"><\/div>\n\t\t<\/div>\n\t<\/div>\n\n\t<div class=\"container\">\n\t\t<div class=\"flex flex-col\">\n\n\t\t\t\t\t\t\t<p class=\"h5 text-color-main md:mb-10 sm:mb-5\">\n\t\t\t\t\tRozwi\u0105zania dla\n\t\t\t\t<\/p>\n\t\t\t\n\t\t\t\t\t\t\t<h2 class=\"md:mb-24 sm:mb-16\">\n\t\t\t\t\tTerytori\u00f3w\n\t\t\t\t<\/h2>\n\t\t\t\n\t\t\t\t\t\t\t<p class=\"h5 md:mb-40 sm:mb-20\">\n\t\t\t\t\tTERAZEM jest firm\u0105 doradcz\u0105 zajmuj\u0105ca si\u0119 strategiami gospodarczymi i nieruchomo\u015bciami, kt\u00f3ra pozycjonuje si\u0119 jako po\u015brednik w promowaniu specyfiki terytori\u00f3w &#8211; region\u00f3w w celu przyci\u0105gania projekt\u00f3w, kt\u00f3re tworz\u0105 warto\u015b\u0107 i miejsca pracy.\n\t\t\t\t<\/p>\n\t\t\t\n\t\t<\/div>\n\t<\/div>\n\n\t\t\t<img decoding=\"async\" src=\"https:\/\/terazem.eu\/wp-content\/uploads\/2021\/08\/solutions-pour-les-background.jpg\" alt=\"\" class=\"content-with-image__image w-full object-cover\">\n\t\t<div class=\"\">\n\t\t<div class=\"container relative\">\n\t\t\t<div class=\"grid grid-cols-2 md:gap-32 sm:gap-24\">\n\n\t\t\t\t<div class=\"col-span-2 lg:col-span-1\">\n\t\t\t\t\t\n\t\t\t\t\t\t\t\t\t<\/div>\n\n\t\t\t\t<div class=\"col-span-2 lg:col-span-1\">\n\t\t\t\t\t\n\t\t\t\t\t\t\t\t\t<\/div>\n\n\t\t\t<\/div>\n\t\t<\/div>\n\t<\/div>\n<\/section>\n\n\n<section class=\"content-with-sticky-image relative \">\n\t<div class=\"container\">\n\t\t<div class=\"flex flex-col\">\n\n\t\t\t<h2 class=\"mb-16\">\n\t\t\t\tProgramy identyfikacji projekt\u00f3w\n\t\t\t<\/h2>\n\n\t\t\t\t\t\t\t<p class=\"heading-subtitle has-main-color font-bold mb-32\">\n\t\t\t\t\tNASZA METODA OBEJMUJE CI\u0104G\u0141Y PROCES IDENTYFIKACJI PROJEKT\u00d3W\n\t\t\t\t<\/p>\n\t\t\t\n\t\t\t\t\t\t\t<p class=\"text-size-large font-bold has-charcoal-600-color mb-32\">\n\t\t\t\t\tWdra\u017camy odnawiaj\u0105cy proces zbierania i analizowania strategicznych informacji aby zidentyfikowa\u0107 projekty rozwojowe i mo\u017cliwo\u015bci rozwoju dla terytori\u00f3w. Wdra\u017camy sprawdzon\u0105 metod\u0119 identyfikacji i negocjacji z decydentami firm w skali krajowej i\/lub mi\u0119dzynarodowej. Przeprowadzamy analiz\u0119 wykrytych projekt\u00f3w firmowych pod kryteriami technicznymi, finansowymi oraz przedstawionego planu rozwoju biznesu w celu przekazania terytoriom wiarygodnych projekt\u00f3w maj\u0105cych pozytywny wp\u0142yw na gospodark\u0119 i tworzenie miejsc pracy.\r\n\n\t\t\t\t<\/p>\n\t\t\t\n\t\t<\/div>\n\t<\/div>\n\t<div class=\"container\">\n\t\t<div class=\"grid grid-cols-2 gap-32\">\n\t\t\t<div class=\"col-span-2 lg:col-span-1\">\n\t\t\t\t<div class=\"content-with-sticky-image__image relative\">\n\t\t\t\t\t<img decoding=\"async\" src=\"https:\/\/terazem.eu\/wp-content\/uploads\/2021\/08\/nos-champs-dintervention-background.jpeg\" alt=\"\">\n\t\t\t\t\t<p class=\"h2 has-white-color absolute z-10 container-margin--left\">\n\t\t\t\t\t\tNasze us\u0142ugi\n\t\t\t\t\t<\/p>\n\t\t\t\t<\/div>\n\t\t\t<\/div>\n\n\n\t\t\t<div class=\"col-span-2 lg:col-span-1\">\n\t\t\t\t\n\t\t\t\t\t\t\t\t\t\t\t<p class=\"title-img h5 mt-32 mb-16\">\n\t\t\t\t\t\t\tIdentyfikacja projekt\u00f3w na skal\u0119 lokaln\u0105 lub krajow\u0105\n\t\t\t\t\t\t<\/p>\n\t\t\t\t\t\n\t\t\t\t\t\t\t\t\t\t\t<ul class=\"list-border list-border--light-gray\">\n\t\t\t\t\t\t\t<li class=\"text-size-large font-bold has-charcoal-600-color mb-20\">\n\t\t\t\t\t\t\t\tRealizujemy kampanie identyfikacji projekt\u00f3w z r\u00f3\u017cnych sektor\u00f3w gospodarczych\n\t\t\t\t\t\t\t<\/li>\n\t\t\t\t\t\t<\/ul>\n\t\t\t\t\t\n\n\t\t\t\t\t\t\t\t\t\t\t<p class=\"text-size-large font-normal has-charcoal-600-color mt-12\">\n\t\t\t\t\t\t\tNasze dzia\u0142ania umo\u017cliwiaj\u0105 identyfikowanie projekt\u00f3w inwestycyjnych, rozwoju biznesu, inwestycje turystyczne, rozw\u00f3j innowacyjnych produkt\u00f3w w fazie industrializacji, projekty rekrutacyjne itp. Nasze narz\u0119dzia do monitoringu i bazy danych finansowych umo\u017cliwiaj\u0105 wyb\u00f3r firm wed\u0142ug precyzyjnych kryteri\u00f3w ekonomicznych i rozwojowych. Wzmacniamy nasze akcje identyfikacji projekt\u00f3w poprzez nasz\u0105 obecno\u015b\u0107 na specjalistycznych targach \/ wydarzeniach bran\u017cowych oraz poprzez nasz\u0105 sie\u0107 ekspert\u00f3w bran\u017cowych z kontaktami z decydentami z grup krajowych.\n\t\t\t\t\t\t<\/p>\n\t\t\t\t\t\n\t\t\t\t\n\t\t\t\t\t\t\t\t\t\t\t<p class=\"title-img h5 mt-32 mb-16\">\n\t\t\t\t\t\t\tIdentyfikacja projekt\u00f3w mi\u0119dzynarodowych\n\t\t\t\t\t\t<\/p>\n\t\t\t\t\t\n\t\t\t\t\t\t\t\t\t\t\t<ul class=\"list-border list-border--light-gray\">\n\t\t\t\t\t\t\t<li class=\"text-size-large font-bold has-charcoal-600-color mb-20\">\n\t\t\t\t\t\t\t\tProwadzimy dzia\u0142ania w jednym lub wielu obszarach geograficznych dzi\u0119ki naszemu wieloj\u0119zycznemu zespo\u0142owi specjalizuj\u0105cemu si\u0119 w identyfikacji projekt\u00f3w zagranicznych\n\t\t\t\t\t\t\t<\/li>\n\t\t\t\t\t\t<\/ul>\n\t\t\t\t\t\n\n\t\t\t\t\t\t\t\t\t\t\t<p class=\"text-size-large font-normal has-charcoal-600-color mt-12\">\n\t\t\t\t\t\t\t\u015aledzimy wiadomo\u015bci i ruchy na globalnych rynkach gospodarczych w czasie rzeczywistym, aby z wyprzedzeniem identyfikowa\u0107 rozwijaj\u0105ce si\u0119 firmy mi\u0119dzynarodowe. Nasz zesp\u00f3\u0142 wdra\u017ca strategie w oparciu o analiz\u0119 ekonomiczn\u0105 kt\u00f3ra umo\u017cliwia identyfikacj\u0119 projekt\u00f3w : strategii inwestycyjnych firm zagranicznych, otwarcie filii, projekt\u00f3w w wielu lokalizacjach, projekt\u00f3w specyficznych w sektorach gospodarczych itp.\n\t\t\t\t\t\t<\/p>\n\t\t\t\t\t\n\t\t\t\t\n\t\t\t\t\t\t\t\t\t\t\t<p class=\"title-img h5 mt-32 mb-16\">\n\t\t\t\t\t\t\tIdentyfikacja rozwi\u0105za\u0144 dla obiekt\u00f3w i\/lub kompleks\u00f3w nieruchomo\u015bciowych\n\t\t\t\t\t\t<\/p>\n\t\t\t\t\t\n\t\t\t\t\t\t\t\t\t\t\t<ul class=\"list-border list-border--light-gray\">\n\t\t\t\t\t\t\t<li class=\"text-size-large font-bold has-charcoal-600-color mb-20\">\n\t\t\t\t\t\t\t\tOpracowujemy innowacyjne i skuteczne strategie promocyjne maj\u0105ce na celu zach\u0119canie do rozwoju i inwestycji na Twoim terytorium\n\t\t\t\t\t\t\t<\/li>\n\t\t\t\t\t\t<\/ul>\n\t\t\t\t\t\n\n\t\t\t\t\t\t\t\t\t\t\t<p class=\"text-size-large font-normal has-charcoal-600-color mt-12\">\n\t\t\t\t\t\t\tOpracowujemy dokumenty prezentacyjne dla zak\u0142ad\u00f3w\/magazyn\u00f3w \u2013 dzia\u0142ek przemys\u0142owych i grunt\u00f3w inwestycyjnych bior\u0105c pod uwag\u0119 ich specyfik\u0119 techniczn\u0105 oraz lokalny ekosystem gospodarczy. Przeprowadzamy dostosowane do potrzeb dzia\u0142ania aby zaprezentowa\u0107 i promowa\u0107 mo\u017cliwo\u015bci inwestycyjnych na Twoim terytorium przed panelem krajowych i \/ lub mi\u0119dzynarodowych firm.\n\t\t\t\t\t\t<\/p>\n\t\t\t\t\t\n\t\t\t\t\t\t\t<\/div>\n\n\t\t<\/div>\n\t<\/div>\n<\/section>\n\n\n<section class=\"dark-content-with-link relative background-charcoal-800 section-padding-80\">\n\t<div class=\"container grid grid-cols-5 gap-x-14\">\n\t\t<div class=\"flex flex-col items-center xl:items-start col-span-5 xl:col-span-1\">\n\t\t\t<p class=\"h5 text-color-main\">\n\t\t\t\tRozwi\u0105zanie\n\t\t\t<\/p>\n\t\t\t<h2 class=\"text-color-white\">\n\t\t\t\tEurazem\n\t\t\t<\/h2>\n\t\t<\/div>\n\n\t\t<div class=\"col-span-5 xl:col-span-3 flex items-center mt-5 mb-5\">\n\t\t\t<p class=\"dark-content-with-link__desc text-center xl:text-left text-size-large text-color-white mt-4 mb-4 font-semibold\">\n\t\t\t\tOdkryj rozwi\u0105zanie Eurazem przeznaczone do promowania Twojego terytorium\n\t\t\t<\/p>\n\t\t<\/div>\n\t\t<div class=\"col-span-5 xl:col-span-1 flex items-center justify-center xl:justify-end\">\n\t\t\t\t\t<\/div>\n\t<\/div>\n<\/section>\n\n\n<section class=\"content-with-sticky-image relative section-padding-80\">\n\t<div class=\"container\">\n\t\t<div class=\"flex flex-col\">\n\n\t\t\t<h2 class=\"mb-16\">\n\t\t\t\tAtrakcyjno\u015b\u0107 i dynamizm terytorium \n\t\t\t<\/h2>\n\n\t\t\t\t\t\t\t<p class=\"heading-subtitle has-main-color font-bold mb-32\">\n\t\t\t\t\tNASZA METODA JEST DEDYKOWANA WSPIERANIU ZMIAN I WYZWA\u0143 STOJ\u0104CYCH PRZED KA\u017bDYM TERYTORIUM\n\t\t\t\t<\/p>\n\t\t\t\n\t\t\t\t\t\t\t<p class=\"text-size-large font-bold has-charcoal-600-color mb-32\">\n\t\t\t\t\tPrzeprowadzamy analizy atrakcyjno\u015bci i sektor\u00f3w gospodarczych w celu wsparcia terytori\u00f3w w ich strategicznych orientacjach. Projektujemy narz\u0119dzia rozwoju gospodarczego i promocji terytorialnej z narz\u0119dziami marketingu \u2013 digital, aby przyci\u0105ga\u0107 projekty i mierzy\u0107 wp\u0142yw dzia\u0142a\u0144 realizowanych.\n\t\t\t\t<\/p>\n\t\t\t\n\t\t<\/div>\n\t<\/div>\n\t<div class=\"container\">\n\t\t<div class=\"grid grid-cols-2 gap-32\">\n\t\t\t<div class=\"col-span-2 lg:col-span-1\">\n\t\t\t\t<div class=\"content-with-sticky-image__image relative\">\n\t\t\t\t\t<img decoding=\"async\" src=\"https:\/\/terazem.eu\/wp-content\/uploads\/2021\/08\/nos-champs-intervention-background.jpeg\" alt=\"\">\n\t\t\t\t\t<p class=\"h2 has-white-color absolute z-10 container-margin--left\">\n\t\t\t\t\t\tNasze us\u0142ugi\n\t\t\t\t\t<\/p>\n\t\t\t\t<\/div>\n\t\t\t<\/div>\n\n\n\t\t\t<div class=\"col-span-2 lg:col-span-1\">\n\t\t\t\t\n\t\t\t\t\t\t\t\t\t\t\t<p class=\"title-img h5 mt-32 mb-16\">\n\t\t\t\t\t\t\tStrategia promocji terytorialnej\n\t\t\t\t\t\t<\/p>\n\t\t\t\t\t\n\t\t\t\t\t\t\t\t\t\t\t<ul class=\"list-border list-border--light-gray\">\n\t\t\t\t\t\t\t<li class=\"text-size-large font-bold has-charcoal-600-color mb-20\">\n\t\t\t\t\t\t\t\tWzmacniamy Twoje terytorium poprzez marketing terytorialny, tworz\u0105c innowacyjne dzia\u0142ania w celu rozwoju projekt\u00f3w, kt\u00f3re tworz\u0105 warto\u015b\u0107 i miejsca pracy\n\t\t\t\t\t\t\t<\/li>\n\t\t\t\t\t\t<\/ul>\n\t\t\t\t\t\n\n\t\t\t\t\t\t\t\t\t\t\t<p class=\"text-size-large font-normal has-charcoal-600-color mt-12\">\n\t\t\t\t\t\t\tNasze wsparcie umo\u017cliwia analiz\u0119 mocnych stron i specyfiki Twojego terytorium w celu zmierzenia jego atrakcyjno\u015bci. Opracowujemy strategie komunikacji oparte na marketingu &#8211; digital (audyt, SEO, programowanie marketing itd.) aby zaprezentowa\u0107 to\u017csamo\u015b\u0107 i atuty Twojego terytorium inwestorom i dyrektorom firm.\n\t\t\t\t\t\t<\/p>\n\t\t\t\t\t\n\t\t\t\t\n\t\t\t\t\t\t\t\t\t\t\t<p class=\"title-img h5 mt-32 mb-16\">\n\t\t\t\t\t\t\tStrategia dotycz\u0105ca grunt\u00f3w i nieruchomo\u015bci\n\t\t\t\t\t\t<\/p>\n\t\t\t\t\t\n\t\t\t\t\t\t\t\t\t\t\t<ul class=\"list-border list-border--light-gray\">\n\t\t\t\t\t\t\t<li class=\"text-size-large font-bold has-charcoal-600-color mb-20\">\n\t\t\t\t\t\t\t\tAnalizujemy rynek nieruchomo\u015bci i grunt\u00f3w terytori\u00f3w w celu ustalenia i prognozowania potrzeb w zakresie prowadzenia projekt\u00f3w inwestycyjnych i deweloperskich\n\t\t\t\t\t\t\t<\/li>\n\t\t\t\t\t\t<\/ul>\n\t\t\t\t\t\n\n\t\t\t\t\t\t\t\t\t\t\t<p class=\"text-size-large font-normal has-charcoal-600-color mt-12\">\n\t\t\t\t\t\t\tInwentaryzujemy ofert\u0119 nieruchomo\u015bci &#8211; dzia\u0142ek i rezerwy grunt\u00f3w inwestycyjnych na Twoim terytorium, aby por\u00f3wna\u0107 je z oczekiwaniami przedsi\u0119biorstw i przewidzie\u0107 \u015brednio- i d\u0142ugoterminowe potrzeby. Opracowujemy strategi\u0119 promocji i przy wsparciu naszych partner\u00f3w (biur projektowych, firm architektonicznych itp.) oferujemy nowe rozwi\u0105zania dla nowych projekt\u00f3w inwestycyjnych zgodnie z orientacjami gospodarczymi Twojego terytorium.\n\t\t\t\t\t\t<\/p>\n\t\t\t\t\t\n\t\t\t\t\n\t\t\t\t\t\t\t\t\t\t\t<p class=\"title-img h5 mt-32 mb-16\">\n\t\t\t\t\t\t\tRozw\u00f3j gospodarczy terytorium\n\t\t\t\t\t\t<\/p>\n\t\t\t\t\t\n\t\t\t\t\t\t\t\t\t\t\t<ul class=\"list-border list-border--light-gray\">\n\t\t\t\t\t\t\t<li class=\"text-size-large font-bold has-charcoal-600-color mb-20\">\n\t\t\t\t\t\t\t\tWspieramy Twoje terytorium w refleksji na temat polityki wspierania biznesu, rewitalizacji obiekt\u00f3w gospodarczych a tak\u017ce rozwoju kwalifikacjach \u2013 szkole\u0144 i zatrudnieniu\n\t\t\t\t\t\t\t<\/li>\n\t\t\t\t\t\t<\/ul>\n\t\t\t\t\t\n\n\t\t\t\t\t\t\t\t\t\t\t<p class=\"text-size-large font-normal has-charcoal-600-color mt-12\">\n\t\t\t\t\t\t\tProponujemy zidentyfikowa\u0107 i przeanalizowa\u0107 potrzeby firm obecnych na Twoim terytorium w odniesieniu do ich strategicznych wyzwa\u0144 i rekrutacji pracownik\u00f3w. Wspieramy lokalne podmioty w prowadzeniu ich polityki rozwoju gospodarczego oraz przysz\u0142o\u015bciowego zarz\u0105dzania miejscami pracy- zatrudnieniem \u2013 kwalifikacjach\/szkole\u0144 (strategic workforce planning dla terytori\u00f3w). Wdra\u017camy r\u00f3wnie\u017c innowacyjne dzia\u0142ania z lokalnymi przedsi\u0119biorcami w ramach konkretnych mechanizm\u00f3w promuj\u0105cych tworzenie miejsc pracy.\n\t\t\t\t\t\t<\/p>\n\t\t\t\t\t\n\t\t\t\t\t\t\t<\/div>\n\n\t\t<\/div>\n\t<\/div>\n<\/section>\n","protected":false},"excerpt":{"rendered":"","protected":false},"author":2,"featured_media":0,"parent":0,"menu_order":0,"comment_status":"closed","ping_status":"closed","template":"","meta":{"footnotes":""},"class_list":["post-1161","page","type-page","status-publish","hentry"],"yoast_head":"<!-- This site is optimized with the Yoast SEO plugin v19.10 - https:\/\/yoast.com\/wordpress\/plugins\/seo\/ -->\n<title>Firma konsultingowa specjalizuj\u0105ca si\u0119 w strategii gospodarczej i nieruchomo\u015bciowej<\/title>\n<meta name=\"description\" content=\"TERAZEM jest niezale\u017cn\u0105 i prywatn\u0105 firm\u0105 konsultingow\u0105 specjalizuj\u0105c\u0105 si\u0119 w strategii gospodarczej i nieruchomo\u015bciowej, kt\u00f3ra oferuje dostosowane do potrzeb rozwi\u0105zania wspieraj\u0105ce terytoria i firmy\" \/>\n<meta name=\"robots\" content=\"noindex, follow\" \/>\n<meta property=\"og:locale\" content=\"pl_PL\" \/>\n<meta property=\"og:type\" content=\"article\" \/>\n<meta property=\"og:title\" content=\"Firma konsultingowa specjalizuj\u0105ca si\u0119 w strategii gospodarczej i nieruchomo\u015bciowej\" \/>\n<meta property=\"og:description\" content=\"TERAZEM jest niezale\u017cn\u0105 i prywatn\u0105 firm\u0105 konsultingow\u0105 specjalizuj\u0105c\u0105 si\u0119 w strategii gospodarczej i nieruchomo\u015bciowej, kt\u00f3ra oferuje dostosowane do potrzeb rozwi\u0105zania wspieraj\u0105ce terytoria i firmy\" \/>\n<meta property=\"og:url\" content=\"https:\/\/terazem.eu\/pl\/rozwiazania-dla-terytoriow\/\" \/>\n<meta property=\"og:site_name\" content=\"Terazem to firma konsultingowa specjalizuj\u0105ca si\u0119 w strategii gospodarczej i nieruchomo\u015bciowej kt\u00f3ra \u0142\u0105czy terytoria i firmy\" \/>\n<meta property=\"article:modified_time\" content=\"2021-09-10T08:11:44+00:00\" \/>\n<meta name=\"twitter:card\" content=\"summary_large_image\" \/>\n<script type=\"application\/ld+json\" class=\"yoast-schema-graph\">{\"@context\":\"https:\/\/schema.org\",\"@graph\":[{\"@type\":\"WebPage\",\"@id\":\"https:\/\/terazem.eu\/pl\/rozwiazania-dla-terytoriow\/\",\"url\":\"https:\/\/terazem.eu\/pl\/rozwiazania-dla-terytoriow\/\",\"name\":\"Firma konsultingowa specjalizuj\u0105ca si\u0119 w strategii gospodarczej i nieruchomo\u015bciowej\",\"isPartOf\":{\"@id\":\"https:\/\/terazem.eu\/#website\"},\"datePublished\":\"2021-09-03T08:02:42+00:00\",\"dateModified\":\"2021-09-10T08:11:44+00:00\",\"description\":\"TERAZEM jest niezale\u017cn\u0105 i prywatn\u0105 firm\u0105 konsultingow\u0105 specjalizuj\u0105c\u0105 si\u0119 w strategii gospodarczej i nieruchomo\u015bciowej, kt\u00f3ra oferuje dostosowane do potrzeb rozwi\u0105zania wspieraj\u0105ce terytoria i firmy\",\"breadcrumb\":{\"@id\":\"https:\/\/terazem.eu\/pl\/rozwiazania-dla-terytoriow\/#breadcrumb\"},\"inLanguage\":\"pl-PL\",\"potentialAction\":[{\"@type\":\"ReadAction\",\"target\":[\"https:\/\/terazem.eu\/pl\/rozwiazania-dla-terytoriow\/\"]}]},{\"@type\":\"BreadcrumbList\",\"@id\":\"https:\/\/terazem.eu\/pl\/rozwiazania-dla-terytoriow\/#breadcrumb\",\"itemListElement\":[{\"@type\":\"ListItem\",\"position\":1,\"name\":\"Strona g\u0142\u00f3wna\",\"item\":\"https:\/\/terazem.eu\/pl\/\"},{\"@type\":\"ListItem\",\"position\":2,\"name\":\"Rozwi\u0105zania dla Terytori\u00f3w\"}]},{\"@type\":\"WebSite\",\"@id\":\"https:\/\/terazem.eu\/#website\",\"url\":\"https:\/\/terazem.eu\/\",\"name\":\"Terazem to firma konsultingowa specjalizuj\u0105ca si\u0119 w strategii gospodarczej i nieruchomo\u015bciowej kt\u00f3ra \u0142\u0105czy terytoria i firmy\",\"description\":\"Terazem to firma konsultingowa specjalizuj\u0105ca si\u0119 w strategii gospodarczej i nieruchomo\u015bciowej kt\u00f3ra \u0142\u0105czy terytoria i firmy\",\"publisher\":{\"@id\":\"https:\/\/terazem.eu\/#organization\"},\"alternateName\":\"Terazem\",\"potentialAction\":[{\"@type\":\"SearchAction\",\"target\":{\"@type\":\"EntryPoint\",\"urlTemplate\":\"https:\/\/terazem.eu\/?s={search_term_string}\"},\"query-input\":\"required name=search_term_string\"}],\"inLanguage\":\"pl-PL\"},{\"@type\":\"Organization\",\"@id\":\"https:\/\/terazem.eu\/#organization\",\"name\":\"Terazem\",\"alternateName\":\"Terazem\",\"url\":\"https:\/\/terazem.eu\/\",\"logo\":{\"@type\":\"ImageObject\",\"inLanguage\":\"pl-PL\",\"@id\":\"https:\/\/terazem.eu\/#\/schema\/logo\/image\/\",\"url\":\"https:\/\/terazem.eu\/wp-content\/uploads\/2023\/01\/Logo-TERAZEM-1-fond-clair.png\",\"contentUrl\":\"https:\/\/terazem.eu\/wp-content\/uploads\/2023\/01\/Logo-TERAZEM-1-fond-clair.png\",\"width\":499,\"height\":128,\"caption\":\"Terazem\"},\"image\":{\"@id\":\"https:\/\/terazem.eu\/#\/schema\/logo\/image\/\"},\"sameAs\":[\"https:\/\/fr.linkedin.com\/company\/terazem\"]}]}<\/script>\n<!-- \/ Yoast SEO plugin. -->","yoast_head_json":{"title":"Firma konsultingowa specjalizuj\u0105ca si\u0119 w strategii gospodarczej i nieruchomo\u015bciowej","description":"TERAZEM jest niezale\u017cn\u0105 i prywatn\u0105 firm\u0105 konsultingow\u0105 specjalizuj\u0105c\u0105 si\u0119 w strategii gospodarczej i nieruchomo\u015bciowej, kt\u00f3ra oferuje dostosowane do potrzeb rozwi\u0105zania wspieraj\u0105ce terytoria i firmy","robots":{"index":"noindex","follow":"follow"},"og_locale":"pl_PL","og_type":"article","og_title":"Firma konsultingowa specjalizuj\u0105ca si\u0119 w strategii gospodarczej i nieruchomo\u015bciowej","og_description":"TERAZEM jest niezale\u017cn\u0105 i prywatn\u0105 firm\u0105 konsultingow\u0105 specjalizuj\u0105c\u0105 si\u0119 w strategii gospodarczej i nieruchomo\u015bciowej, kt\u00f3ra oferuje dostosowane do potrzeb rozwi\u0105zania wspieraj\u0105ce terytoria i firmy","og_url":"https:\/\/terazem.eu\/pl\/rozwiazania-dla-terytoriow\/","og_site_name":"Terazem to firma konsultingowa specjalizuj\u0105ca si\u0119 w strategii gospodarczej i nieruchomo\u015bciowej kt\u00f3ra \u0142\u0105czy terytoria i firmy","article_modified_time":"2021-09-10T08:11:44+00:00","twitter_card":"summary_large_image","schema":{"@context":"https:\/\/schema.org","@graph":[{"@type":"WebPage","@id":"https:\/\/terazem.eu\/pl\/rozwiazania-dla-terytoriow\/","url":"https:\/\/terazem.eu\/pl\/rozwiazania-dla-terytoriow\/","name":"Firma konsultingowa specjalizuj\u0105ca si\u0119 w strategii gospodarczej i nieruchomo\u015bciowej","isPartOf":{"@id":"https:\/\/terazem.eu\/#website"},"datePublished":"2021-09-03T08:02:42+00:00","dateModified":"2021-09-10T08:11:44+00:00","description":"TERAZEM jest niezale\u017cn\u0105 i prywatn\u0105 firm\u0105 konsultingow\u0105 specjalizuj\u0105c\u0105 si\u0119 w strategii gospodarczej i nieruchomo\u015bciowej, kt\u00f3ra oferuje dostosowane do potrzeb rozwi\u0105zania wspieraj\u0105ce terytoria i firmy","breadcrumb":{"@id":"https:\/\/terazem.eu\/pl\/rozwiazania-dla-terytoriow\/#breadcrumb"},"inLanguage":"pl-PL","potentialAction":[{"@type":"ReadAction","target":["https:\/\/terazem.eu\/pl\/rozwiazania-dla-terytoriow\/"]}]},{"@type":"BreadcrumbList","@id":"https:\/\/terazem.eu\/pl\/rozwiazania-dla-terytoriow\/#breadcrumb","itemListElement":[{"@type":"ListItem","position":1,"name":"Strona g\u0142\u00f3wna","item":"https:\/\/terazem.eu\/pl\/"},{"@type":"ListItem","position":2,"name":"Rozwi\u0105zania dla Terytori\u00f3w"}]},{"@type":"WebSite","@id":"https:\/\/terazem.eu\/#website","url":"https:\/\/terazem.eu\/","name":"Terazem to firma konsultingowa specjalizuj\u0105ca si\u0119 w strategii gospodarczej i nieruchomo\u015bciowej kt\u00f3ra \u0142\u0105czy terytoria i firmy","description":"Terazem to firma konsultingowa specjalizuj\u0105ca si\u0119 w strategii gospodarczej i nieruchomo\u015bciowej kt\u00f3ra \u0142\u0105czy terytoria i firmy","publisher":{"@id":"https:\/\/terazem.eu\/#organization"},"alternateName":"Terazem","potentialAction":[{"@type":"SearchAction","target":{"@type":"EntryPoint","urlTemplate":"https:\/\/terazem.eu\/?s={search_term_string}"},"query-input":"required name=search_term_string"}],"inLanguage":"pl-PL"},{"@type":"Organization","@id":"https:\/\/terazem.eu\/#organization","name":"Terazem","alternateName":"Terazem","url":"https:\/\/terazem.eu\/","logo":{"@type":"ImageObject","inLanguage":"pl-PL","@id":"https:\/\/terazem.eu\/#\/schema\/logo\/image\/","url":"https:\/\/terazem.eu\/wp-content\/uploads\/2023\/01\/Logo-TERAZEM-1-fond-clair.png","contentUrl":"https:\/\/terazem.eu\/wp-content\/uploads\/2023\/01\/Logo-TERAZEM-1-fond-clair.png","width":499,"height":128,"caption":"Terazem"},"image":{"@id":"https:\/\/terazem.eu\/#\/schema\/logo\/image\/"},"sameAs":["https:\/\/fr.linkedin.com\/company\/terazem"]}]}},"_links":{"self":[{"href":"https:\/\/terazem.eu\/pl\/wp-json\/wp\/v2\/pages\/1161","targetHints":{"allow":["GET"]}}],"collection":[{"href":"https:\/\/terazem.eu\/pl\/wp-json\/wp\/v2\/pages"}],"about":[{"href":"https:\/\/terazem.eu\/pl\/wp-json\/wp\/v2\/types\/page"}],"author":[{"embeddable":true,"href":"https:\/\/terazem.eu\/pl\/wp-json\/wp\/v2\/users\/2"}],"replies":[{"embeddable":true,"href":"https:\/\/terazem.eu\/pl\/wp-json\/wp\/v2\/comments?post=1161"}],"version-history":[{"count":11,"href":"https:\/\/terazem.eu\/pl\/wp-json\/wp\/v2\/pages\/1161\/revisions"}],"predecessor-version":[{"id":1580,"href":"https:\/\/terazem.eu\/pl\/wp-json\/wp\/v2\/pages\/1161\/revisions\/1580"}],"wp:attachment":[{"href":"https:\/\/terazem.eu\/pl\/wp-json\/wp\/v2\/media?parent=1161"}],"curies":[{"name":"wp","href":"https:\/\/api.w.org\/{rel}","templated":true}]}}