{"id":1155,"date":"2021-09-03T09:43:03","date_gmt":"2021-09-03T07:43:03","guid":{"rendered":"https:\/\/terazem.empressia.dev\/?page_id=1155"},"modified":"2021-09-28T09:56:49","modified_gmt":"2021-09-28T07:56:49","slug":"menu-mapa-del-sitio","status":"publish","type":"page","link":"https:\/\/terazem.eu\/es\/menu-mapa-del-sitio\/","title":{"rendered":"MEN\u00da &#8211; MAPA DEL SITIO"},"content":{"rendered":"\n<ol class=\"wp-block-list\"><li><strong>Grupo Terazem\u200b<\/strong><\/li><\/ol>\n\n\n\n<ul class=\"wp-block-list\"><li>Terazem<\/li><li>El equipo de Terazem<\/li><li>Nuestros compromisos<\/li><li>Cifras clave<\/li><li>Nuestras ubicaciones<\/li><\/ul>\n\n\n\n<ol class=\"wp-block-list\" start=\"2\"><li><strong>\u200bSoluciones para territorios<\/strong><\/li><\/ol>\n\n\n\n<ul class=\"wp-block-list\"><li><strong>Programas de prospecci\u00f3n a medida<\/strong><\/li><li>Prospecci\u00f3n de proyectos a nivel local o nacional<\/li><li>Prospecci\u00f3n de proyectos internacionales<\/li><li>Identificaci\u00f3n de soluciones para sitios y\/o conjuntos terrestres<\/li><li><strong>Soluci\u00f3n Eurazem<\/strong><\/li><li><strong>Atractivo y dinamismo del territorio<\/strong><\/li><li>Estrategia de promoci\u00f3n territorial<\/li><li>Estrategia inmobiliaria y de suelo<\/li><li>Desarrollo econ\u00f3mico del territorio\u200b<\/li><\/ul>\n\n\n\n<ol class=\"wp-block-list\" start=\"3\"><li><strong>Soluciones para empresas<\/strong><\/li><\/ol>\n\n\n\n<ul class=\"wp-block-list\"><li><strong>Desarrollo de negocio<\/strong><\/li><li>Inteligencia de Negocios<\/li><li>Estrategias de crecimiento<\/li><li>Asistencia para la aplicaci\u00f3n<\/li><li><strong>Soluci\u00f3n Eurazem<\/strong><\/li><li><strong>Reestructuraci\u00f3n y reorganizaci\u00f3n de las actividades<\/strong><\/li><li>B\u00fasqueda de compradores<\/li><li>Enajenaci\u00f3n de activos no estrat\u00e9gicos<\/li><li>Conversi\u00f3n y reindustrializaci\u00f3n de yacimientos<\/li><\/ul>\n\n\n\n<ol class=\"wp-block-list\" start=\"4\"><li><strong>Soluci\u00f3n Eurazem<\/strong><\/li><\/ol>\n\n\n\n<ol class=\"wp-block-list\" start=\"5\"><li><strong>Referencias<\/strong><\/li><\/ol>\n\n\n\n<ul class=\"wp-block-list\"><li><strong>Para empresas y territorios<\/strong><\/li><li><strong>Conf\u00edan en nosotros<\/strong><\/li><li><strong>Referencias de la industria<\/strong><\/li><li><strong>Caso de negocio<\/strong><\/li><li>B\u00fasqueda de compradores<\/li><li>Detecci\u00f3n de proyectos<\/li><li>Desarrollo econ\u00f3mico<\/li><li>Estudio espec\u00edfico<\/li><\/ul>\n\n\n\n<ol class=\"wp-block-list\" start=\"6\"><li><strong>Noticias Teratrend<\/strong><\/li><\/ol>\n\n\n\n<ul class=\"wp-block-list\"><li><strong>Categor\u00edas<\/strong><\/li><li><strong>Econom\u00eda y territorio<\/strong><\/li><li><strong>Expertos y socios<\/strong><\/li><li><strong>bien inmueble<\/strong><\/li><li>Oportunidad de hacerse cargo de un sitio en Seine-et-Marne<\/li><li>Oportunidad de hacerse cargo de un sitio en Maine-et-Loire<\/li><\/ul>\n\n\n\n<ol class=\"wp-block-list\" start=\"7\"><li><strong>Carreras<\/strong><\/li><\/ol>\n\n\n\n<ul class=\"wp-block-list\"><li><strong>\u00c1rea de carrera<\/strong><\/li><li><strong>Lo mejor de los humanos y lo digital<\/strong><\/li><li><strong>Un ambiente multicultural y estimulante<\/strong><\/li><li><strong>Ofertas de trabajo<\/strong><\/li><\/ul>\n\n\n\n<ol class=\"wp-block-list\" start=\"8\"><li><strong>Contacto<\/strong><\/li><\/ol>\n\n\n\n<ul class=\"wp-block-list\"><li><strong>Contactar con Terazem<\/strong><\/li><li><strong>Cont\u00e1ctenos<\/strong><\/li><\/ul>\n","protected":false},"excerpt":{"rendered":"<p>Grupo Terazem\u200b Terazem El equipo de Terazem Nuestros compromisos Cifras clave Nuestras ubicaciones \u200bSoluciones para territorios Programas de prospecci\u00f3n a medida Prospecci\u00f3n de proyectos a nivel local o nacional Prospecci\u00f3n de proyectos internacionales Identificaci\u00f3n de soluciones para sitios y\/o conjuntos terrestres Soluci\u00f3n Eurazem Atractivo y dinamismo del territorio Estrategia de promoci\u00f3n territorial Estrategia inmobiliaria y [&hellip;]<\/p>\n","protected":false},"author":1,"featured_media":0,"parent":0,"menu_order":0,"comment_status":"closed","ping_status":"closed","template":"page-templates\/content-page.php","meta":{"footnotes":""},"class_list":["post-1155","page","type-page","status-publish","hentry"],"yoast_head":"<!-- This site is optimized with the Yoast SEO plugin v19.10 - https:\/\/yoast.com\/wordpress\/plugins\/seo\/ -->\n<title>Consultora de estrategia econ\u00f3mica e inmobiliaria<\/title>\n<meta name=\"description\" content=\"TERAZEM es una consultora independiente y privada en estrategia econ\u00f3mica e inmobiliaria que ofrece soluciones a medida para apoyar territorios y empresas.\" \/>\n<meta name=\"robots\" content=\"noindex, follow\" \/>\n<meta property=\"og:locale\" content=\"es_ES\" \/>\n<meta property=\"og:type\" content=\"article\" \/>\n<meta property=\"og:title\" content=\"Consultora de estrategia econ\u00f3mica e inmobiliaria\" \/>\n<meta property=\"og:description\" content=\"TERAZEM es una consultora independiente y privada en estrategia econ\u00f3mica e inmobiliaria que ofrece soluciones a medida para apoyar territorios y empresas.\" \/>\n<meta property=\"og:url\" content=\"https:\/\/terazem.eu\/es\/menu-mapa-del-sitio\/\" \/>\n<meta property=\"og:site_name\" content=\"Terazem to firma konsultingowa specjalizuj\u0105ca si\u0119 w strategii gospodarczej i nieruchomo\u015bciowej kt\u00f3ra \u0142\u0105czy terytoria i firmy\" \/>\n<meta property=\"article:modified_time\" content=\"2021-09-28T07:56:49+00:00\" \/>\n<meta name=\"twitter:card\" content=\"summary_large_image\" \/>\n<meta name=\"twitter:label1\" content=\"Tiempo de lectura\" \/>\n\t<meta name=\"twitter:data1\" content=\"1 minuto\" \/>\n<script type=\"application\/ld+json\" class=\"yoast-schema-graph\">{\"@context\":\"https:\/\/schema.org\",\"@graph\":[{\"@type\":\"WebPage\",\"@id\":\"https:\/\/terazem.eu\/es\/menu-mapa-del-sitio\/\",\"url\":\"https:\/\/terazem.eu\/es\/menu-mapa-del-sitio\/\",\"name\":\"Consultora de estrategia econ\u00f3mica e inmobiliaria\",\"isPartOf\":{\"@id\":\"https:\/\/terazem.eu\/#website\"},\"datePublished\":\"2021-09-03T07:43:03+00:00\",\"dateModified\":\"2021-09-28T07:56:49+00:00\",\"description\":\"TERAZEM es una consultora independiente y privada en estrategia econ\u00f3mica e inmobiliaria que ofrece soluciones a medida para apoyar territorios y empresas.\",\"breadcrumb\":{\"@id\":\"https:\/\/terazem.eu\/es\/menu-mapa-del-sitio\/#breadcrumb\"},\"inLanguage\":\"es\",\"potentialAction\":[{\"@type\":\"ReadAction\",\"target\":[\"https:\/\/terazem.eu\/es\/menu-mapa-del-sitio\/\"]}]},{\"@type\":\"BreadcrumbList\",\"@id\":\"https:\/\/terazem.eu\/es\/menu-mapa-del-sitio\/#breadcrumb\",\"itemListElement\":[{\"@type\":\"ListItem\",\"position\":1,\"name\":\"Strona g\u0142\u00f3wna\",\"item\":\"https:\/\/terazem.eu\/es\/\"},{\"@type\":\"ListItem\",\"position\":2,\"name\":\"MEN\u00da &#8211; MAPA DEL SITIO\"}]},{\"@type\":\"WebSite\",\"@id\":\"https:\/\/terazem.eu\/#website\",\"url\":\"https:\/\/terazem.eu\/\",\"name\":\"Terazem to firma konsultingowa specjalizuj\u0105ca si\u0119 w strategii gospodarczej i nieruchomo\u015bciowej kt\u00f3ra \u0142\u0105czy terytoria i firmy\",\"description\":\"Terazem to firma konsultingowa specjalizuj\u0105ca si\u0119 w strategii gospodarczej i nieruchomo\u015bciowej kt\u00f3ra \u0142\u0105czy terytoria i firmy\",\"publisher\":{\"@id\":\"https:\/\/terazem.eu\/#organization\"},\"alternateName\":\"Terazem\",\"potentialAction\":[{\"@type\":\"SearchAction\",\"target\":{\"@type\":\"EntryPoint\",\"urlTemplate\":\"https:\/\/terazem.eu\/?s={search_term_string}\"},\"query-input\":\"required name=search_term_string\"}],\"inLanguage\":\"es\"},{\"@type\":\"Organization\",\"@id\":\"https:\/\/terazem.eu\/#organization\",\"name\":\"Terazem\",\"alternateName\":\"Terazem\",\"url\":\"https:\/\/terazem.eu\/\",\"logo\":{\"@type\":\"ImageObject\",\"inLanguage\":\"es\",\"@id\":\"https:\/\/terazem.eu\/#\/schema\/logo\/image\/\",\"url\":\"https:\/\/terazem.eu\/wp-content\/uploads\/2023\/01\/Logo-TERAZEM-1-fond-clair.png\",\"contentUrl\":\"https:\/\/terazem.eu\/wp-content\/uploads\/2023\/01\/Logo-TERAZEM-1-fond-clair.png\",\"width\":499,\"height\":128,\"caption\":\"Terazem\"},\"image\":{\"@id\":\"https:\/\/terazem.eu\/#\/schema\/logo\/image\/\"},\"sameAs\":[\"https:\/\/fr.linkedin.com\/company\/terazem\"]}]}<\/script>\n<!-- \/ Yoast SEO plugin. -->","yoast_head_json":{"title":"Consultora de estrategia econ\u00f3mica e inmobiliaria","description":"TERAZEM es una consultora independiente y privada en estrategia econ\u00f3mica e inmobiliaria que ofrece soluciones a medida para apoyar territorios y empresas.","robots":{"index":"noindex","follow":"follow"},"og_locale":"es_ES","og_type":"article","og_title":"Consultora de estrategia econ\u00f3mica e inmobiliaria","og_description":"TERAZEM es una consultora independiente y privada en estrategia econ\u00f3mica e inmobiliaria que ofrece soluciones a medida para apoyar territorios y empresas.","og_url":"https:\/\/terazem.eu\/es\/menu-mapa-del-sitio\/","og_site_name":"Terazem to firma konsultingowa specjalizuj\u0105ca si\u0119 w strategii gospodarczej i nieruchomo\u015bciowej kt\u00f3ra \u0142\u0105czy terytoria i firmy","article_modified_time":"2021-09-28T07:56:49+00:00","twitter_card":"summary_large_image","twitter_misc":{"Tiempo de lectura":"1 minuto"},"schema":{"@context":"https:\/\/schema.org","@graph":[{"@type":"WebPage","@id":"https:\/\/terazem.eu\/es\/menu-mapa-del-sitio\/","url":"https:\/\/terazem.eu\/es\/menu-mapa-del-sitio\/","name":"Consultora de estrategia econ\u00f3mica e inmobiliaria","isPartOf":{"@id":"https:\/\/terazem.eu\/#website"},"datePublished":"2021-09-03T07:43:03+00:00","dateModified":"2021-09-28T07:56:49+00:00","description":"TERAZEM es una consultora independiente y privada en estrategia econ\u00f3mica e inmobiliaria que ofrece soluciones a medida para apoyar territorios y empresas.","breadcrumb":{"@id":"https:\/\/terazem.eu\/es\/menu-mapa-del-sitio\/#breadcrumb"},"inLanguage":"es","potentialAction":[{"@type":"ReadAction","target":["https:\/\/terazem.eu\/es\/menu-mapa-del-sitio\/"]}]},{"@type":"BreadcrumbList","@id":"https:\/\/terazem.eu\/es\/menu-mapa-del-sitio\/#breadcrumb","itemListElement":[{"@type":"ListItem","position":1,"name":"Strona g\u0142\u00f3wna","item":"https:\/\/terazem.eu\/es\/"},{"@type":"ListItem","position":2,"name":"MEN\u00da &#8211; MAPA DEL SITIO"}]},{"@type":"WebSite","@id":"https:\/\/terazem.eu\/#website","url":"https:\/\/terazem.eu\/","name":"Terazem to firma konsultingowa specjalizuj\u0105ca si\u0119 w strategii gospodarczej i nieruchomo\u015bciowej kt\u00f3ra \u0142\u0105czy terytoria i firmy","description":"Terazem to firma konsultingowa specjalizuj\u0105ca si\u0119 w strategii gospodarczej i nieruchomo\u015bciowej kt\u00f3ra \u0142\u0105czy terytoria i firmy","publisher":{"@id":"https:\/\/terazem.eu\/#organization"},"alternateName":"Terazem","potentialAction":[{"@type":"SearchAction","target":{"@type":"EntryPoint","urlTemplate":"https:\/\/terazem.eu\/?s={search_term_string}"},"query-input":"required name=search_term_string"}],"inLanguage":"es"},{"@type":"Organization","@id":"https:\/\/terazem.eu\/#organization","name":"Terazem","alternateName":"Terazem","url":"https:\/\/terazem.eu\/","logo":{"@type":"ImageObject","inLanguage":"es","@id":"https:\/\/terazem.eu\/#\/schema\/logo\/image\/","url":"https:\/\/terazem.eu\/wp-content\/uploads\/2023\/01\/Logo-TERAZEM-1-fond-clair.png","contentUrl":"https:\/\/terazem.eu\/wp-content\/uploads\/2023\/01\/Logo-TERAZEM-1-fond-clair.png","width":499,"height":128,"caption":"Terazem"},"image":{"@id":"https:\/\/terazem.eu\/#\/schema\/logo\/image\/"},"sameAs":["https:\/\/fr.linkedin.com\/company\/terazem"]}]}},"_links":{"self":[{"href":"https:\/\/terazem.eu\/es\/wp-json\/wp\/v2\/pages\/1155","targetHints":{"allow":["GET"]}}],"collection":[{"href":"https:\/\/terazem.eu\/es\/wp-json\/wp\/v2\/pages"}],"about":[{"href":"https:\/\/terazem.eu\/es\/wp-json\/wp\/v2\/types\/page"}],"author":[{"embeddable":true,"href":"https:\/\/terazem.eu\/es\/wp-json\/wp\/v2\/users\/1"}],"replies":[{"embeddable":true,"href":"https:\/\/terazem.eu\/es\/wp-json\/wp\/v2\/comments?post=1155"}],"version-history":[{"count":8,"href":"https:\/\/terazem.eu\/es\/wp-json\/wp\/v2\/pages\/1155\/revisions"}],"predecessor-version":[{"id":1718,"href":"https:\/\/terazem.eu\/es\/wp-json\/wp\/v2\/pages\/1155\/revisions\/1718"}],"wp:attachment":[{"href":"https:\/\/terazem.eu\/es\/wp-json\/wp\/v2\/media?parent=1155"}],"curies":[{"name":"wp","href":"https:\/\/api.w.org\/{rel}","templated":true}]}}