{"id":1152,"date":"2021-09-03T09:30:37","date_gmt":"2021-09-03T07:30:37","guid":{"rendered":"https:\/\/terazem.empressia.dev\/?page_id=1152"},"modified":"2022-03-29T18:35:50","modified_gmt":"2022-03-29T16:35:50","slug":"menu-aviso-legal","status":"publish","type":"page","link":"https:\/\/terazem.eu\/es\/menu-aviso-legal\/","title":{"rendered":"MEN\u00da &#8211; AVISO LEGAL"},"content":{"rendered":"\n<p>Al acceder a este sitio, usted acepta, sin limitaci\u00f3n ni reserva, las disposiciones legales vigentes y las condiciones que se detallan a continuaci\u00f3n.<\/p>\n\n\n\n<h6 class=\"wp-block-heading\"> El sitio web terazem.eu es propiedad de:<\/h6>\n\n\n\n<p><br>Empresa: TERAZEM<br>SAS con un capital de 1.000,00 euros<br>RCS Par\u00eds B 889 927&nbsp;521<br>TVA FR 68889927521<\/p>\n\n\n\n<p>Direcci\u00f3n: 1 rue de Stockholm, 75008 PARIS FRANCE<br>Direcci\u00f3n de correo electr\u00f3nico: <a href=\"mailto:contact@terazem.eu\">contact@terazem.eu<\/a><br>Director de la publicaci\u00f3n: Thomas Kwak<\/p>\n\n\n\n<hr class=\"wp-block-separator\"\/>\n\n\n\n<h6 class=\"wp-block-heading\">Sitio alojado por:<\/h6>\n\n\n\n<p><br>Empresa: OVH SAS<br>OVH SAS, 2 rue Kellermann \u2013 59100 Roubaix \u2013 Francia<br><a href=\"Tel: 0 899 701 761 \u2013 Fax: 03 20 20 09 58\">Tel: 0 899 701 761 \u2013 Fax: 03 20 20 09 58<\/a><\/p>\n\n\n\n<hr class=\"wp-block-separator\"\/>\n\n\n\n<h6 class=\"wp-block-heading\">Sitio creado por:<\/h6>\n\n\n\n<p><br><a href=\"http:\/\/www.weareback.fr\/\">Empressia<br><\/a><a href=\"mailto:contact@weareback.fr\">biuro@empressia.pl<br><\/a>Skalna 20<\/p>\n\n\n\n<p>60-113 Pozna\u0144 , Polonia<\/p>\n\n\n\n<p>El titular de este sitio se reserva el derecho de modificar su contenido en cualquier momento y sin previo aviso<\/p>\n\n\n\n<p>No se hace responsable de las consecuencias de tales modificaciones. Asimismo, se reserva el derecho de interrumpir o suspender total o parcialmente las funcionalidades del sitio en cualquier momento y sin previo aviso.<\/p>\n\n\n\n<hr class=\"wp-block-separator\"\/>\n\n\n\n<h6 class=\"wp-block-heading\"><strong>RGPD<\/strong><\/h6>\n\n\n\n<p><\/p>\n\n\n\n<p>En el contexto del funcionamiento de su sitio web, Terazem puede procesar datos personales. Como responsable del tratamiento, Terazem cumple con todas sus obligaciones en virtud de la normativa aplicable. Como tal, ha implementado una pol\u00edtica de protecci\u00f3n de datos personales.<\/p>\n\n\n\n<hr class=\"wp-block-separator\"\/>\n\n\n\n<div style=\"height:50px\" aria-hidden=\"true\" class=\"wp-block-spacer\"><\/div>\n\n\n\n<p><strong>1. INFORMACI\u00d3N EN EL SITIO<\/strong><\/p>\n\n\n\n<p>El propietario del sitio proporciona informaci\u00f3n con fines meramente informativos. Se esfuerza por controlar su exactitud y mantenerlos actualizados. Pero no se garantiza la exactitud, precisi\u00f3n, actualizaci\u00f3n o integridad de esta informaci\u00f3n.<\/p>\n\n\n\n<p>En consecuencia, y con la excepci\u00f3n de la mala conducta grave e intencional, el propietario del sitio declina toda responsabilidad por cualquier da\u00f1o que resulte en particular de una imprecisi\u00f3n o inexactitud de la informaci\u00f3n disponible en este sitio, o por cualquier infracci\u00f3n resultante de una intrusi\u00f3n fraudulenta de un tercero en este sitio, o por cualquier da\u00f1o o virus que pueda da\u00f1ar o inutilizar su equipo inform\u00e1tico despu\u00e9s de la visita de este sitio.<\/p>\n\n\n\n<p>El propietario del sitio no puede ser considerado responsable en caso de indisponibilidad del sitio por cualquier motivo.<\/p>\n\n\n\n<p><strong>2. PROPIEDAD INTELECTUAL E INDUSTRIAL<\/strong><\/p>\n\n\n\n<p>El acceso a este sitio le otorga un derecho de uso privado y no exclusivo de este sitio. Todos los elementos publicados en este sitio, incluyendo en particular los textos, fotograf\u00edas, logotipos, marcas, &#8230; constituyen obras de la mente en el sentido del C\u00f3digo de propiedad intelectual. Por lo tanto, cualquier uso en forma de representaci\u00f3n, modificaci\u00f3n, reproducci\u00f3n, &#8230; en todo o en parte, que pueda hacerse sin el consentimiento de sus autores o de sus beneficiarios, es ilegal.<\/p>\n\n\n\n<p>Este sitio respeta los derechos de autor. Quedan reservados todos los derechos de los autores de las obras protegidas reproducidas y comunicadas en este sitio.<\/p>\n\n\n\n<p><strong>3. ENLACES A OTROS SITIOS<\/strong><\/p>\n\n\n\n<p>Este sitio utiliza cookies que son ficheros almacenados en su ordenador que permiten un f\u00e1cil acceso a los servicios ofrecidos. En ning\u00fan caso las cookies de este sitio web podr\u00e1n ser utilizadas para recoger datos de car\u00e1cter personal sin su consentimiento expreso. Le informamos que puede oponerse al registro de estas cookies configurando su ordenador de acuerdo con los procedimientos detallados en el sitio: <a href=\"http:\/\/www.cnil.fr\/\">www.cnil.fr<\/a><\/p>\n\n\n\n<p><strong>4. LEY APLICABLE<\/strong><\/p>\n\n\n\n<p>Cualquier dificultad, reclamaci\u00f3n o disputa que surja de o est\u00e9 relacionada con estos t\u00e9rminos de uso se regir\u00e1 por la ley francesa. El Tribunal de Comercio de Par\u00eds tendr\u00e1 jurisdicci\u00f3n exclusiva.<\/p>\n\n\n\n<p>En el caso de que cualquiera de estos T\u00e9rminos de Uso se considere ilegal, inv\u00e1lido o inaplicable, de conformidad con cualquier ley, reglamento o despu\u00e9s de una decisi\u00f3n final de un tribunal competente, las disposiciones restantes permanecer\u00e1n en pleno vigor y efecto.<\/p>\n","protected":false},"excerpt":{"rendered":"<p>Al acceder a este sitio, usted acepta, sin limitaci\u00f3n ni reserva, las disposiciones legales vigentes y las condiciones que se detallan a continuaci\u00f3n. El sitio web terazem.eu es propiedad de: Empresa: TERAZEMSAS con un capital de 1.000,00 eurosRCS Par\u00eds B 889 927&nbsp;521TVA FR 68889927521 Direcci\u00f3n: 1 rue de Stockholm, 75008 PARIS FRANCEDirecci\u00f3n de correo electr\u00f3nico: [&hellip;]<\/p>\n","protected":false},"author":1,"featured_media":0,"parent":0,"menu_order":0,"comment_status":"closed","ping_status":"closed","template":"page-templates\/content-page.php","meta":{"footnotes":""},"class_list":["post-1152","page","type-page","status-publish","hentry"],"yoast_head":"<!-- This site is optimized with the Yoast SEO plugin v19.10 - https:\/\/yoast.com\/wordpress\/plugins\/seo\/ -->\n<title>Consultora de estrategia econ\u00f3mica e inmobiliaria<\/title>\n<meta name=\"description\" content=\"TERAZEM es una consultora independiente y privada en estrategia econ\u00f3mica e inmobiliaria que ofrece soluciones a medida para apoyar territorios y empresas.\" \/>\n<meta name=\"robots\" content=\"noindex, follow\" \/>\n<meta property=\"og:locale\" content=\"es_ES\" \/>\n<meta property=\"og:type\" content=\"article\" \/>\n<meta property=\"og:title\" content=\"Consultora de estrategia econ\u00f3mica e inmobiliaria\" \/>\n<meta property=\"og:description\" content=\"TERAZEM es una consultora independiente y privada en estrategia econ\u00f3mica e inmobiliaria que ofrece soluciones a medida para apoyar territorios y empresas.\" \/>\n<meta property=\"og:url\" content=\"https:\/\/terazem.eu\/es\/menu-aviso-legal\/\" \/>\n<meta property=\"og:site_name\" content=\"Terazem to firma konsultingowa specjalizuj\u0105ca si\u0119 w strategii gospodarczej i nieruchomo\u015bciowej kt\u00f3ra \u0142\u0105czy terytoria i firmy\" \/>\n<meta property=\"article:modified_time\" content=\"2022-03-29T16:35:50+00:00\" \/>\n<meta name=\"twitter:card\" content=\"summary_large_image\" \/>\n<meta name=\"twitter:label1\" content=\"Tiempo de lectura\" \/>\n\t<meta name=\"twitter:data1\" content=\"3 minutos\" \/>\n<script type=\"application\/ld+json\" class=\"yoast-schema-graph\">{\"@context\":\"https:\/\/schema.org\",\"@graph\":[{\"@type\":\"WebPage\",\"@id\":\"https:\/\/terazem.eu\/es\/menu-aviso-legal\/\",\"url\":\"https:\/\/terazem.eu\/es\/menu-aviso-legal\/\",\"name\":\"Consultora de estrategia econ\u00f3mica e inmobiliaria\",\"isPartOf\":{\"@id\":\"https:\/\/terazem.eu\/#website\"},\"datePublished\":\"2021-09-03T07:30:37+00:00\",\"dateModified\":\"2022-03-29T16:35:50+00:00\",\"description\":\"TERAZEM es una consultora independiente y privada en estrategia econ\u00f3mica e inmobiliaria que ofrece soluciones a medida para apoyar territorios y empresas.\",\"breadcrumb\":{\"@id\":\"https:\/\/terazem.eu\/es\/menu-aviso-legal\/#breadcrumb\"},\"inLanguage\":\"es\",\"potentialAction\":[{\"@type\":\"ReadAction\",\"target\":[\"https:\/\/terazem.eu\/es\/menu-aviso-legal\/\"]}]},{\"@type\":\"BreadcrumbList\",\"@id\":\"https:\/\/terazem.eu\/es\/menu-aviso-legal\/#breadcrumb\",\"itemListElement\":[{\"@type\":\"ListItem\",\"position\":1,\"name\":\"Strona g\u0142\u00f3wna\",\"item\":\"https:\/\/terazem.eu\/es\/\"},{\"@type\":\"ListItem\",\"position\":2,\"name\":\"MEN\u00da &#8211; AVISO LEGAL\"}]},{\"@type\":\"WebSite\",\"@id\":\"https:\/\/terazem.eu\/#website\",\"url\":\"https:\/\/terazem.eu\/\",\"name\":\"Terazem to firma konsultingowa specjalizuj\u0105ca si\u0119 w strategii gospodarczej i nieruchomo\u015bciowej kt\u00f3ra \u0142\u0105czy terytoria i firmy\",\"description\":\"Terazem to firma konsultingowa specjalizuj\u0105ca si\u0119 w strategii gospodarczej i nieruchomo\u015bciowej kt\u00f3ra \u0142\u0105czy terytoria i firmy\",\"publisher\":{\"@id\":\"https:\/\/terazem.eu\/#organization\"},\"alternateName\":\"Terazem\",\"potentialAction\":[{\"@type\":\"SearchAction\",\"target\":{\"@type\":\"EntryPoint\",\"urlTemplate\":\"https:\/\/terazem.eu\/?s={search_term_string}\"},\"query-input\":\"required name=search_term_string\"}],\"inLanguage\":\"es\"},{\"@type\":\"Organization\",\"@id\":\"https:\/\/terazem.eu\/#organization\",\"name\":\"Terazem\",\"alternateName\":\"Terazem\",\"url\":\"https:\/\/terazem.eu\/\",\"logo\":{\"@type\":\"ImageObject\",\"inLanguage\":\"es\",\"@id\":\"https:\/\/terazem.eu\/#\/schema\/logo\/image\/\",\"url\":\"https:\/\/terazem.eu\/wp-content\/uploads\/2023\/01\/Logo-TERAZEM-1-fond-clair.png\",\"contentUrl\":\"https:\/\/terazem.eu\/wp-content\/uploads\/2023\/01\/Logo-TERAZEM-1-fond-clair.png\",\"width\":499,\"height\":128,\"caption\":\"Terazem\"},\"image\":{\"@id\":\"https:\/\/terazem.eu\/#\/schema\/logo\/image\/\"},\"sameAs\":[\"https:\/\/fr.linkedin.com\/company\/terazem\"]}]}<\/script>\n<!-- \/ Yoast SEO plugin. -->","yoast_head_json":{"title":"Consultora de estrategia econ\u00f3mica e inmobiliaria","description":"TERAZEM es una consultora independiente y privada en estrategia econ\u00f3mica e inmobiliaria que ofrece soluciones a medida para apoyar territorios y empresas.","robots":{"index":"noindex","follow":"follow"},"og_locale":"es_ES","og_type":"article","og_title":"Consultora de estrategia econ\u00f3mica e inmobiliaria","og_description":"TERAZEM es una consultora independiente y privada en estrategia econ\u00f3mica e inmobiliaria que ofrece soluciones a medida para apoyar territorios y empresas.","og_url":"https:\/\/terazem.eu\/es\/menu-aviso-legal\/","og_site_name":"Terazem to firma konsultingowa specjalizuj\u0105ca si\u0119 w strategii gospodarczej i nieruchomo\u015bciowej kt\u00f3ra \u0142\u0105czy terytoria i firmy","article_modified_time":"2022-03-29T16:35:50+00:00","twitter_card":"summary_large_image","twitter_misc":{"Tiempo de lectura":"3 minutos"},"schema":{"@context":"https:\/\/schema.org","@graph":[{"@type":"WebPage","@id":"https:\/\/terazem.eu\/es\/menu-aviso-legal\/","url":"https:\/\/terazem.eu\/es\/menu-aviso-legal\/","name":"Consultora de estrategia econ\u00f3mica e inmobiliaria","isPartOf":{"@id":"https:\/\/terazem.eu\/#website"},"datePublished":"2021-09-03T07:30:37+00:00","dateModified":"2022-03-29T16:35:50+00:00","description":"TERAZEM es una consultora independiente y privada en estrategia econ\u00f3mica e inmobiliaria que ofrece soluciones a medida para apoyar territorios y empresas.","breadcrumb":{"@id":"https:\/\/terazem.eu\/es\/menu-aviso-legal\/#breadcrumb"},"inLanguage":"es","potentialAction":[{"@type":"ReadAction","target":["https:\/\/terazem.eu\/es\/menu-aviso-legal\/"]}]},{"@type":"BreadcrumbList","@id":"https:\/\/terazem.eu\/es\/menu-aviso-legal\/#breadcrumb","itemListElement":[{"@type":"ListItem","position":1,"name":"Strona g\u0142\u00f3wna","item":"https:\/\/terazem.eu\/es\/"},{"@type":"ListItem","position":2,"name":"MEN\u00da &#8211; AVISO LEGAL"}]},{"@type":"WebSite","@id":"https:\/\/terazem.eu\/#website","url":"https:\/\/terazem.eu\/","name":"Terazem to firma konsultingowa specjalizuj\u0105ca si\u0119 w strategii gospodarczej i nieruchomo\u015bciowej kt\u00f3ra \u0142\u0105czy terytoria i firmy","description":"Terazem to firma konsultingowa specjalizuj\u0105ca si\u0119 w strategii gospodarczej i nieruchomo\u015bciowej kt\u00f3ra \u0142\u0105czy terytoria i firmy","publisher":{"@id":"https:\/\/terazem.eu\/#organization"},"alternateName":"Terazem","potentialAction":[{"@type":"SearchAction","target":{"@type":"EntryPoint","urlTemplate":"https:\/\/terazem.eu\/?s={search_term_string}"},"query-input":"required name=search_term_string"}],"inLanguage":"es"},{"@type":"Organization","@id":"https:\/\/terazem.eu\/#organization","name":"Terazem","alternateName":"Terazem","url":"https:\/\/terazem.eu\/","logo":{"@type":"ImageObject","inLanguage":"es","@id":"https:\/\/terazem.eu\/#\/schema\/logo\/image\/","url":"https:\/\/terazem.eu\/wp-content\/uploads\/2023\/01\/Logo-TERAZEM-1-fond-clair.png","contentUrl":"https:\/\/terazem.eu\/wp-content\/uploads\/2023\/01\/Logo-TERAZEM-1-fond-clair.png","width":499,"height":128,"caption":"Terazem"},"image":{"@id":"https:\/\/terazem.eu\/#\/schema\/logo\/image\/"},"sameAs":["https:\/\/fr.linkedin.com\/company\/terazem"]}]}},"_links":{"self":[{"href":"https:\/\/terazem.eu\/es\/wp-json\/wp\/v2\/pages\/1152","targetHints":{"allow":["GET"]}}],"collection":[{"href":"https:\/\/terazem.eu\/es\/wp-json\/wp\/v2\/pages"}],"about":[{"href":"https:\/\/terazem.eu\/es\/wp-json\/wp\/v2\/types\/page"}],"author":[{"embeddable":true,"href":"https:\/\/terazem.eu\/es\/wp-json\/wp\/v2\/users\/1"}],"replies":[{"embeddable":true,"href":"https:\/\/terazem.eu\/es\/wp-json\/wp\/v2\/comments?post=1152"}],"version-history":[{"count":9,"href":"https:\/\/terazem.eu\/es\/wp-json\/wp\/v2\/pages\/1152\/revisions"}],"predecessor-version":[{"id":2121,"href":"https:\/\/terazem.eu\/es\/wp-json\/wp\/v2\/pages\/1152\/revisions\/2121"}],"wp:attachment":[{"href":"https:\/\/terazem.eu\/es\/wp-json\/wp\/v2\/media?parent=1152"}],"curies":[{"name":"wp","href":"https:\/\/api.w.org\/{rel}","templated":true}]}}