{"id":1117,"date":"2021-09-02T16:58:32","date_gmt":"2021-09-02T14:58:32","guid":{"rendered":"https:\/\/terazem.empressia.dev\/?page_id=1117"},"modified":"2021-10-25T12:12:29","modified_gmt":"2021-10-25T10:12:29","slug":"referencias","status":"publish","type":"page","link":"https:\/\/terazem.eu\/es\/referencias\/","title":{"rendered":"Referencias"},"content":{"rendered":"<section class=\"header-content-with-list relative section-padding-80\">\n\t<div class=\"container\">\n\t\t<div class=\"flex flex-col\">\n\n\t\t\t\t\t\t\t<p class=\"h5 text-color-main mb-10\">\n\t\t\t\t\tReferencias\n\t\t\t\t<\/p>\n\t\t\t\n\t\t\t\t\t\t\t<h2 class=\"text-color-black\">\n\t\t\t\t\tPara empresas y territorios\n\t\t\t\t<\/h2>\n\t\t\t\n\t\t\t\t\t\t\t<p class=\"h5 font-bold mb-10 mt-32\">\n\t\t\t\t\tTrabajamos en representaci\u00f3n de actores p\u00fablicos y privados para apoyar proyectos que puedan integrar una dimensi\u00f3n econ\u00f3mica, social y \/ o inmobiliaria.\n\t\t\t\t<\/p>\n\t\t\t\n\t\t\t<ul class=\"list-border list-border--light-gray list-border--two-columns header-content-with-list__list grid grid-cols-2 mt-24\">\n\t\t\t\t\t\t\t\t\t<li class=\"col-span-2 lg:col-span-1 header-content-with-list__item mb-16 lg:mr-8 flex flex-col\">\n\t\t\t\t\t\t<p class=\"text-size-large font-bold has-charcoal-800-color mb-10\">\n\t\t\t\t\t\t\tEmpresas\n\t\t\t\t\t\t<\/p>\n\t\t\t\t\t\t<p class=\"text-size-large has-charcoal-600-color font-semibold\">\n\t\t\t\t\t\t\tNuestros clientes son creadores de negocios, start-ups innovadoras, pymes, empresas de mediana capitalizaci\u00f3n y grandes grupos internacionales.\n\t\t\t\t\t\t<\/p>\n\t\t\t\t\t<\/li>\n\t\t\t\t\t\t\t\t\t<li class=\"col-span-2 lg:col-span-1 header-content-with-list__item mb-16 lg:mr-8 flex flex-col\">\n\t\t\t\t\t\t<p class=\"text-size-large font-bold has-charcoal-800-color mb-10\">\n\t\t\t\t\t\t\tTerritorios\n\t\t\t\t\t\t<\/p>\n\t\t\t\t\t\t<p class=\"text-size-large has-charcoal-600-color font-semibold\">\n\t\t\t\t\t\t\tNuestros clientes son instituciones p\u00fablicas, c\u00e1maras consulares, agencias de desarrollo econ\u00f3mico y agencias de promoci\u00f3n a nivel local, nacional o internacional.\n\t\t\t\t\t\t<\/p>\n\t\t\t\t\t<\/li>\n\t\t\t\t\t\t\t<\/ul>\n\n\t\t<\/div>\n\t<\/div>\n<\/section>\n\n\n<section class=\"logo-list\">\n\t<div class=\"container grid md:grid-cols-3 sm:grid-cols-1\">\n\n\t\t<div class=\"col-span-3 sm:mb-4 lg:col-span-1 flex flex-col justify-center items-center lg:items-start\">\n\t\t\t\t\t\t\t<p class=\"h5 text-color-main mb-10\">\n\t\t\t\t\tEllos nos hacen\n\t\t\t\t<\/p>\n\t\t\t\n\t\t\t<h2 class=\"text-color-black\">\n\t\t\t\tConfianza\n\t\t\t<\/h2>\n\t\t<\/div>\n\n\t\t<div class=\"col-span-3 sm:col-span-2 lg:col-span-2 flex justify-between items-center flex-wrap md:mt-0 sm:mt-16\">\n\t\t\t<div class=\"logolist__container swiper-container\">\n\t\t\t\t<div class=\"swiper-wrapper \">\n\t\t\t\t\t\t\t\t\t\t\t<div class=\"swiper-slide\"><img decoding=\"async\" class=\"img-logo  m-5 \" src=\"https:\/\/terazem.eu\/wp-content\/uploads\/2021\/10\/smurfit-kappa-logo.jpg\" alt=\"\"><\/div>\n\t\t\t\t\t\t\t\t\t\t\t<div class=\"swiper-slide\"><img decoding=\"async\" class=\"img-logo  m-5 \" src=\"https:\/\/terazem.eu\/wp-content\/uploads\/2021\/10\/newcold-logo.jpg\" alt=\"\"><\/div>\n\t\t\t\t\t\t\t\t\t\t\t<div class=\"swiper-slide\"><img decoding=\"async\" class=\"img-logo  m-5 \" src=\"https:\/\/terazem.eu\/wp-content\/uploads\/2021\/10\/Beaumont-e1635156305282.png\" alt=\"\"><\/div>\n\t\t\t\t\t\t\t\t\t\t\t<div class=\"swiper-slide\"><img decoding=\"async\" class=\"img-logo  m-5 \" src=\"https:\/\/terazem.eu\/wp-content\/uploads\/2021\/10\/Serpe-groupe-Vf-e1635156110720.jpg\" alt=\"\"><\/div>\n\t\t\t\t\t\t\t\t\t\t\t<div class=\"swiper-slide\"><img decoding=\"async\" class=\"img-logo  m-5 \" src=\"https:\/\/terazem.eu\/wp-content\/uploads\/2021\/10\/CCIFP1.jpg\" alt=\"\"><\/div>\n\t\t\t\t\t\t\t\t\t<\/div>\n\t\t\t<\/div>\n\t\t<\/div>\n\n\t<\/div>\n<\/section>\n\n\n<section class=\"dark-list relative background-charcoal-800 section-padding-80\">\n\t<div class=\"container\">\n\t\t<div class=\"flex flex-col items-center xl:items-start\">\n\t\t\t<p class=\"h5 text-color-main\">\n\t\t\t\tReferencias sectoriales\n\t\t\t<\/p>\n\t\t\t<h2 class=\"text-color-white mb-32 mt-10\">\n\t\t\t\tIndustrias y servicios\n\t\t\t<\/h2>\n\t\t<\/div>\n\t\t<ul class=\"grid grid-cols-4 gap-x-24 gap-y-12\">\n\t\t\t\t\t\t\t<li class=\"col-span-4 md:col-span-2 xl:col-span-1 text-size-large font-bold has-charcoal-300-color\">\n\t\t\t\t\t AGROALIMENTARIO\n\t\t\t\t<\/li>\n\t\t\t\t\t\t\t<li class=\"col-span-4 md:col-span-2 xl:col-span-1 text-size-large font-bold has-charcoal-300-color\">\n\t\t\t\t\tACONDICIONAMIENTO\n\t\t\t\t<\/li>\n\t\t\t\t\t\t\t<li class=\"col-span-4 md:col-span-2 xl:col-span-1 text-size-large font-bold has-charcoal-300-color\">\n\t\t\t\t\tLOG\u00cdSTICA &#8211; TRANSPORTE\n\t\t\t\t<\/li>\n\t\t\t\t\t\t\t<li class=\"col-span-4 md:col-span-2 xl:col-span-1 text-size-large font-bold has-charcoal-300-color\">\n\t\t\t\t\tVENTA MINORISTA\n\t\t\t\t<\/li>\n\t\t\t\t\t\t\t<li class=\"col-span-4 md:col-span-2 xl:col-span-1 text-size-large font-bold has-charcoal-300-color\">\n\t\t\t\t\tFERROCARRIL\n\t\t\t\t<\/li>\n\t\t\t\t\t\t\t<li class=\"col-span-4 md:col-span-2 xl:col-span-1 text-size-large font-bold has-charcoal-300-color\">\n\t\t\t\t\tRECICLAJE\n\t\t\t\t<\/li>\n\t\t\t\t\t\t\t<li class=\"col-span-4 md:col-span-2 xl:col-span-1 text-size-large font-bold has-charcoal-300-color\">\n\t\t\t\t\tEMBALAJE\n\t\t\t\t<\/li>\n\t\t\t\t\t\t\t<li class=\"col-span-4 md:col-span-2 xl:col-span-1 text-size-large font-bold has-charcoal-300-color\">\n\t\t\t\t\tINNOVACI\u00d3N\n\t\t\t\t<\/li>\n\t\t\t\t\t\t\t<li class=\"col-span-4 md:col-span-2 xl:col-span-1 text-size-large font-bold has-charcoal-300-color\">\n\t\t\t\t\tHIDR\u00d3GENO\n\t\t\t\t<\/li>\n\t\t\t\t\t\t\t<li class=\"col-span-4 md:col-span-2 xl:col-span-1 text-size-large font-bold has-charcoal-300-color\">\n\t\t\t\t\tENERG\u00cdA &#8211; BATER\u00cdA\n\t\t\t\t<\/li>\n\t\t\t\t\t\t\t<li class=\"col-span-4 md:col-span-2 xl:col-span-1 text-size-large font-bold has-charcoal-300-color\">\n\t\t\t\t\tVIENTO\n\t\t\t\t<\/li>\n\t\t\t\t\t\t\t<li class=\"col-span-4 md:col-span-2 xl:col-span-1 text-size-large font-bold has-charcoal-300-color\">\n\t\t\t\t\tECO-INDUSTRIAS\n\t\t\t\t<\/li>\n\t\t\t\t\t\t\t<li class=\"col-span-4 md:col-span-2 xl:col-span-1 text-size-large font-bold has-charcoal-300-color\">\n\t\t\t\t\tAERON\u00c1UTICA\n\t\t\t\t<\/li>\n\t\t\t\t\t\t\t<li class=\"col-span-4 md:col-span-2 xl:col-span-1 text-size-large font-bold has-charcoal-300-color\">\n\t\t\t\t\tPL\u00c1STICO &#8211; CAUCHO\n\t\t\t\t<\/li>\n\t\t\t\t\t\t\t<li class=\"col-span-4 md:col-span-2 xl:col-span-1 text-size-large font-bold has-charcoal-300-color\">\n\t\t\t\t\tAUTOMOTOR\n\t\t\t\t<\/li>\n\t\t\t\t\t\t\t<li class=\"col-span-4 md:col-span-2 xl:col-span-1 text-size-large font-bold has-charcoal-300-color\">\n\t\t\t\t\tELECTROMOVILIDAD\n\t\t\t\t<\/li>\n\t\t\t\t\t\t\t<li class=\"col-span-4 md:col-span-2 xl:col-span-1 text-size-large font-bold has-charcoal-300-color\">\n\t\t\t\t\tCONSTRUCCI\u00d3N\n\t\t\t\t<\/li>\n\t\t\t\t\t\t\t<li class=\"col-span-4 md:col-span-2 xl:col-span-1 text-size-large font-bold has-charcoal-300-color\">\n\t\t\t\t\tDEFENSA\n\t\t\t\t<\/li>\n\t\t\t\t\t\t\t<li class=\"col-span-4 md:col-span-2 xl:col-span-1 text-size-large font-bold has-charcoal-300-color\">\n\t\t\t\t\tELECTR\u00d3NICO\n\t\t\t\t<\/li>\n\t\t\t\t\t\t\t<li class=\"col-span-4 md:col-span-2 xl:col-span-1 text-size-large font-bold has-charcoal-300-color\">\n\t\t\t\t\tQU\u00cdMICA &#8211; FARMACIA\n\t\t\t\t<\/li>\n\t\t\t\t\t<\/ul>\n\t<\/div>\n<\/section>\n","protected":false},"excerpt":{"rendered":"","protected":false},"author":1,"featured_media":0,"parent":0,"menu_order":0,"comment_status":"closed","ping_status":"closed","template":"page-templates\/references.php","meta":{"footnotes":""},"class_list":["post-1117","page","type-page","status-publish","hentry"],"yoast_head":"<!-- This site is optimized with the Yoast SEO plugin v19.10 - https:\/\/yoast.com\/wordpress\/plugins\/seo\/ -->\n<title>Consultora de estrategia econ\u00f3mica e inmobiliaria<\/title>\n<meta name=\"description\" content=\"TERAZEM es una consultora independiente y privada en estrategia econ\u00f3mica e inmobiliaria que ofrece soluciones a medida para apoyar territorios y empresas.\" \/>\n<meta name=\"robots\" content=\"noindex, follow\" \/>\n<meta property=\"og:locale\" content=\"es_ES\" \/>\n<meta property=\"og:type\" content=\"article\" \/>\n<meta property=\"og:title\" content=\"Consultora de estrategia econ\u00f3mica e inmobiliaria\" \/>\n<meta property=\"og:description\" content=\"TERAZEM es una consultora independiente y privada en estrategia econ\u00f3mica e inmobiliaria que ofrece soluciones a medida para apoyar territorios y empresas.\" \/>\n<meta property=\"og:url\" content=\"https:\/\/terazem.eu\/es\/referencias\/\" \/>\n<meta property=\"og:site_name\" content=\"Terazem to firma konsultingowa specjalizuj\u0105ca si\u0119 w strategii gospodarczej i nieruchomo\u015bciowej kt\u00f3ra \u0142\u0105czy terytoria i firmy\" \/>\n<meta property=\"article:modified_time\" content=\"2021-10-25T10:12:29+00:00\" \/>\n<meta name=\"twitter:card\" content=\"summary_large_image\" \/>\n<script type=\"application\/ld+json\" class=\"yoast-schema-graph\">{\"@context\":\"https:\/\/schema.org\",\"@graph\":[{\"@type\":\"WebPage\",\"@id\":\"https:\/\/terazem.eu\/es\/referencias\/\",\"url\":\"https:\/\/terazem.eu\/es\/referencias\/\",\"name\":\"Consultora de estrategia econ\u00f3mica e inmobiliaria\",\"isPartOf\":{\"@id\":\"https:\/\/terazem.eu\/#website\"},\"datePublished\":\"2021-09-02T14:58:32+00:00\",\"dateModified\":\"2021-10-25T10:12:29+00:00\",\"description\":\"TERAZEM es una consultora independiente y privada en estrategia econ\u00f3mica e inmobiliaria que ofrece soluciones a medida para apoyar territorios y empresas.\",\"breadcrumb\":{\"@id\":\"https:\/\/terazem.eu\/es\/referencias\/#breadcrumb\"},\"inLanguage\":\"es\",\"potentialAction\":[{\"@type\":\"ReadAction\",\"target\":[\"https:\/\/terazem.eu\/es\/referencias\/\"]}]},{\"@type\":\"BreadcrumbList\",\"@id\":\"https:\/\/terazem.eu\/es\/referencias\/#breadcrumb\",\"itemListElement\":[{\"@type\":\"ListItem\",\"position\":1,\"name\":\"Strona g\u0142\u00f3wna\",\"item\":\"https:\/\/terazem.eu\/es\/\"},{\"@type\":\"ListItem\",\"position\":2,\"name\":\"Referencias\"}]},{\"@type\":\"WebSite\",\"@id\":\"https:\/\/terazem.eu\/#website\",\"url\":\"https:\/\/terazem.eu\/\",\"name\":\"Terazem to firma konsultingowa specjalizuj\u0105ca si\u0119 w strategii gospodarczej i nieruchomo\u015bciowej kt\u00f3ra \u0142\u0105czy terytoria i firmy\",\"description\":\"Terazem to firma konsultingowa specjalizuj\u0105ca si\u0119 w strategii gospodarczej i nieruchomo\u015bciowej kt\u00f3ra \u0142\u0105czy terytoria i firmy\",\"publisher\":{\"@id\":\"https:\/\/terazem.eu\/#organization\"},\"alternateName\":\"Terazem\",\"potentialAction\":[{\"@type\":\"SearchAction\",\"target\":{\"@type\":\"EntryPoint\",\"urlTemplate\":\"https:\/\/terazem.eu\/?s={search_term_string}\"},\"query-input\":\"required name=search_term_string\"}],\"inLanguage\":\"es\"},{\"@type\":\"Organization\",\"@id\":\"https:\/\/terazem.eu\/#organization\",\"name\":\"Terazem\",\"alternateName\":\"Terazem\",\"url\":\"https:\/\/terazem.eu\/\",\"logo\":{\"@type\":\"ImageObject\",\"inLanguage\":\"es\",\"@id\":\"https:\/\/terazem.eu\/#\/schema\/logo\/image\/\",\"url\":\"https:\/\/terazem.eu\/wp-content\/uploads\/2023\/01\/Logo-TERAZEM-1-fond-clair.png\",\"contentUrl\":\"https:\/\/terazem.eu\/wp-content\/uploads\/2023\/01\/Logo-TERAZEM-1-fond-clair.png\",\"width\":499,\"height\":128,\"caption\":\"Terazem\"},\"image\":{\"@id\":\"https:\/\/terazem.eu\/#\/schema\/logo\/image\/\"},\"sameAs\":[\"https:\/\/fr.linkedin.com\/company\/terazem\"]}]}<\/script>\n<!-- \/ Yoast SEO plugin. -->","yoast_head_json":{"title":"Consultora de estrategia econ\u00f3mica e inmobiliaria","description":"TERAZEM es una consultora independiente y privada en estrategia econ\u00f3mica e inmobiliaria que ofrece soluciones a medida para apoyar territorios y empresas.","robots":{"index":"noindex","follow":"follow"},"og_locale":"es_ES","og_type":"article","og_title":"Consultora de estrategia econ\u00f3mica e inmobiliaria","og_description":"TERAZEM es una consultora independiente y privada en estrategia econ\u00f3mica e inmobiliaria que ofrece soluciones a medida para apoyar territorios y empresas.","og_url":"https:\/\/terazem.eu\/es\/referencias\/","og_site_name":"Terazem to firma konsultingowa specjalizuj\u0105ca si\u0119 w strategii gospodarczej i nieruchomo\u015bciowej kt\u00f3ra \u0142\u0105czy terytoria i firmy","article_modified_time":"2021-10-25T10:12:29+00:00","twitter_card":"summary_large_image","schema":{"@context":"https:\/\/schema.org","@graph":[{"@type":"WebPage","@id":"https:\/\/terazem.eu\/es\/referencias\/","url":"https:\/\/terazem.eu\/es\/referencias\/","name":"Consultora de estrategia econ\u00f3mica e inmobiliaria","isPartOf":{"@id":"https:\/\/terazem.eu\/#website"},"datePublished":"2021-09-02T14:58:32+00:00","dateModified":"2021-10-25T10:12:29+00:00","description":"TERAZEM es una consultora independiente y privada en estrategia econ\u00f3mica e inmobiliaria que ofrece soluciones a medida para apoyar territorios y empresas.","breadcrumb":{"@id":"https:\/\/terazem.eu\/es\/referencias\/#breadcrumb"},"inLanguage":"es","potentialAction":[{"@type":"ReadAction","target":["https:\/\/terazem.eu\/es\/referencias\/"]}]},{"@type":"BreadcrumbList","@id":"https:\/\/terazem.eu\/es\/referencias\/#breadcrumb","itemListElement":[{"@type":"ListItem","position":1,"name":"Strona g\u0142\u00f3wna","item":"https:\/\/terazem.eu\/es\/"},{"@type":"ListItem","position":2,"name":"Referencias"}]},{"@type":"WebSite","@id":"https:\/\/terazem.eu\/#website","url":"https:\/\/terazem.eu\/","name":"Terazem to firma konsultingowa specjalizuj\u0105ca si\u0119 w strategii gospodarczej i nieruchomo\u015bciowej kt\u00f3ra \u0142\u0105czy terytoria i firmy","description":"Terazem to firma konsultingowa specjalizuj\u0105ca si\u0119 w strategii gospodarczej i nieruchomo\u015bciowej kt\u00f3ra \u0142\u0105czy terytoria i firmy","publisher":{"@id":"https:\/\/terazem.eu\/#organization"},"alternateName":"Terazem","potentialAction":[{"@type":"SearchAction","target":{"@type":"EntryPoint","urlTemplate":"https:\/\/terazem.eu\/?s={search_term_string}"},"query-input":"required name=search_term_string"}],"inLanguage":"es"},{"@type":"Organization","@id":"https:\/\/terazem.eu\/#organization","name":"Terazem","alternateName":"Terazem","url":"https:\/\/terazem.eu\/","logo":{"@type":"ImageObject","inLanguage":"es","@id":"https:\/\/terazem.eu\/#\/schema\/logo\/image\/","url":"https:\/\/terazem.eu\/wp-content\/uploads\/2023\/01\/Logo-TERAZEM-1-fond-clair.png","contentUrl":"https:\/\/terazem.eu\/wp-content\/uploads\/2023\/01\/Logo-TERAZEM-1-fond-clair.png","width":499,"height":128,"caption":"Terazem"},"image":{"@id":"https:\/\/terazem.eu\/#\/schema\/logo\/image\/"},"sameAs":["https:\/\/fr.linkedin.com\/company\/terazem"]}]}},"_links":{"self":[{"href":"https:\/\/terazem.eu\/es\/wp-json\/wp\/v2\/pages\/1117","targetHints":{"allow":["GET"]}}],"collection":[{"href":"https:\/\/terazem.eu\/es\/wp-json\/wp\/v2\/pages"}],"about":[{"href":"https:\/\/terazem.eu\/es\/wp-json\/wp\/v2\/types\/page"}],"author":[{"embeddable":true,"href":"https:\/\/terazem.eu\/es\/wp-json\/wp\/v2\/users\/1"}],"replies":[{"embeddable":true,"href":"https:\/\/terazem.eu\/es\/wp-json\/wp\/v2\/comments?post=1117"}],"version-history":[{"count":18,"href":"https:\/\/terazem.eu\/es\/wp-json\/wp\/v2\/pages\/1117\/revisions"}],"predecessor-version":[{"id":2071,"href":"https:\/\/terazem.eu\/es\/wp-json\/wp\/v2\/pages\/1117\/revisions\/2071"}],"wp:attachment":[{"href":"https:\/\/terazem.eu\/es\/wp-json\/wp\/v2\/media?parent=1117"}],"curies":[{"name":"wp","href":"https:\/\/api.w.org\/{rel}","templated":true}]}}