{"id":1111,"date":"2021-09-02T16:53:28","date_gmt":"2021-09-02T14:53:28","guid":{"rendered":"https:\/\/terazem.empressia.dev\/?page_id=1111"},"modified":"2021-09-10T10:09:06","modified_gmt":"2021-09-10T08:09:06","slug":"entreprise","status":"publish","type":"page","link":"https:\/\/terazem.eu\/es\/entreprise\/","title":{"rendered":"Soluciones para empresas"},"content":{"rendered":"<section class=\"content-with-image relative section-padding-80 overflow-hidden\">\n\t<div class=\"container--big relative parallax parallax--big grid grid-cols-3\">\n\t\t<div class=\"col-span-1\">\n\t\t\t<div class=\"parallax__line\"><\/div>\n\t\t<\/div>\n\t\t<div class=\"col-span-1\">\n\t\t\t<div class=\"parallax__line\"><\/div>\n\t\t<\/div>\n\t\t<div class=\"col-span-1\">\n\t\t\t<div class=\"parallax__line parallax__line--right\"><\/div>\n\t\t<\/div>\n\t<\/div>\n\n\t<div class=\"container\">\n\t\t<div class=\"flex flex-col\">\n\n\t\t\t\t\t\t\t<p class=\"h5 text-color-main md:mb-10 sm:mb-5\">\n\t\t\t\t\tSoluciones\n\t\t\t\t<\/p>\n\t\t\t\n\t\t\t\t\t\t\t<h2 class=\"md:mb-24 sm:mb-16\">\n\t\t\t\t\tPara empresas\n\t\t\t\t<\/h2>\n\t\t\t\n\t\t\t\t\t\t\t<p class=\"h5 md:mb-40 sm:mb-20\">\n\t\t\t\t\tTERAZEM es una consultora de estrategia econ\u00f3mica que se posiciona como un socio comercial para enfrentar sus desaf\u00edos de desarrollo y reorganizaci\u00f3n empresarial.\r\n\n\t\t\t\t<\/p>\n\t\t\t\n\t\t<\/div>\n\t<\/div>\n\n\t\t\t<img decoding=\"async\" src=\"https:\/\/terazem.eu\/wp-content\/uploads\/2021\/08\/enterprise-background.jpg\" alt=\"\" class=\"content-with-image__image w-full object-cover\">\n\t\t<div class=\"\">\n\t\t<div class=\"container relative\">\n\t\t\t<div class=\"grid grid-cols-2 md:gap-32 sm:gap-24\">\n\n\t\t\t\t<div class=\"col-span-2 lg:col-span-1\">\n\t\t\t\t\t\n\t\t\t\t\t\t\t\t\t<\/div>\n\n\t\t\t\t<div class=\"col-span-2 lg:col-span-1\">\n\t\t\t\t\t\n\t\t\t\t\t\t\t\t\t<\/div>\n\n\t\t\t<\/div>\n\t\t<\/div>\n\t<\/div>\n<\/section>\n\n\n<section class=\"content-with-sticky-image relative \">\n\t<div class=\"container\">\n\t\t<div class=\"flex flex-col\">\n\n\t\t\t<h2 class=\"mb-16\">\n\t\t\t\tDesarrollo de actividades\n\t\t\t<\/h2>\n\n\t\t\t\t\t\t\t<p class=\"heading-subtitle has-main-color font-bold mb-32\">\n\t\t\t\t\tNUESTRO M\u00c9TODO SE ENFOCA RESOLUTIVAMENTE EN LA REALIZACI\u00d3N DE PROYECTOS DE DESARROLLO.\n\t\t\t\t<\/p>\n\t\t\t\n\t\t\t\t\t\t\t<p class=\"text-size-large font-bold has-charcoal-600-color mb-32\">\n\t\t\t\t\tRealizamos estudios de mercado a nivel nacional e internacional y ponemos en marcha acciones para aprovechar las oportunidades y anticipar los riesgos asociados a los proyectos de desarrollo empresarial (nuevo establecimiento, crecimiento externo, desarrollo de productos, etc.). Nuestro enfoque tiene como objetivo facilitar la toma de decisiones y asegurar la realizaci\u00f3n de proyectos de desarrollo mediante el uso de datos cuantitativos y cualitativos de nuestras herramientas de an\u00e1lisis y nuestra red de socios.\r\n\n\t\t\t\t<\/p>\n\t\t\t\n\t\t<\/div>\n\t<\/div>\n\t<div class=\"container\">\n\t\t<div class=\"grid grid-cols-2 gap-32\">\n\t\t\t<div class=\"col-span-2 lg:col-span-1\">\n\t\t\t\t<div class=\"content-with-sticky-image__image relative\">\n\t\t\t\t\t<img decoding=\"async\" src=\"https:\/\/terazem.eu\/wp-content\/uploads\/2021\/08\/enterprise-nos-champs-background.jpeg\" alt=\"\">\n\t\t\t\t\t<p class=\"h2 has-white-color absolute z-10 container-margin--left\">\n\t\t\t\t\t\tNuestros campos de intervenci\u00f3n\n\t\t\t\t\t<\/p>\n\t\t\t\t<\/div>\n\t\t\t<\/div>\n\n\n\t\t\t<div class=\"col-span-2 lg:col-span-1\">\n\t\t\t\t\n\t\t\t\t\t\t\t\t\t\t\t<p class=\"title-img h5 mt-32 mb-16\">\n\t\t\t\t\t\t\tInteligencia de Negocio\n\t\t\t\t\t\t<\/p>\n\t\t\t\t\t\n\t\t\t\t\t\t\t\t\t\t\t<ul class=\"list-border list-border--light-gray\">\n\t\t\t\t\t\t\t<li class=\"text-size-large font-bold has-charcoal-600-color mb-20\">\n\t\t\t\t\t\t\t\tEstamos implementando una estrategia de recolecci\u00f3n y an\u00e1lisis de datos para detectar oportunidades y anticipar riesgos en su mercado.\r\n\n\t\t\t\t\t\t\t<\/li>\n\t\t\t\t\t\t<\/ul>\n\t\t\t\t\t\n\n\t\t\t\t\t\t\t\t\t\t\t<p class=\"text-size-large font-normal has-charcoal-600-color mt-12\">\n\t\t\t\t\t\t\tNuestros logros permiten brindar proyecciones calificadas de las tendencias del mercado, pron\u00f3sticos en t\u00e9rminos de riesgos del sector (suministro de materias primas, temas laborales, etc.), mapas de actores (clientes, proveedores, subcontratistas, proveedores, socios, competidores) en una escala local, nacional o internacional.\n\t\t\t\t\t\t<\/p>\n\t\t\t\t\t\n\t\t\t\t\n\t\t\t\t\t\t\t\t\t\t\t<p class=\"title-img h5 mt-32 mb-16\">\n\t\t\t\t\t\t\tEstrategias de crecimiento\n\t\t\t\t\t\t<\/p>\n\t\t\t\t\t\n\t\t\t\t\t\t\t\t\t\t\t<ul class=\"list-border list-border--light-gray\">\n\t\t\t\t\t\t\t<li class=\"text-size-large font-bold has-charcoal-600-color mb-20\">\n\t\t\t\t\t\t\t\tLe apoyamos en el desarrollo de sus actividades mediante la puesta en marcha de acciones que validan y facilitan sus elecciones estrat\u00e9gicas.\r\n\n\t\t\t\t\t\t\t<\/li>\n\t\t\t\t\t\t<\/ul>\n\t\t\t\t\t\n\n\t\t\t\t\t\t\t\t\t\t\t<p class=\"text-size-large font-normal has-charcoal-600-color mt-12\">\n\t\t\t\t\t\t\tNuestro enfoque favorece el an\u00e1lisis de los motores de crecimiento en los mercados internacionales y de los riesgos asociados a la creaci\u00f3n de nuevos negocios. Nuestras acciones promueven la recopilaci\u00f3n de informaci\u00f3n y el desarrollo de una estrategia para ingresar a un nuevo mercado, desarrollando su red p\u00fablica y privada, identificando clientes-socios u objetivos de adquisici\u00f3n en caso de crecimiento externo.\r\n\n\t\t\t\t\t\t<\/p>\n\t\t\t\t\t\n\t\t\t\t\n\t\t\t\t\t\t\t\t\t\t\t<p class=\"title-img h5 mt-32 mb-16\">\n\t\t\t\t\t\t\tAsistencia de implementaci\u00f3n\n\t\t\t\t\t\t<\/p>\n\t\t\t\t\t\n\t\t\t\t\t\t\t\t\t\t\t<ul class=\"list-border list-border--light-gray\">\n\t\t\t\t\t\t\t<li class=\"text-size-large font-bold has-charcoal-600-color mb-20\">\n\t\t\t\t\t\t\t\tLe apoyamos en la selecci\u00f3n de la ubicaci\u00f3n adecuada seg\u00fan sus actividades y los retos de su proyecto de establecimiento.\r\n\n\t\t\t\t\t\t\t<\/li>\n\t\t\t\t\t\t<\/ul>\n\t\t\t\t\t\n\n\t\t\t\t\t\t\t\t\t\t\t<p class=\"text-size-large font-normal has-charcoal-600-color mt-12\">\n\t\t\t\t\t\t\tNuestro apoyo consiste en validar sus elecciones en t\u00e9rminos de territorio y ecosistema limitando los riesgos asociados con su futuro establecimiento. Analizamos varios aspectos de su proyecto para garantizar una elecci\u00f3n de ubicaci\u00f3n que cumpla con su estrategia de desarrollo y las especificaciones de su proyecto (inmuebles, infraestructura, recursos humanos, acceso a materias primas para clientes, socios, etc.).\n\t\t\t\t\t\t<\/p>\n\t\t\t\t\t\n\t\t\t\t\t\t\t<\/div>\n\n\t\t<\/div>\n\t<\/div>\n<\/section>\n\n\n<section class=\"dark-content-with-link relative background-charcoal-800 section-padding-80\">\n\t<div class=\"container grid grid-cols-5 gap-x-14\">\n\t\t<div class=\"flex flex-col items-center xl:items-start col-span-5 xl:col-span-1\">\n\t\t\t<p class=\"h5 text-color-main\">\n\t\t\t\tSoluci\u00f3n \n\t\t\t<\/p>\n\t\t\t<h2 class=\"text-color-white\">\n\t\t\t\tEurazem\n\t\t\t<\/h2>\n\t\t<\/div>\n\n\t\t<div class=\"col-span-5 xl:col-span-3 flex items-center mt-5 mb-5\">\n\t\t\t<p class=\"dark-content-with-link__desc text-center xl:text-left text-size-large text-color-white mt-4 mb-4 font-semibold\">\n\t\t\t\tDescubra la soluci\u00f3n Eurazem para adquirir y vender bienes inmuebles o para identificar una ubicaci\u00f3n en un territorio\n\t\t\t<\/p>\n\t\t<\/div>\n\t\t<div class=\"col-span-5 xl:col-span-1 flex items-center justify-center xl:justify-end\">\n\t\t\t\t\t<\/div>\n\t<\/div>\n<\/section>\n\n\n<section class=\"content-with-sticky-image relative section-padding-80\">\n\t<div class=\"container\">\n\t\t<div class=\"flex flex-col\">\n\n\t\t\t<h2 class=\"mb-16\">\n\t\t\t\tReestructuraci\u00f3n y reorganizaci\u00f3n de actividades\n\t\t\t<\/h2>\n\n\t\t\t\t\t\t\t<p class=\"heading-subtitle has-main-color font-bold mb-32\">\n\t\t\t\t\tNUESTRO M\u00c9TODO EST\u00c1 DEFINITIVAMENTE ENFOCADO EN LA IDENTIFICACI\u00d3N DE SOLUCIONES.\n\t\t\t\t<\/p>\n\t\t\t\n\t\t\t\t\t\t\t<p class=\"text-size-large font-bold has-charcoal-600-color mb-32\">\n\t\t\t\t\tDesarrollamos estrategias a medida para la identificaci\u00f3n de compradores basadas en el conocimiento y seguimiento de los sectores empresariales y del tejido econ\u00f3mico de los territorios. Construimos una oferta p\u00fablica de adquisici\u00f3n basada en un an\u00e1lisis de la redistribuci\u00f3n de la actividad en el sitio de acuerdo con varios criterios como los activos, las habilidades presentes en caso de toma de control por parte de los empleados, el dinamismo econ\u00f3mico del territorio as\u00ed como el apoyo p\u00fablico y privado. Promocionamos esta oferta a una lista de empresas e inversores seleccionados entre nuestras herramientas de seguimiento, an\u00e1lisis financiero y nuestra cartera de contactos.\r\n\n\t\t\t\t<\/p>\n\t\t\t\n\t\t<\/div>\n\t<\/div>\n\t<div class=\"container\">\n\t\t<div class=\"grid grid-cols-2 gap-32\">\n\t\t\t<div class=\"col-span-2 lg:col-span-1\">\n\t\t\t\t<div class=\"content-with-sticky-image__image relative\">\n\t\t\t\t\t<img decoding=\"async\" src=\"https:\/\/terazem.eu\/wp-content\/uploads\/2021\/08\/enterprise-restrucration-background.jpeg\" alt=\"\">\n\t\t\t\t\t<p class=\"h2 has-white-color absolute z-10 container-margin--left\">\n\t\t\t\t\t\tNuestros campos de intervenci\u00f3n\n\t\t\t\t\t<\/p>\n\t\t\t\t<\/div>\n\t\t\t<\/div>\n\n\n\t\t\t<div class=\"col-span-2 lg:col-span-1\">\n\t\t\t\t\n\t\t\t\t\t\t\t\t\t\t\t<p class=\"title-img h5 mt-32 mb-16\">\n\t\t\t\t\t\t\tb\u00fasqueda de compradores\n\t\t\t\t\t\t<\/p>\n\t\t\t\t\t\n\t\t\t\t\t\t\t\t\t\t\t<ul class=\"list-border list-border--light-gray\">\n\t\t\t\t\t\t\t<li class=\"text-size-large font-bold has-charcoal-600-color mb-20\">\n\t\t\t\t\t\t\t\tLo apoyamos y configuramos un proceso para identificar un comprador como parte del cierre de su sitio.\r\n\n\t\t\t\t\t\t\t<\/li>\n\t\t\t\t\t\t<\/ul>\n\t\t\t\t\t\n\n\t\t\t\t\t\t\t\t\t\t\t<p class=\"text-size-large font-normal has-charcoal-600-color mt-12\">\n\t\t\t\t\t\t\tNuestras acciones permiten identificar compradores en contextos de reestructuraci\u00f3n, dificultades financieras y el impacto en t\u00e9rminos de empleo en los territorios. Nuestros expertos se movilizan para identificar soluciones de devoluci\u00f3n que satisfagan sus desaf\u00edos econ\u00f3micos, legales y sociales. Aseguramos la comunicaci\u00f3n con los agentes econ\u00f3micos locales y los interlocutores sociales.\r\n\n\t\t\t\t\t\t<\/p>\n\t\t\t\t\t\n\t\t\t\t\n\t\t\t\t\t\t\t\t\t\t\t<p class=\"title-img h5 mt-32 mb-16\">\n\t\t\t\t\t\t\tEnajenaci\u00f3n de activos no estrat\u00e9gicos\n\t\t\t\t\t\t<\/p>\n\t\t\t\t\t\n\t\t\t\t\t\t\t\t\t\t\t<ul class=\"list-border list-border--light-gray\">\n\t\t\t\t\t\t\t<li class=\"text-size-large font-bold has-charcoal-600-color mb-20\">\n\t\t\t\t\t\t\t\tBuscamos soluciones de recuperaci\u00f3n en el marco de sus orientaciones estrat\u00e9gicas, sus desaf\u00edos econ\u00f3micos y el reenfoque de sus actividades.\r\n\n\t\t\t\t\t\t\t<\/li>\n\t\t\t\t\t\t<\/ul>\n\t\t\t\t\t\n\n\t\t\t\t\t\t\t\t\t\t\t<p class=\"text-size-large font-normal has-charcoal-600-color mt-12\">\n\t\t\t\t\t\t\tNuestro deseo es brindarle una visi\u00f3n sectorial y econ\u00f3mica en el contexto de la enajenaci\u00f3n de activos considerados no estrat\u00e9gicos por su empresa. Establecemos un an\u00e1lisis aguas arriba y aguas abajo de la actividad a vender con el fin de identificar los sectores y empresas, nacionales y \/ o internacionales, que puedan tener inter\u00e9s en la recuperaci\u00f3n de sus activos.\r\n\n\t\t\t\t\t\t<\/p>\n\t\t\t\t\t\n\t\t\t\t\n\t\t\t\t\t\t\t\t\t\t\t<p class=\"title-img h5 mt-32 mb-16\">\n\t\t\t\t\t\t\tReconversi\u00f3n y reindustrializaci\u00f3n de sitios\n\t\t\t\t\t\t<\/p>\n\t\t\t\t\t\n\t\t\t\t\t\t\t\t\t\t\t<ul class=\"list-border list-border--light-gray\">\n\t\t\t\t\t\t\t<li class=\"text-size-large font-bold has-charcoal-600-color mb-20\">\n\t\t\t\t\t\t\t\tEstamos construyendo una estrategia para redesplegar nuevas actividades en l\u00ednea con el potencial de su sitio y el dinamismo local del territorio.\n\t\t\t\t\t\t\t<\/li>\n\t\t\t\t\t\t<\/ul>\n\t\t\t\t\t\n\n\t\t\t\t\t\t\t\t\t\t\t<p class=\"text-size-large font-normal has-charcoal-600-color mt-12\">\n\t\t\t\t\t\t\tNuestro equipo lleva a cabo todos los procedimientos para establecer escenarios de reconversi\u00f3n cre\u00edbles para su sitio y asegurar su promoci\u00f3n a una lista de empresas y actores econ\u00f3micos locales. Tambi\u00e9n le apoyamos en todos los tr\u00e1mites administrativos y reglamentarios para la comercializaci\u00f3n de su propiedad (diagn\u00f3stico &#8211; auditor\u00eda) a trav\u00e9s de nuestros socios y en las negociaciones relativas a la venta \/ arrendamiento.\r\n\n\t\t\t\t\t\t<\/p>\n\t\t\t\t\t\n\t\t\t\t\t\t\t<\/div>\n\n\t\t<\/div>\n\t<\/div>\n<\/section>\n","protected":false},"excerpt":{"rendered":"","protected":false},"author":1,"featured_media":0,"parent":0,"menu_order":0,"comment_status":"closed","ping_status":"closed","template":"","meta":{"footnotes":""},"class_list":["post-1111","page","type-page","status-publish","hentry"],"yoast_head":"<!-- This site is optimized with the Yoast SEO plugin v19.10 - https:\/\/yoast.com\/wordpress\/plugins\/seo\/ -->\n<title>Consultora de estrategia econ\u00f3mica e inmobiliaria<\/title>\n<meta name=\"description\" content=\"TERAZEM es una consultora independiente y privada en estrategia econ\u00f3mica e inmobiliaria que ofrece soluciones a medida para apoyar territorios y empresas.\" \/>\n<meta name=\"robots\" content=\"noindex, follow\" \/>\n<meta property=\"og:locale\" content=\"es_ES\" \/>\n<meta property=\"og:type\" content=\"article\" \/>\n<meta property=\"og:title\" content=\"Consultora de estrategia econ\u00f3mica e inmobiliaria\" \/>\n<meta property=\"og:description\" content=\"TERAZEM es una consultora independiente y privada en estrategia econ\u00f3mica e inmobiliaria que ofrece soluciones a medida para apoyar territorios y empresas.\" \/>\n<meta property=\"og:url\" content=\"https:\/\/terazem.eu\/es\/entreprise\/\" \/>\n<meta property=\"og:site_name\" content=\"Terazem to firma konsultingowa specjalizuj\u0105ca si\u0119 w strategii gospodarczej i nieruchomo\u015bciowej kt\u00f3ra \u0142\u0105czy terytoria i firmy\" \/>\n<meta property=\"article:modified_time\" content=\"2021-09-10T08:09:06+00:00\" \/>\n<meta name=\"twitter:card\" content=\"summary_large_image\" \/>\n<script type=\"application\/ld+json\" class=\"yoast-schema-graph\">{\"@context\":\"https:\/\/schema.org\",\"@graph\":[{\"@type\":\"WebPage\",\"@id\":\"https:\/\/terazem.eu\/es\/entreprise\/\",\"url\":\"https:\/\/terazem.eu\/es\/entreprise\/\",\"name\":\"Consultora de estrategia econ\u00f3mica e inmobiliaria\",\"isPartOf\":{\"@id\":\"https:\/\/terazem.eu\/#website\"},\"datePublished\":\"2021-09-02T14:53:28+00:00\",\"dateModified\":\"2021-09-10T08:09:06+00:00\",\"description\":\"TERAZEM es una consultora independiente y privada en estrategia econ\u00f3mica e inmobiliaria que ofrece soluciones a medida para apoyar territorios y empresas.\",\"breadcrumb\":{\"@id\":\"https:\/\/terazem.eu\/es\/entreprise\/#breadcrumb\"},\"inLanguage\":\"es\",\"potentialAction\":[{\"@type\":\"ReadAction\",\"target\":[\"https:\/\/terazem.eu\/es\/entreprise\/\"]}]},{\"@type\":\"BreadcrumbList\",\"@id\":\"https:\/\/terazem.eu\/es\/entreprise\/#breadcrumb\",\"itemListElement\":[{\"@type\":\"ListItem\",\"position\":1,\"name\":\"Strona g\u0142\u00f3wna\",\"item\":\"https:\/\/terazem.eu\/es\/\"},{\"@type\":\"ListItem\",\"position\":2,\"name\":\"Soluciones para empresas\"}]},{\"@type\":\"WebSite\",\"@id\":\"https:\/\/terazem.eu\/#website\",\"url\":\"https:\/\/terazem.eu\/\",\"name\":\"Terazem to firma konsultingowa specjalizuj\u0105ca si\u0119 w strategii gospodarczej i nieruchomo\u015bciowej kt\u00f3ra \u0142\u0105czy terytoria i firmy\",\"description\":\"Terazem to firma konsultingowa specjalizuj\u0105ca si\u0119 w strategii gospodarczej i nieruchomo\u015bciowej kt\u00f3ra \u0142\u0105czy terytoria i firmy\",\"publisher\":{\"@id\":\"https:\/\/terazem.eu\/#organization\"},\"alternateName\":\"Terazem\",\"potentialAction\":[{\"@type\":\"SearchAction\",\"target\":{\"@type\":\"EntryPoint\",\"urlTemplate\":\"https:\/\/terazem.eu\/?s={search_term_string}\"},\"query-input\":\"required name=search_term_string\"}],\"inLanguage\":\"es\"},{\"@type\":\"Organization\",\"@id\":\"https:\/\/terazem.eu\/#organization\",\"name\":\"Terazem\",\"alternateName\":\"Terazem\",\"url\":\"https:\/\/terazem.eu\/\",\"logo\":{\"@type\":\"ImageObject\",\"inLanguage\":\"es\",\"@id\":\"https:\/\/terazem.eu\/#\/schema\/logo\/image\/\",\"url\":\"https:\/\/terazem.eu\/wp-content\/uploads\/2023\/01\/Logo-TERAZEM-1-fond-clair.png\",\"contentUrl\":\"https:\/\/terazem.eu\/wp-content\/uploads\/2023\/01\/Logo-TERAZEM-1-fond-clair.png\",\"width\":499,\"height\":128,\"caption\":\"Terazem\"},\"image\":{\"@id\":\"https:\/\/terazem.eu\/#\/schema\/logo\/image\/\"},\"sameAs\":[\"https:\/\/fr.linkedin.com\/company\/terazem\"]}]}<\/script>\n<!-- \/ Yoast SEO plugin. -->","yoast_head_json":{"title":"Consultora de estrategia econ\u00f3mica e inmobiliaria","description":"TERAZEM es una consultora independiente y privada en estrategia econ\u00f3mica e inmobiliaria que ofrece soluciones a medida para apoyar territorios y empresas.","robots":{"index":"noindex","follow":"follow"},"og_locale":"es_ES","og_type":"article","og_title":"Consultora de estrategia econ\u00f3mica e inmobiliaria","og_description":"TERAZEM es una consultora independiente y privada en estrategia econ\u00f3mica e inmobiliaria que ofrece soluciones a medida para apoyar territorios y empresas.","og_url":"https:\/\/terazem.eu\/es\/entreprise\/","og_site_name":"Terazem to firma konsultingowa specjalizuj\u0105ca si\u0119 w strategii gospodarczej i nieruchomo\u015bciowej kt\u00f3ra \u0142\u0105czy terytoria i firmy","article_modified_time":"2021-09-10T08:09:06+00:00","twitter_card":"summary_large_image","schema":{"@context":"https:\/\/schema.org","@graph":[{"@type":"WebPage","@id":"https:\/\/terazem.eu\/es\/entreprise\/","url":"https:\/\/terazem.eu\/es\/entreprise\/","name":"Consultora de estrategia econ\u00f3mica e inmobiliaria","isPartOf":{"@id":"https:\/\/terazem.eu\/#website"},"datePublished":"2021-09-02T14:53:28+00:00","dateModified":"2021-09-10T08:09:06+00:00","description":"TERAZEM es una consultora independiente y privada en estrategia econ\u00f3mica e inmobiliaria que ofrece soluciones a medida para apoyar territorios y empresas.","breadcrumb":{"@id":"https:\/\/terazem.eu\/es\/entreprise\/#breadcrumb"},"inLanguage":"es","potentialAction":[{"@type":"ReadAction","target":["https:\/\/terazem.eu\/es\/entreprise\/"]}]},{"@type":"BreadcrumbList","@id":"https:\/\/terazem.eu\/es\/entreprise\/#breadcrumb","itemListElement":[{"@type":"ListItem","position":1,"name":"Strona g\u0142\u00f3wna","item":"https:\/\/terazem.eu\/es\/"},{"@type":"ListItem","position":2,"name":"Soluciones para empresas"}]},{"@type":"WebSite","@id":"https:\/\/terazem.eu\/#website","url":"https:\/\/terazem.eu\/","name":"Terazem to firma konsultingowa specjalizuj\u0105ca si\u0119 w strategii gospodarczej i nieruchomo\u015bciowej kt\u00f3ra \u0142\u0105czy terytoria i firmy","description":"Terazem to firma konsultingowa specjalizuj\u0105ca si\u0119 w strategii gospodarczej i nieruchomo\u015bciowej kt\u00f3ra \u0142\u0105czy terytoria i firmy","publisher":{"@id":"https:\/\/terazem.eu\/#organization"},"alternateName":"Terazem","potentialAction":[{"@type":"SearchAction","target":{"@type":"EntryPoint","urlTemplate":"https:\/\/terazem.eu\/?s={search_term_string}"},"query-input":"required name=search_term_string"}],"inLanguage":"es"},{"@type":"Organization","@id":"https:\/\/terazem.eu\/#organization","name":"Terazem","alternateName":"Terazem","url":"https:\/\/terazem.eu\/","logo":{"@type":"ImageObject","inLanguage":"es","@id":"https:\/\/terazem.eu\/#\/schema\/logo\/image\/","url":"https:\/\/terazem.eu\/wp-content\/uploads\/2023\/01\/Logo-TERAZEM-1-fond-clair.png","contentUrl":"https:\/\/terazem.eu\/wp-content\/uploads\/2023\/01\/Logo-TERAZEM-1-fond-clair.png","width":499,"height":128,"caption":"Terazem"},"image":{"@id":"https:\/\/terazem.eu\/#\/schema\/logo\/image\/"},"sameAs":["https:\/\/fr.linkedin.com\/company\/terazem"]}]}},"_links":{"self":[{"href":"https:\/\/terazem.eu\/es\/wp-json\/wp\/v2\/pages\/1111","targetHints":{"allow":["GET"]}}],"collection":[{"href":"https:\/\/terazem.eu\/es\/wp-json\/wp\/v2\/pages"}],"about":[{"href":"https:\/\/terazem.eu\/es\/wp-json\/wp\/v2\/types\/page"}],"author":[{"embeddable":true,"href":"https:\/\/terazem.eu\/es\/wp-json\/wp\/v2\/users\/1"}],"replies":[{"embeddable":true,"href":"https:\/\/terazem.eu\/es\/wp-json\/wp\/v2\/comments?post=1111"}],"version-history":[{"count":9,"href":"https:\/\/terazem.eu\/es\/wp-json\/wp\/v2\/pages\/1111\/revisions"}],"predecessor-version":[{"id":1574,"href":"https:\/\/terazem.eu\/es\/wp-json\/wp\/v2\/pages\/1111\/revisions\/1574"}],"wp:attachment":[{"href":"https:\/\/terazem.eu\/es\/wp-json\/wp\/v2\/media?parent=1111"}],"curies":[{"name":"wp","href":"https:\/\/api.w.org\/{rel}","templated":true}]}}