{"id":1104,"date":"2021-09-02T16:47:52","date_gmt":"2021-09-02T14:47:52","guid":{"rendered":"https:\/\/terazem.empressia.dev\/?page_id=1104"},"modified":"2021-09-10T10:11:13","modified_gmt":"2021-09-10T08:11:13","slug":"territoire","status":"publish","type":"page","link":"https:\/\/terazem.eu\/es\/territoire\/","title":{"rendered":"Soluciones para territorios"},"content":{"rendered":"<section class=\"content-with-image relative section-padding-80 overflow-hidden\">\n\t<div class=\"container--big relative parallax parallax--big grid grid-cols-3\">\n\t\t<div class=\"col-span-1\">\n\t\t\t<div class=\"parallax__line\"><\/div>\n\t\t<\/div>\n\t\t<div class=\"col-span-1\">\n\t\t\t<div class=\"parallax__line\"><\/div>\n\t\t<\/div>\n\t\t<div class=\"col-span-1\">\n\t\t\t<div class=\"parallax__line parallax__line--right\"><\/div>\n\t\t<\/div>\n\t<\/div>\n\n\t<div class=\"container\">\n\t\t<div class=\"flex flex-col\">\n\n\t\t\t\t\t\t\t<p class=\"h5 text-color-main md:mb-10 sm:mb-5\">\n\t\t\t\t\tSoluciones para\n\t\t\t\t<\/p>\n\t\t\t\n\t\t\t\t\t\t\t<h2 class=\"md:mb-24 sm:mb-16\">\n\t\t\t\t\tTerritorios\n\t\t\t\t<\/h2>\n\t\t\t\n\t\t\t\t\t\t\t<p class=\"h5 md:mb-40 sm:mb-20\">\n\t\t\t\t\tTERAZEM es una consultora de estrategia econ\u00f3mica e inmobiliaria que se posiciona como un facilitador para promover las fortalezas y especificidades de los territorios con el fin de atraer proyectos que generen valor y empleo.\n\t\t\t\t<\/p>\n\t\t\t\n\t\t<\/div>\n\t<\/div>\n\n\t\t\t<img decoding=\"async\" src=\"https:\/\/terazem.eu\/wp-content\/uploads\/2021\/08\/solutions-pour-les-background.jpg\" alt=\"\" class=\"content-with-image__image w-full object-cover\">\n\t\t<div class=\"\">\n\t\t<div class=\"container relative\">\n\t\t\t<div class=\"grid grid-cols-2 md:gap-32 sm:gap-24\">\n\n\t\t\t\t<div class=\"col-span-2 lg:col-span-1\">\n\t\t\t\t\t\n\t\t\t\t\t\t\t\t\t<\/div>\n\n\t\t\t\t<div class=\"col-span-2 lg:col-span-1\">\n\t\t\t\t\t\n\t\t\t\t\t\t\t\t\t<\/div>\n\n\t\t\t<\/div>\n\t\t<\/div>\n\t<\/div>\n<\/section>\n\n\n<section class=\"content-with-sticky-image relative \">\n\t<div class=\"container\">\n\t\t<div class=\"flex flex-col\">\n\n\t\t\t<h2 class=\"mb-16\">\n\t\t\t\tProgramas de prospecci\u00f3n a medida\n\t\t\t<\/h2>\n\n\t\t\t\t\t\t\t<p class=\"heading-subtitle has-main-color font-bold mb-32\">\n\t\t\t\t\tNUESTRO M\u00c9TODO ES PARTE DE UN PROCESO CONTINUO DE DETECCI\u00d3N DE PROYECTOS\n\t\t\t\t<\/p>\n\t\t\t\n\t\t\t\t\t\t\t<p class=\"text-size-large font-bold has-charcoal-600-color mb-32\">\n\t\t\t\t\tEstamos implementando un proceso iterativo de recopilaci\u00f3n y an\u00e1lisis de informaci\u00f3n estrat\u00e9gica con el fin de detectar proyectos de desarrollo y motores de crecimiento para los territorios lo antes posible. Implementamos una metodolog\u00eda probada en t\u00e9rminos de enfoque multiling\u00fce y multicanal para los tomadores de decisiones a escala nacional y \/ o internacional. Realizamos un an\u00e1lisis de los proyectos detectados de acuerdo con los criterios t\u00e9cnicos, financieros y el plan de desarrollo empresarial presentado con el fin de transmitir proyectos cre\u00edbles con impacto positivo en la econom\u00eda y el empleo.\r\n\n\t\t\t\t<\/p>\n\t\t\t\n\t\t<\/div>\n\t<\/div>\n\t<div class=\"container\">\n\t\t<div class=\"grid grid-cols-2 gap-32\">\n\t\t\t<div class=\"col-span-2 lg:col-span-1\">\n\t\t\t\t<div class=\"content-with-sticky-image__image relative\">\n\t\t\t\t\t<img decoding=\"async\" src=\"https:\/\/terazem.eu\/wp-content\/uploads\/2021\/08\/nos-champs-dintervention-background.jpeg\" alt=\"\">\n\t\t\t\t\t<p class=\"h2 has-white-color absolute z-10 container-margin--left\">\n\t\t\t\t\t\tNuestros campos de intervenci\u00f3n\n\t\t\t\t\t<\/p>\n\t\t\t\t<\/div>\n\t\t\t<\/div>\n\n\n\t\t\t<div class=\"col-span-2 lg:col-span-1\">\n\t\t\t\t\n\t\t\t\t\t\t\t\t\t\t\t<p class=\"title-img h5 mt-32 mb-16\">\n\t\t\t\t\t\t\tProspecci\u00f3n de proyectos locales o nacionales\n\t\t\t\t\t\t<\/p>\n\t\t\t\t\t\n\t\t\t\t\t\t\t\t\t\t\t<ul class=\"list-border list-border--light-gray\">\n\t\t\t\t\t\t\t<li class=\"text-size-large font-bold has-charcoal-600-color mb-20\">\n\t\t\t\t\t\t\t\tImplementamos campa\u00f1as de prospecci\u00f3n a medida con empresas de diversos sectores\n\t\t\t\t\t\t\t<\/li>\n\t\t\t\t\t\t<\/ul>\n\t\t\t\t\t\n\n\t\t\t\t\t\t\t\t\t\t\t<p class=\"text-size-large font-normal has-charcoal-600-color mt-12\">\n\t\t\t\t\t\t\tNuestras acciones permiten la identificaci\u00f3n de proyectos de establecimiento, desarrollo empresarial, inversi\u00f3n tur\u00edstica, desarrollo de soluciones innovadoras en la fase de industrializaci\u00f3n, contrataci\u00f3n, etc. Nuestras herramientas de seguimiento y nuestras bases de datos financieras permiten apuntar a empresas de acuerdo con criterios econ\u00f3micos precisos y noticias relacionadas con las intenciones de desarrollo. Estamos fortaleciendo nuestros enfoques de identificaci\u00f3n de proyectos a trav\u00e9s de nuestra presencia en ferias \/ eventos especializados y a trav\u00e9s de nuestra red de expertos del sector con conexiones con tomadores de decisiones de grupos nacionales.\r\n\n\t\t\t\t\t\t<\/p>\n\t\t\t\t\t\n\t\t\t\t\n\t\t\t\t\t\t\t\t\t\t\t<p class=\"title-img h5 mt-32 mb-16\">\n\t\t\t\t\t\t\tProspecci\u00f3n de proyectos internacionales\n\t\t\t\t\t\t<\/p>\n\t\t\t\t\t\n\t\t\t\t\t\t\t\t\t\t\t<ul class=\"list-border list-border--light-gray\">\n\t\t\t\t\t\t\t<li class=\"text-size-large font-bold has-charcoal-600-color mb-20\">\n\t\t\t\t\t\t\t\tRealizamos encuestas espec\u00edficas en una o m\u00e1s \u00e1reas geogr\u00e1ficas gracias a nuestro equipo multiling\u00fce especializado en la identificaci\u00f3n de proyectos extranjeros\n\t\t\t\t\t\t\t<\/li>\n\t\t\t\t\t\t<\/ul>\n\t\t\t\t\t\n\n\t\t\t\t\t\t\t\t\t\t\t<p class=\"text-size-large font-normal has-charcoal-600-color mt-12\">\n\t\t\t\t\t\t\tSeguimos las noticias econ\u00f3micas y los movimientos del mercado global en tiempo real para lograr una orientaci\u00f3n relevante de las empresas internacionales. Nuestro equipo implementa estrategias de detecci\u00f3n de proyectos basadas en un enfoque de inteligencia econ\u00f3mica con el fin de identificar las estrategias de inversi\u00f3n de empresas extranjeras, apertura de filiales, proyectos de desarrollo multisitios, etc.\n\t\t\t\t\t\t<\/p>\n\t\t\t\t\t\n\t\t\t\t\n\t\t\t\t\t\t\t\t\t\t\t<p class=\"title-img h5 mt-32 mb-16\">\n\t\t\t\t\t\t\tIdentificaci\u00f3n de soluciones para sitios y \/ o grupos de propiedades.\n\t\t\t\t\t\t<\/p>\n\t\t\t\t\t\n\t\t\t\t\t\t\t\t\t\t\t<ul class=\"list-border list-border--light-gray\">\n\t\t\t\t\t\t\t<li class=\"text-size-large font-bold has-charcoal-600-color mb-20\">\n\t\t\t\t\t\t\t\tEstamos a su lado para desarrollar estrategias de promoci\u00f3n innovadoras e impactantes que promuevan las perspectivas de desarrollo y el establecimiento en su territorio.\r\n\n\t\t\t\t\t\t\t<\/li>\n\t\t\t\t\t\t<\/ul>\n\t\t\t\t\t\n\n\t\t\t\t\t\t\t\t\t\t\t<p class=\"text-size-large font-normal has-charcoal-600-color mt-12\">\n\t\t\t\t\t\t\tDise\u00f1amos documentos de presentaci\u00f3n para edificios y espacios de tierra disponibles, teniendo en cuenta sus especificidades t\u00e9cnicas y el ecosistema local. Realizamos acciones de prospecci\u00f3n a medida para presentar y promover oportunidades de inversi\u00f3n y establecimiento en su territorio ante un panel de contactos nacionales y \/ o internacionales.\n\t\t\t\t\t\t<\/p>\n\t\t\t\t\t\n\t\t\t\t\t\t\t<\/div>\n\n\t\t<\/div>\n\t<\/div>\n<\/section>\n\n\n<section class=\"dark-content-with-link relative background-charcoal-800 section-padding-80\">\n\t<div class=\"container grid grid-cols-5 gap-x-14\">\n\t\t<div class=\"flex flex-col items-center xl:items-start col-span-5 xl:col-span-1\">\n\t\t\t<p class=\"h5 text-color-main\">\n\t\t\t\tSoluci\u00f3n\n\t\t\t<\/p>\n\t\t\t<h2 class=\"text-color-white\">\n\t\t\t\tEurazem\n\t\t\t<\/h2>\n\t\t<\/div>\n\n\t\t<div class=\"col-span-5 xl:col-span-3 flex items-center mt-5 mb-5\">\n\t\t\t<p class=\"dark-content-with-link__desc text-center xl:text-left text-size-large text-color-white mt-4 mb-4 font-semibold\">\n\t\t\t\tDescubra la soluci\u00f3n Eurazem dedicada a promover su territorio y sus perspectivas de recepci\u00f3n\n\t\t\t<\/p>\n\t\t<\/div>\n\t\t<div class=\"col-span-5 xl:col-span-1 flex items-center justify-center xl:justify-end\">\n\t\t\t\t\t<\/div>\n\t<\/div>\n<\/section>\n\n\n<section class=\"content-with-sticky-image relative section-padding-80\">\n\t<div class=\"container\">\n\t\t<div class=\"flex flex-col\">\n\n\t\t\t<h2 class=\"mb-16\">\n\t\t\t\tAtractivo y dinamismo del territorio\n\t\t\t<\/h2>\n\n\t\t\t\t\t\t\t<p class=\"heading-subtitle has-main-color font-bold mb-32\">\n\t\t\t\t\tNUESTRO M\u00c9TODO SIGUE LA VOLUNTAD DE ACOMPA\u00d1AR CAMBIOS Y DESAF\u00cdOS EN LOS TERRITORIOS\n\t\t\t\t<\/p>\n\t\t\t\n\t\t\t\t\t\t\t<p class=\"text-size-large font-bold has-charcoal-600-color mb-32\">\n\t\t\t\t\tRealizamos diagn\u00f3sticos de viabilidad y sectores con el fin de resaltar el posicionamiento del territorio en relaci\u00f3n a sus orientaciones estrat\u00e9gicas. Aportamos nuestra experiencia para dise\u00f1ar herramientas de desarrollo econ\u00f3mico y promoci\u00f3n territorial movilizando las palancas del marketing digital para atraer proyectos y medir el impacto de las acciones implementadas con los distintos grupos de inter\u00e9s.\r\n\n\t\t\t\t<\/p>\n\t\t\t\n\t\t<\/div>\n\t<\/div>\n\t<div class=\"container\">\n\t\t<div class=\"grid grid-cols-2 gap-32\">\n\t\t\t<div class=\"col-span-2 lg:col-span-1\">\n\t\t\t\t<div class=\"content-with-sticky-image__image relative\">\n\t\t\t\t\t<img decoding=\"async\" src=\"https:\/\/terazem.eu\/wp-content\/uploads\/2021\/08\/nos-champs-intervention-background.jpeg\" alt=\"\">\n\t\t\t\t\t<p class=\"h2 has-white-color absolute z-10 container-margin--left\">\n\t\t\t\t\t\tNuestros campos de intervenci\u00f3n \n\t\t\t\t\t<\/p>\n\t\t\t\t<\/div>\n\t\t\t<\/div>\n\n\n\t\t\t<div class=\"col-span-2 lg:col-span-1\">\n\t\t\t\t\n\t\t\t\t\t\t\t\t\t\t\t<p class=\"title-img h5 mt-32 mb-16\">\n\t\t\t\t\t\t\tEstrategia de promoci\u00f3n territorial\n\t\t\t\t\t\t<\/p>\n\t\t\t\t\t\n\t\t\t\t\t\t\t\t\t\t\t<ul class=\"list-border list-border--light-gray\">\n\t\t\t\t\t\t\t<li class=\"text-size-large font-bold has-charcoal-600-color mb-20\">\n\t\t\t\t\t\t\t\tPotenciamos su territorio a trav\u00e9s del marketing territorial implementando acciones innovadoras para atraer proyectos que generen valor y empleo\r\n\n\t\t\t\t\t\t\t<\/li>\n\t\t\t\t\t\t<\/ul>\n\t\t\t\t\t\n\n\t\t\t\t\t\t\t\t\t\t\t<p class=\"text-size-large font-normal has-charcoal-600-color mt-12\">\n\t\t\t\t\t\t\tNuestro soporte tiene como objetivo analizar las fortalezas y especificidades de su territorio para medir su atractivo. Desarrollamos estrategias de comunicaci\u00f3n basadas en palancas de marketing digital (auditor\u00eda digital, referencia, programaci\u00f3n y distribuci\u00f3n de contenidos) con el fin de resaltar la identidad y marca de su territorio ante inversores y l\u00edderes de proyectos.\r\n\n\t\t\t\t\t\t<\/p>\n\t\t\t\t\t\n\t\t\t\t\n\t\t\t\t\t\t\t\t\t\t\t<p class=\"title-img h5 mt-32 mb-16\">\n\t\t\t\t\t\t\tEstrategia de suelo e inmobiliaria\n\t\t\t\t\t\t<\/p>\n\t\t\t\t\t\n\t\t\t\t\t\t\t\t\t\t\t<ul class=\"list-border list-border--light-gray\">\n\t\t\t\t\t\t\t<li class=\"text-size-large font-bold has-charcoal-600-color mb-20\">\n\t\t\t\t\t\t\t\tAnalizamos el mercado de suelo e inmobiliario en su territorio con el fin de establecer y prever las necesidades en cuanto a acogida de proyectos de implantaci\u00f3n y desarrollo\r\n\n\t\t\t\t\t\t\t<\/li>\n\t\t\t\t\t\t<\/ul>\n\t\t\t\t\t\n\n\t\t\t\t\t\t\t\t\t\t\t<p class=\"text-size-large font-normal has-charcoal-600-color mt-12\">\n\t\t\t\t\t\t\tHacemos un balance de la oferta inmobiliaria y de las reservas de suelo de su territorio para cruzarlas con las expectativas de las empresas y anticiparnos a las necesidades a medio y largo plazo. Estamos desarrollando una estrategia para valorizar lo que ya existe y, con el apoyo de nuestros socios (estudios de dise\u00f1o, estudios de arquitectura, etc.), ofrecemos nuevas \u00e1reas de recepci\u00f3n para proyectos que respondan a las principales orientaciones econ\u00f3micas de su territorio. \r\n\n\t\t\t\t\t\t<\/p>\n\t\t\t\t\t\n\t\t\t\t\n\t\t\t\t\t\t\t\t\t\t\t<p class=\"title-img h5 mt-32 mb-16\">\n\t\t\t\t\t\t\tDesarrollo econ\u00f3mico del territorio\n\t\t\t\t\t\t<\/p>\n\t\t\t\t\t\n\t\t\t\t\t\t\t\t\t\t\t<ul class=\"list-border list-border--light-gray\">\n\t\t\t\t\t\t\t<li class=\"text-size-large font-bold has-charcoal-600-color mb-20\">\n\t\t\t\t\t\t\t\tApoyamos a su territorio en sus reflexiones sobre pol\u00edticas de apoyo empresarial as\u00ed como el desarrollo de competencias y empleo\r\n\n\t\t\t\t\t\t\t<\/li>\n\t\t\t\t\t\t<\/ul>\n\t\t\t\t\t\n\n\t\t\t\t\t\t\t\t\t\t\t<p class=\"text-size-large font-normal has-charcoal-600-color mt-12\">\n\t\t\t\t\t\t\tProponemos identificar y analizar las necesidades de las empresas establecidas en su territorio con respecto a sus desaf\u00edos estrat\u00e9gicos de crecimiento y captaci\u00f3n de mano de obra con el fin de iluminar a los actores locales en la conducci\u00f3n de sus pol\u00edticas de desarrollo econ\u00f3mico y gesti\u00f3n prospectiva de puestos de trabajo y competencias. Tambi\u00e9n estamos implementando acciones innovadoras con empresas locales como parte de mecanismos espec\u00edficos para promover la creaci\u00f3n de empleo.\r\n\n\t\t\t\t\t\t<\/p>\n\t\t\t\t\t\n\t\t\t\t\t\t\t<\/div>\n\n\t\t<\/div>\n\t<\/div>\n<\/section>\n","protected":false},"excerpt":{"rendered":"","protected":false},"author":1,"featured_media":0,"parent":0,"menu_order":0,"comment_status":"closed","ping_status":"closed","template":"","meta":{"footnotes":""},"class_list":["post-1104","page","type-page","status-publish","hentry"],"yoast_head":"<!-- This site is optimized with the Yoast SEO plugin v19.10 - https:\/\/yoast.com\/wordpress\/plugins\/seo\/ -->\n<title>Consultora de estrategia econ\u00f3mica e inmobiliaria<\/title>\n<meta name=\"description\" content=\"TERAZEM es una consultora independiente y privada en estrategia econ\u00f3mica e inmobiliaria que ofrece soluciones a medida para apoyar territorios y empresas.\" \/>\n<meta name=\"robots\" content=\"noindex, follow\" \/>\n<meta property=\"og:locale\" content=\"es_ES\" \/>\n<meta property=\"og:type\" content=\"article\" \/>\n<meta property=\"og:title\" content=\"Consultora de estrategia econ\u00f3mica e inmobiliaria\" \/>\n<meta property=\"og:description\" content=\"TERAZEM es una consultora independiente y privada en estrategia econ\u00f3mica e inmobiliaria que ofrece soluciones a medida para apoyar territorios y empresas.\" \/>\n<meta property=\"og:url\" content=\"https:\/\/terazem.eu\/es\/territoire\/\" \/>\n<meta property=\"og:site_name\" content=\"Terazem to firma konsultingowa specjalizuj\u0105ca si\u0119 w strategii gospodarczej i nieruchomo\u015bciowej kt\u00f3ra \u0142\u0105czy terytoria i firmy\" \/>\n<meta property=\"article:modified_time\" content=\"2021-09-10T08:11:13+00:00\" \/>\n<meta name=\"twitter:card\" content=\"summary_large_image\" \/>\n<script type=\"application\/ld+json\" class=\"yoast-schema-graph\">{\"@context\":\"https:\/\/schema.org\",\"@graph\":[{\"@type\":\"WebPage\",\"@id\":\"https:\/\/terazem.eu\/es\/territoire\/\",\"url\":\"https:\/\/terazem.eu\/es\/territoire\/\",\"name\":\"Consultora de estrategia econ\u00f3mica e inmobiliaria\",\"isPartOf\":{\"@id\":\"https:\/\/terazem.eu\/#website\"},\"datePublished\":\"2021-09-02T14:47:52+00:00\",\"dateModified\":\"2021-09-10T08:11:13+00:00\",\"description\":\"TERAZEM es una consultora independiente y privada en estrategia econ\u00f3mica e inmobiliaria que ofrece soluciones a medida para apoyar territorios y empresas.\",\"breadcrumb\":{\"@id\":\"https:\/\/terazem.eu\/es\/territoire\/#breadcrumb\"},\"inLanguage\":\"es\",\"potentialAction\":[{\"@type\":\"ReadAction\",\"target\":[\"https:\/\/terazem.eu\/es\/territoire\/\"]}]},{\"@type\":\"BreadcrumbList\",\"@id\":\"https:\/\/terazem.eu\/es\/territoire\/#breadcrumb\",\"itemListElement\":[{\"@type\":\"ListItem\",\"position\":1,\"name\":\"Strona g\u0142\u00f3wna\",\"item\":\"https:\/\/terazem.eu\/es\/\"},{\"@type\":\"ListItem\",\"position\":2,\"name\":\"Soluciones para territorios\"}]},{\"@type\":\"WebSite\",\"@id\":\"https:\/\/terazem.eu\/#website\",\"url\":\"https:\/\/terazem.eu\/\",\"name\":\"Terazem to firma konsultingowa specjalizuj\u0105ca si\u0119 w strategii gospodarczej i nieruchomo\u015bciowej kt\u00f3ra \u0142\u0105czy terytoria i firmy\",\"description\":\"Terazem to firma konsultingowa specjalizuj\u0105ca si\u0119 w strategii gospodarczej i nieruchomo\u015bciowej kt\u00f3ra \u0142\u0105czy terytoria i firmy\",\"publisher\":{\"@id\":\"https:\/\/terazem.eu\/#organization\"},\"alternateName\":\"Terazem\",\"potentialAction\":[{\"@type\":\"SearchAction\",\"target\":{\"@type\":\"EntryPoint\",\"urlTemplate\":\"https:\/\/terazem.eu\/?s={search_term_string}\"},\"query-input\":\"required name=search_term_string\"}],\"inLanguage\":\"es\"},{\"@type\":\"Organization\",\"@id\":\"https:\/\/terazem.eu\/#organization\",\"name\":\"Terazem\",\"alternateName\":\"Terazem\",\"url\":\"https:\/\/terazem.eu\/\",\"logo\":{\"@type\":\"ImageObject\",\"inLanguage\":\"es\",\"@id\":\"https:\/\/terazem.eu\/#\/schema\/logo\/image\/\",\"url\":\"https:\/\/terazem.eu\/wp-content\/uploads\/2023\/01\/Logo-TERAZEM-1-fond-clair.png\",\"contentUrl\":\"https:\/\/terazem.eu\/wp-content\/uploads\/2023\/01\/Logo-TERAZEM-1-fond-clair.png\",\"width\":499,\"height\":128,\"caption\":\"Terazem\"},\"image\":{\"@id\":\"https:\/\/terazem.eu\/#\/schema\/logo\/image\/\"},\"sameAs\":[\"https:\/\/fr.linkedin.com\/company\/terazem\"]}]}<\/script>\n<!-- \/ Yoast SEO plugin. -->","yoast_head_json":{"title":"Consultora de estrategia econ\u00f3mica e inmobiliaria","description":"TERAZEM es una consultora independiente y privada en estrategia econ\u00f3mica e inmobiliaria que ofrece soluciones a medida para apoyar territorios y empresas.","robots":{"index":"noindex","follow":"follow"},"og_locale":"es_ES","og_type":"article","og_title":"Consultora de estrategia econ\u00f3mica e inmobiliaria","og_description":"TERAZEM es una consultora independiente y privada en estrategia econ\u00f3mica e inmobiliaria que ofrece soluciones a medida para apoyar territorios y empresas.","og_url":"https:\/\/terazem.eu\/es\/territoire\/","og_site_name":"Terazem to firma konsultingowa specjalizuj\u0105ca si\u0119 w strategii gospodarczej i nieruchomo\u015bciowej kt\u00f3ra \u0142\u0105czy terytoria i firmy","article_modified_time":"2021-09-10T08:11:13+00:00","twitter_card":"summary_large_image","schema":{"@context":"https:\/\/schema.org","@graph":[{"@type":"WebPage","@id":"https:\/\/terazem.eu\/es\/territoire\/","url":"https:\/\/terazem.eu\/es\/territoire\/","name":"Consultora de estrategia econ\u00f3mica e inmobiliaria","isPartOf":{"@id":"https:\/\/terazem.eu\/#website"},"datePublished":"2021-09-02T14:47:52+00:00","dateModified":"2021-09-10T08:11:13+00:00","description":"TERAZEM es una consultora independiente y privada en estrategia econ\u00f3mica e inmobiliaria que ofrece soluciones a medida para apoyar territorios y empresas.","breadcrumb":{"@id":"https:\/\/terazem.eu\/es\/territoire\/#breadcrumb"},"inLanguage":"es","potentialAction":[{"@type":"ReadAction","target":["https:\/\/terazem.eu\/es\/territoire\/"]}]},{"@type":"BreadcrumbList","@id":"https:\/\/terazem.eu\/es\/territoire\/#breadcrumb","itemListElement":[{"@type":"ListItem","position":1,"name":"Strona g\u0142\u00f3wna","item":"https:\/\/terazem.eu\/es\/"},{"@type":"ListItem","position":2,"name":"Soluciones para territorios"}]},{"@type":"WebSite","@id":"https:\/\/terazem.eu\/#website","url":"https:\/\/terazem.eu\/","name":"Terazem to firma konsultingowa specjalizuj\u0105ca si\u0119 w strategii gospodarczej i nieruchomo\u015bciowej kt\u00f3ra \u0142\u0105czy terytoria i firmy","description":"Terazem to firma konsultingowa specjalizuj\u0105ca si\u0119 w strategii gospodarczej i nieruchomo\u015bciowej kt\u00f3ra \u0142\u0105czy terytoria i firmy","publisher":{"@id":"https:\/\/terazem.eu\/#organization"},"alternateName":"Terazem","potentialAction":[{"@type":"SearchAction","target":{"@type":"EntryPoint","urlTemplate":"https:\/\/terazem.eu\/?s={search_term_string}"},"query-input":"required name=search_term_string"}],"inLanguage":"es"},{"@type":"Organization","@id":"https:\/\/terazem.eu\/#organization","name":"Terazem","alternateName":"Terazem","url":"https:\/\/terazem.eu\/","logo":{"@type":"ImageObject","inLanguage":"es","@id":"https:\/\/terazem.eu\/#\/schema\/logo\/image\/","url":"https:\/\/terazem.eu\/wp-content\/uploads\/2023\/01\/Logo-TERAZEM-1-fond-clair.png","contentUrl":"https:\/\/terazem.eu\/wp-content\/uploads\/2023\/01\/Logo-TERAZEM-1-fond-clair.png","width":499,"height":128,"caption":"Terazem"},"image":{"@id":"https:\/\/terazem.eu\/#\/schema\/logo\/image\/"},"sameAs":["https:\/\/fr.linkedin.com\/company\/terazem"]}]}},"_links":{"self":[{"href":"https:\/\/terazem.eu\/es\/wp-json\/wp\/v2\/pages\/1104","targetHints":{"allow":["GET"]}}],"collection":[{"href":"https:\/\/terazem.eu\/es\/wp-json\/wp\/v2\/pages"}],"about":[{"href":"https:\/\/terazem.eu\/es\/wp-json\/wp\/v2\/types\/page"}],"author":[{"embeddable":true,"href":"https:\/\/terazem.eu\/es\/wp-json\/wp\/v2\/users\/1"}],"replies":[{"embeddable":true,"href":"https:\/\/terazem.eu\/es\/wp-json\/wp\/v2\/comments?post=1104"}],"version-history":[{"count":10,"href":"https:\/\/terazem.eu\/es\/wp-json\/wp\/v2\/pages\/1104\/revisions"}],"predecessor-version":[{"id":1576,"href":"https:\/\/terazem.eu\/es\/wp-json\/wp\/v2\/pages\/1104\/revisions\/1576"}],"wp:attachment":[{"href":"https:\/\/terazem.eu\/es\/wp-json\/wp\/v2\/media?parent=1104"}],"curies":[{"name":"wp","href":"https:\/\/api.w.org\/{rel}","templated":true}]}}