{"id":1063,"date":"2021-09-02T16:19:54","date_gmt":"2021-09-02T14:19:54","guid":{"rendered":"https:\/\/terazem.empressia.dev\/?page_id=1063"},"modified":"2021-10-19T11:14:11","modified_gmt":"2021-10-19T09:14:11","slug":"carreras","status":"publish","type":"page","link":"https:\/\/terazem.eu\/es\/carreras\/","title":{"rendered":"Carreras"},"content":{"rendered":"<section class=\"content-with-image relative section-padding-80 overflow-hidden\">\n\t<div class=\"container--big relative parallax parallax--big grid grid-cols-3\">\n\t\t<div class=\"col-span-1\">\n\t\t\t<div class=\"parallax__line\"><\/div>\n\t\t<\/div>\n\t\t<div class=\"col-span-1\">\n\t\t\t<div class=\"parallax__line\"><\/div>\n\t\t<\/div>\n\t\t<div class=\"col-span-1\">\n\t\t\t<div class=\"parallax__line parallax__line--right\"><\/div>\n\t\t<\/div>\n\t<\/div>\n\n\t<div class=\"container\">\n\t\t<div class=\"flex flex-col\">\n\n\t\t\t\t\t\t\t<p class=\"h5 text-color-main md:mb-10 sm:mb-5\">\n\t\t\t\t\t\u00c1rea\n\t\t\t\t<\/p>\n\t\t\t\n\t\t\t\t\t\t\t<h2 class=\"md:mb-24 sm:mb-16\">\n\t\t\t\t\tde Carreras\n\t\t\t\t<\/h2>\n\t\t\t\n\t\t\t\t\t\t\t<p class=\"h5 md:mb-40 sm:mb-20\">\n\t\t\t\t\tUnirse a Terazem significa tener la oportunidad de revelar sus talentos y su potencial en una firma en crecimiento participando en proyectos estrat\u00e9gicos, operativos y tecnol\u00f3gicos para clientes privados y p\u00fablicos en Europa.\n\t\t\t\t<\/p>\n\t\t\t\n\t\t<\/div>\n\t<\/div>\n\n\t\t\t<img decoding=\"async\" src=\"https:\/\/terazem.eu\/wp-content\/uploads\/2021\/07\/carrer-background.jpg\" alt=\"\" class=\"content-with-image__image w-full object-cover\">\n\t\t<div class=\"content-with-image__content relative z-20 md:mt-32 sm:mt-24\">\n\t\t<div class=\"container relative\">\n\t\t\t<div class=\"grid grid-cols-2 md:gap-32 sm:gap-24\">\n\n\t\t\t\t<div class=\"col-span-2 lg:col-span-1\">\n\t\t\t\t\t\t\t\t\t\t\t<p class=\"h5 has-charcoal-800-color md:mb-24 sm:mb-8\">\n\t\t\t\t\t\t\tLo mejor de lo humano y lo digital\n\t\t\t\t\t\t<\/p>\n\t\t\t\t\t\n\t\t\t\t\t\t\t\t\t\t\t<p class=\"text-size-large has-charcoal-600-color \">\n\t\t\t\t\t\t\tSe beneficiar\u00e1 de la experiencia econ\u00f3mica e inmobiliaria de un actor innovador en consultor\u00eda al servicio de empresas y territorios.\n\t\t\t\t\t\t<\/p>\n\t\t\t\t\t\t\t\t\t<\/div>\n\n\t\t\t\t<div class=\"col-span-2 lg:col-span-1\">\n\t\t\t\t\t\t\t\t\t\t\t<p class=\"h5 has-charcoal-800-color md:mb-24 sm:mb-8\">\n\t\t\t\t\t\t\tUn entorno multicultural y estimulante\n\t\t\t\t\t\t<\/p>\n\t\t\t\t\t\n\t\t\t\t\t\t\t\t\t\t\t<p class=\"text-size-large has-charcoal-600-color md:mb-0 sm:mb-24 \">\n\t\t\t\t\t\t\tParticipar\u00e1 en misiones de alto valor agregado donde r\u00e1pidamente estar\u00e1 empoderado en contacto directo con nuestros clientes y socios de la firma.\n\t\t\t\t\t\t<\/p>\n\t\t\t\t\t\t\t\t\t<\/div>\n\n\t\t\t<\/div>\n\t\t<\/div>\n\t<\/div>\n<\/section>\n\n\n<div class=\"sticky-sidebar-with-list\">\n\t<div class=\"container\">\n\t\t<div class=\"grid grid-cols-2 gap-32\">\n\t\t\t<div class=\"col-span-2 lg:col-span-1\">\n\t\t\t\t<div class=\"sticky-sidebar-with-list__background relative overflow-hidden\">\n\t\t\t\t\t<img decoding=\"async\" src=\"https:\/\/terazem.eu\/wp-content\/uploads\/2021\/07\/carrier-sticky.jpeg\" alt=\"\">\n\t\t\t\t\t<p class=\"h2 has-white-color absolute z-10 container-margin--left\">\n\t\t\t\t\t\tUnirse <br> a nosotros\n\t\t\t\t\t<\/p>\n\t\t\t\t<\/div>\n\t\t\t<\/div>\n\n\t\t\t<div class=\"col-span-2 lg:col-span-1\">\n\t\t\t\t<p class=\"text-size-large font-bold has-charcoal-600-color md:mt-32 sm:mt-0 mb-10\">\n\t\t\t\t\tBuscamos empleados con apetito por el desarrollo econ\u00f3mico y las profesiones inmobiliarias.\n\t\t\t\t<\/p>\n\t\t\t\t<ul class=\"list-border list-border--light-gray\">\n\t\t\t\t\t\t\t\t\t\t\t<li class=\"text-size-large font-semibold has-charcoal-600-color mb-20\">\n\t\t\t\t\t\t\tDe las principales escuelas de negocios y universidades con una buena cultura econ\u00f3mica y financiera.\n\t\t\t\t\t\t<\/li>\n\t\t\t\t\t\t\t\t\t\t\t<li class=\"text-size-large font-semibold has-charcoal-600-color mb-20\">\n\t\t\t\t\t\t\tComprometido y riguroso, con fuerte esp\u00edritu de iniciativa, apreciando el trabajo en equipo\n\t\t\t\t\t\t<\/li>\n\t\t\t\t\t\t\t\t\t\t\t<li class=\"text-size-large font-semibold has-charcoal-600-color mb-20\">\n\t\t\t\t\t\t\tTener excelentes habilidades de comunicaci\u00f3n oral y escrita.\n\t\t\t\t\t\t<\/li>\n\t\t\t\t\t\t\t\t\t\t\t<li class=\"text-size-large font-semibold has-charcoal-600-color mb-20\">\n\t\t\t\t\t\t\tCon muy buenas habilidades anal\u00edticas y de s\u00edntesis.\n\t\t\t\t\t\t<\/li>\n\t\t\t\t\t\t\t\t\t\t\t<li class=\"text-size-large font-semibold has-charcoal-600-color mb-20\">\n\t\t\t\t\t\t\tCapaz de asumir responsabilidades operativas r\u00e1pidamente\n\t\t\t\t\t\t<\/li>\n\t\t\t\t\t\t\t\t\t\t\t<li class=\"text-size-large font-semibold has-charcoal-600-color mb-20\">\n\t\t\t\t\t\t\tFluidez en ingl\u00e9s oral y escrito, y si es posible un tercer idioma como alem\u00e1n, chino, espa\u00f1ol\n\t\t\t\t\t\t<\/li>\n\t\t\t\t\t\t\t\t\t<\/ul>\n\n\t\t\t\t\t<a href=\"\/es\/puestos-vacantes\/\" class=\"custom-button button--text-charcoal-600 button--color-charcoal-600 mt-32\" target=\"\">\n\t\t<div class=\"custom-button__outer\">\n\t\t\t<svg class=\"custom-button__arrow\" xmlns=\"http:\/\/www.w3.org\/2000\/svg\" viewbox=\"0 0 68 68\" fill=\"none\">\n\t\t\t\t<path d=\"M38.038 34.33l-5.54 5.54a.462.462 0 01-.654-.652l5.215-5.215-5.215-5.215a.462.462 0 01.653-.653l5.541 5.541c.18.18.18.473 0 .653z\" fill=\"currentColor\"\/><\/svg>\n\t\t\t<div class=\"custom-button__inner\"><\/div>\n\t\t<\/div>\n\t\t<span class=\"custom-button__text text-size-medium font-semibold\">\n\t\t\tDescubra nuestras ofertas de trabajo\n\t\t<\/span>\n\t<\/a>\n\t\t\t<\/div>\n\t\t<\/div>\n\t<\/div>\n<\/div>\n\n\n\n<p><\/p>\n","protected":false},"excerpt":{"rendered":"","protected":false},"author":1,"featured_media":0,"parent":0,"menu_order":0,"comment_status":"closed","ping_status":"closed","template":"","meta":{"footnotes":""},"class_list":["post-1063","page","type-page","status-publish","hentry"],"yoast_head":"<!-- This site is optimized with the Yoast SEO plugin v19.10 - https:\/\/yoast.com\/wordpress\/plugins\/seo\/ -->\n<title>Consultora de estrategia econ\u00f3mica e inmobiliaria<\/title>\n<meta name=\"description\" content=\"TERAZEM es una consultora independiente y privada en estrategia econ\u00f3mica e inmobiliaria que ofrece soluciones a medida para apoyar territorios y empresas.\" \/>\n<meta name=\"robots\" content=\"noindex, follow\" \/>\n<meta property=\"og:locale\" content=\"es_ES\" \/>\n<meta property=\"og:type\" content=\"article\" \/>\n<meta property=\"og:title\" content=\"Consultora de estrategia econ\u00f3mica e inmobiliaria\" \/>\n<meta property=\"og:description\" content=\"TERAZEM es una consultora independiente y privada en estrategia econ\u00f3mica e inmobiliaria que ofrece soluciones a medida para apoyar territorios y empresas.\" \/>\n<meta property=\"og:url\" content=\"https:\/\/terazem.eu\/es\/carreras\/\" \/>\n<meta property=\"og:site_name\" content=\"Terazem to firma konsultingowa specjalizuj\u0105ca si\u0119 w strategii gospodarczej i nieruchomo\u015bciowej kt\u00f3ra \u0142\u0105czy terytoria i firmy\" \/>\n<meta property=\"article:modified_time\" content=\"2021-10-19T09:14:11+00:00\" \/>\n<meta name=\"twitter:card\" content=\"summary_large_image\" \/>\n<script type=\"application\/ld+json\" class=\"yoast-schema-graph\">{\"@context\":\"https:\/\/schema.org\",\"@graph\":[{\"@type\":\"WebPage\",\"@id\":\"https:\/\/terazem.eu\/es\/carreras\/\",\"url\":\"https:\/\/terazem.eu\/es\/carreras\/\",\"name\":\"Consultora de estrategia econ\u00f3mica e inmobiliaria\",\"isPartOf\":{\"@id\":\"https:\/\/terazem.eu\/#website\"},\"datePublished\":\"2021-09-02T14:19:54+00:00\",\"dateModified\":\"2021-10-19T09:14:11+00:00\",\"description\":\"TERAZEM es una consultora independiente y privada en estrategia econ\u00f3mica e inmobiliaria que ofrece soluciones a medida para apoyar territorios y empresas.\",\"breadcrumb\":{\"@id\":\"https:\/\/terazem.eu\/es\/carreras\/#breadcrumb\"},\"inLanguage\":\"es\",\"potentialAction\":[{\"@type\":\"ReadAction\",\"target\":[\"https:\/\/terazem.eu\/es\/carreras\/\"]}]},{\"@type\":\"BreadcrumbList\",\"@id\":\"https:\/\/terazem.eu\/es\/carreras\/#breadcrumb\",\"itemListElement\":[{\"@type\":\"ListItem\",\"position\":1,\"name\":\"Strona g\u0142\u00f3wna\",\"item\":\"https:\/\/terazem.eu\/es\/\"},{\"@type\":\"ListItem\",\"position\":2,\"name\":\"Carreras\"}]},{\"@type\":\"WebSite\",\"@id\":\"https:\/\/terazem.eu\/#website\",\"url\":\"https:\/\/terazem.eu\/\",\"name\":\"Terazem to firma konsultingowa specjalizuj\u0105ca si\u0119 w strategii gospodarczej i nieruchomo\u015bciowej kt\u00f3ra \u0142\u0105czy terytoria i firmy\",\"description\":\"Terazem to firma konsultingowa specjalizuj\u0105ca si\u0119 w strategii gospodarczej i nieruchomo\u015bciowej kt\u00f3ra \u0142\u0105czy terytoria i firmy\",\"publisher\":{\"@id\":\"https:\/\/terazem.eu\/#organization\"},\"alternateName\":\"Terazem\",\"potentialAction\":[{\"@type\":\"SearchAction\",\"target\":{\"@type\":\"EntryPoint\",\"urlTemplate\":\"https:\/\/terazem.eu\/?s={search_term_string}\"},\"query-input\":\"required name=search_term_string\"}],\"inLanguage\":\"es\"},{\"@type\":\"Organization\",\"@id\":\"https:\/\/terazem.eu\/#organization\",\"name\":\"Terazem\",\"alternateName\":\"Terazem\",\"url\":\"https:\/\/terazem.eu\/\",\"logo\":{\"@type\":\"ImageObject\",\"inLanguage\":\"es\",\"@id\":\"https:\/\/terazem.eu\/#\/schema\/logo\/image\/\",\"url\":\"https:\/\/terazem.eu\/wp-content\/uploads\/2023\/01\/Logo-TERAZEM-1-fond-clair.png\",\"contentUrl\":\"https:\/\/terazem.eu\/wp-content\/uploads\/2023\/01\/Logo-TERAZEM-1-fond-clair.png\",\"width\":499,\"height\":128,\"caption\":\"Terazem\"},\"image\":{\"@id\":\"https:\/\/terazem.eu\/#\/schema\/logo\/image\/\"},\"sameAs\":[\"https:\/\/fr.linkedin.com\/company\/terazem\"]}]}<\/script>\n<!-- \/ Yoast SEO plugin. -->","yoast_head_json":{"title":"Consultora de estrategia econ\u00f3mica e inmobiliaria","description":"TERAZEM es una consultora independiente y privada en estrategia econ\u00f3mica e inmobiliaria que ofrece soluciones a medida para apoyar territorios y empresas.","robots":{"index":"noindex","follow":"follow"},"og_locale":"es_ES","og_type":"article","og_title":"Consultora de estrategia econ\u00f3mica e inmobiliaria","og_description":"TERAZEM es una consultora independiente y privada en estrategia econ\u00f3mica e inmobiliaria que ofrece soluciones a medida para apoyar territorios y empresas.","og_url":"https:\/\/terazem.eu\/es\/carreras\/","og_site_name":"Terazem to firma konsultingowa specjalizuj\u0105ca si\u0119 w strategii gospodarczej i nieruchomo\u015bciowej kt\u00f3ra \u0142\u0105czy terytoria i firmy","article_modified_time":"2021-10-19T09:14:11+00:00","twitter_card":"summary_large_image","schema":{"@context":"https:\/\/schema.org","@graph":[{"@type":"WebPage","@id":"https:\/\/terazem.eu\/es\/carreras\/","url":"https:\/\/terazem.eu\/es\/carreras\/","name":"Consultora de estrategia econ\u00f3mica e inmobiliaria","isPartOf":{"@id":"https:\/\/terazem.eu\/#website"},"datePublished":"2021-09-02T14:19:54+00:00","dateModified":"2021-10-19T09:14:11+00:00","description":"TERAZEM es una consultora independiente y privada en estrategia econ\u00f3mica e inmobiliaria que ofrece soluciones a medida para apoyar territorios y empresas.","breadcrumb":{"@id":"https:\/\/terazem.eu\/es\/carreras\/#breadcrumb"},"inLanguage":"es","potentialAction":[{"@type":"ReadAction","target":["https:\/\/terazem.eu\/es\/carreras\/"]}]},{"@type":"BreadcrumbList","@id":"https:\/\/terazem.eu\/es\/carreras\/#breadcrumb","itemListElement":[{"@type":"ListItem","position":1,"name":"Strona g\u0142\u00f3wna","item":"https:\/\/terazem.eu\/es\/"},{"@type":"ListItem","position":2,"name":"Carreras"}]},{"@type":"WebSite","@id":"https:\/\/terazem.eu\/#website","url":"https:\/\/terazem.eu\/","name":"Terazem to firma konsultingowa specjalizuj\u0105ca si\u0119 w strategii gospodarczej i nieruchomo\u015bciowej kt\u00f3ra \u0142\u0105czy terytoria i firmy","description":"Terazem to firma konsultingowa specjalizuj\u0105ca si\u0119 w strategii gospodarczej i nieruchomo\u015bciowej kt\u00f3ra \u0142\u0105czy terytoria i firmy","publisher":{"@id":"https:\/\/terazem.eu\/#organization"},"alternateName":"Terazem","potentialAction":[{"@type":"SearchAction","target":{"@type":"EntryPoint","urlTemplate":"https:\/\/terazem.eu\/?s={search_term_string}"},"query-input":"required name=search_term_string"}],"inLanguage":"es"},{"@type":"Organization","@id":"https:\/\/terazem.eu\/#organization","name":"Terazem","alternateName":"Terazem","url":"https:\/\/terazem.eu\/","logo":{"@type":"ImageObject","inLanguage":"es","@id":"https:\/\/terazem.eu\/#\/schema\/logo\/image\/","url":"https:\/\/terazem.eu\/wp-content\/uploads\/2023\/01\/Logo-TERAZEM-1-fond-clair.png","contentUrl":"https:\/\/terazem.eu\/wp-content\/uploads\/2023\/01\/Logo-TERAZEM-1-fond-clair.png","width":499,"height":128,"caption":"Terazem"},"image":{"@id":"https:\/\/terazem.eu\/#\/schema\/logo\/image\/"},"sameAs":["https:\/\/fr.linkedin.com\/company\/terazem"]}]}},"_links":{"self":[{"href":"https:\/\/terazem.eu\/es\/wp-json\/wp\/v2\/pages\/1063","targetHints":{"allow":["GET"]}}],"collection":[{"href":"https:\/\/terazem.eu\/es\/wp-json\/wp\/v2\/pages"}],"about":[{"href":"https:\/\/terazem.eu\/es\/wp-json\/wp\/v2\/types\/page"}],"author":[{"embeddable":true,"href":"https:\/\/terazem.eu\/es\/wp-json\/wp\/v2\/users\/1"}],"replies":[{"embeddable":true,"href":"https:\/\/terazem.eu\/es\/wp-json\/wp\/v2\/comments?post=1063"}],"version-history":[{"count":11,"href":"https:\/\/terazem.eu\/es\/wp-json\/wp\/v2\/pages\/1063\/revisions"}],"predecessor-version":[{"id":2032,"href":"https:\/\/terazem.eu\/es\/wp-json\/wp\/v2\/pages\/1063\/revisions\/2032"}],"wp:attachment":[{"href":"https:\/\/terazem.eu\/es\/wp-json\/wp\/v2\/media?parent=1063"}],"curies":[{"name":"wp","href":"https:\/\/api.w.org\/{rel}","templated":true}]}}