{"id":777,"date":"2021-08-08T19:40:57","date_gmt":"2021-08-08T17:40:57","guid":{"rendered":"http:\/\/terazem.loc\/?page_id=777"},"modified":"2021-10-25T12:14:22","modified_gmt":"2021-10-25T10:14:22","slug":"reference","status":"publish","type":"page","link":"https:\/\/terazem.eu\/en\/reference\/","title":{"rendered":"References"},"content":{"rendered":"<section class=\"header-content-with-list relative section-padding-80\">\n\t<div class=\"container\">\n\t\t<div class=\"flex flex-col\">\n\n\t\t\t\t\t\t\t<p class=\"h5 text-color-main mb-10\">\n\t\t\t\t\tReferences\n\t\t\t\t<\/p>\n\t\t\t\n\t\t\t\t\t\t\t<h2 class=\"text-color-black\">\n\t\t\t\t\tFor companies and territories\n\t\t\t\t<\/h2>\n\t\t\t\n\t\t\t\t\t\t\t<p class=\"h5 font-bold mb-10 mt-32\">\n\t\t\t\t\tWe operate on behalf of public and private sector players to support projects that may include an economic, social and\/or real estate dimension.\r\n\n\t\t\t\t<\/p>\n\t\t\t\n\t\t\t<ul class=\"list-border list-border--light-gray list-border--two-columns header-content-with-list__list grid grid-cols-2 mt-24\">\n\t\t\t\t\t\t\t\t\t<li class=\"col-span-2 lg:col-span-1 header-content-with-list__item mb-16 lg:mr-8 flex flex-col\">\n\t\t\t\t\t\t<p class=\"text-size-large font-bold has-charcoal-800-color mb-10\">\n\t\t\t\t\t\t\tCompanies\n\t\t\t\t\t\t<\/p>\n\t\t\t\t\t\t<p class=\"text-size-large has-charcoal-600-color font-semibold\">\n\t\t\t\t\t\t\tOur clients are entrepreneurs, innovative start-ups, SMEs, mid-market firms and large international groups. \n\t\t\t\t\t\t<\/p>\n\t\t\t\t\t<\/li>\n\t\t\t\t\t\t\t\t\t<li class=\"col-span-2 lg:col-span-1 header-content-with-list__item mb-16 lg:mr-8 flex flex-col\">\n\t\t\t\t\t\t<p class=\"text-size-large font-bold has-charcoal-800-color mb-10\">\n\t\t\t\t\t\t\tTerritories\n\t\t\t\t\t\t<\/p>\n\t\t\t\t\t\t<p class=\"text-size-large has-charcoal-600-color font-semibold\">\n\t\t\t\t\t\t\tOur clients are EPCIs (public intercommunal cooperation establishments), consular chambers, economic development agencies and promotion agencies at a local, national or international level.\r\n\r\n\n\t\t\t\t\t\t<\/p>\n\t\t\t\t\t<\/li>\n\t\t\t\t\t\t\t<\/ul>\n\n\t\t<\/div>\n\t<\/div>\n<\/section>\n\n\n<section class=\"logo-list\">\n\t<div class=\"container grid md:grid-cols-3 sm:grid-cols-1\">\n\n\t\t<div class=\"col-span-3 sm:mb-4 lg:col-span-1 flex flex-col justify-center items-center lg:items-start\">\n\t\t\t\t\t\t\t<p class=\"h5 text-color-main mb-10\">\n\t\t\t\t\tDoing business with us\n\t\t\t\t<\/p>\n\t\t\t\n\t\t\t<h2 class=\"text-color-black\">\n\t\t\t\tTrust\n\t\t\t<\/h2>\n\t\t<\/div>\n\n\t\t<div class=\"col-span-3 sm:col-span-2 lg:col-span-2 flex justify-between items-center flex-wrap md:mt-0 sm:mt-16\">\n\t\t\t<div class=\"logolist__container swiper-container\">\n\t\t\t\t<div class=\"swiper-wrapper \">\n\t\t\t\t\t\t\t\t\t\t\t<div class=\"swiper-slide\"><img decoding=\"async\" class=\"img-logo  m-5 \" src=\"https:\/\/terazem.eu\/wp-content\/uploads\/2021\/10\/smurfit-kappa-logo.jpg\" alt=\"\"><\/div>\n\t\t\t\t\t\t\t\t\t\t\t<div class=\"swiper-slide\"><img decoding=\"async\" class=\"img-logo  m-5 \" src=\"https:\/\/terazem.eu\/wp-content\/uploads\/2021\/10\/newcold-logo.jpg\" alt=\"\"><\/div>\n\t\t\t\t\t\t\t\t\t\t\t<div class=\"swiper-slide\"><img decoding=\"async\" class=\"img-logo  m-5 \" src=\"https:\/\/terazem.eu\/wp-content\/uploads\/2021\/10\/Beaumont-e1635156305282.png\" alt=\"\"><\/div>\n\t\t\t\t\t\t\t\t\t\t\t<div class=\"swiper-slide\"><img decoding=\"async\" class=\"img-logo  m-5 \" src=\"https:\/\/terazem.eu\/wp-content\/uploads\/2021\/10\/Serpe-groupe-Vf-e1635156110720.jpg\" alt=\"\"><\/div>\n\t\t\t\t\t\t\t\t\t\t\t<div class=\"swiper-slide\"><img decoding=\"async\" class=\"img-logo  m-5 \" src=\"https:\/\/terazem.eu\/wp-content\/uploads\/2021\/10\/CCIFP1.jpg\" alt=\"\"><\/div>\n\t\t\t\t\t\t\t\t\t<\/div>\n\t\t\t<\/div>\n\t\t<\/div>\n\n\t<\/div>\n<\/section>\n\n\n<section class=\"dark-list relative background-charcoal-800 section-padding-80\">\n\t<div class=\"container\">\n\t\t<div class=\"flex flex-col items-center xl:items-start\">\n\t\t\t<p class=\"h5 text-color-main\">\n\t\t\t\tSector references\n\t\t\t<\/p>\n\t\t\t<h2 class=\"text-color-white mb-32 mt-10\">\n\t\t\t\tIndustries &#038; services\n\t\t\t<\/h2>\n\t\t<\/div>\n\t\t<ul class=\"grid grid-cols-4 gap-x-24 gap-y-12\">\n\t\t\t\t\t\t\t<li class=\"col-span-4 md:col-span-2 xl:col-span-1 text-size-large font-bold has-charcoal-300-color\">\n\t\t\t\t\tAGRI-FOOD\n\t\t\t\t<\/li>\n\t\t\t\t\t\t\t<li class=\"col-span-4 md:col-span-2 xl:col-span-1 text-size-large font-bold has-charcoal-300-color\">\n\t\t\t\t\tPACKAGING\n\t\t\t\t<\/li>\n\t\t\t\t\t\t\t<li class=\"col-span-4 md:col-span-2 xl:col-span-1 text-size-large font-bold has-charcoal-300-color\">\n\t\t\t\t\tLOGISTICS &#8211; TRANSPORT\n\t\t\t\t<\/li>\n\t\t\t\t\t\t\t<li class=\"col-span-4 md:col-span-2 xl:col-span-1 text-size-large font-bold has-charcoal-300-color\">\n\t\t\t\t\tRETAIL\n\t\t\t\t<\/li>\n\t\t\t\t\t\t\t<li class=\"col-span-4 md:col-span-2 xl:col-span-1 text-size-large font-bold has-charcoal-300-color\">\n\t\t\t\t\tRAIL\n\t\t\t\t<\/li>\n\t\t\t\t\t\t\t<li class=\"col-span-4 md:col-span-2 xl:col-span-1 text-size-large font-bold has-charcoal-300-color\">\n\t\t\t\t\tRECYCLING\n\t\t\t\t<\/li>\n\t\t\t\t\t\t\t<li class=\"col-span-4 md:col-span-2 xl:col-span-1 text-size-large font-bold has-charcoal-300-color\">\n\t\t\t\t\tPACKAGING\u200b\n\t\t\t\t<\/li>\n\t\t\t\t\t\t\t<li class=\"col-span-4 md:col-span-2 xl:col-span-1 text-size-large font-bold has-charcoal-300-color\">\n\t\t\t\t\tINNOVATION\u200b\n\t\t\t\t<\/li>\n\t\t\t\t\t\t\t<li class=\"col-span-4 md:col-span-2 xl:col-span-1 text-size-large font-bold has-charcoal-300-color\">\n\t\t\t\t\tHYDROGEN\n\t\t\t\t<\/li>\n\t\t\t\t\t\t\t<li class=\"col-span-4 md:col-span-2 xl:col-span-1 text-size-large font-bold has-charcoal-300-color\">\n\t\t\t\t\tENERGY &#8211; BATTERY\n\t\t\t\t<\/li>\n\t\t\t\t\t\t\t<li class=\"col-span-4 md:col-span-2 xl:col-span-1 text-size-large font-bold has-charcoal-300-color\">\n\t\t\t\t\tWIND POWER\n\t\t\t\t<\/li>\n\t\t\t\t\t\t\t<li class=\"col-span-4 md:col-span-2 xl:col-span-1 text-size-large font-bold has-charcoal-300-color\">\n\t\t\t\t\tECO-INDUSTRIES\n\t\t\t\t<\/li>\n\t\t\t\t\t\t\t<li class=\"col-span-4 md:col-span-2 xl:col-span-1 text-size-large font-bold has-charcoal-300-color\">\n\t\t\t\t\tAERONAUTICS\n\t\t\t\t<\/li>\n\t\t\t\t\t\t\t<li class=\"col-span-4 md:col-span-2 xl:col-span-1 text-size-large font-bold has-charcoal-300-color\">\n\t\t\t\t\tPLASTIC &#8211; RUBBER\n\t\t\t\t<\/li>\n\t\t\t\t\t\t\t<li class=\"col-span-4 md:col-span-2 xl:col-span-1 text-size-large font-bold has-charcoal-300-color\">\n\t\t\t\t\tAUTOMOTIVE\n\t\t\t\t<\/li>\n\t\t\t\t\t\t\t<li class=\"col-span-4 md:col-span-2 xl:col-span-1 text-size-large font-bold has-charcoal-300-color\">\n\t\t\t\t\tELECTROMOBILITY\n\t\t\t\t<\/li>\n\t\t\t\t\t\t\t<li class=\"col-span-4 md:col-span-2 xl:col-span-1 text-size-large font-bold has-charcoal-300-color\">\n\t\t\t\t\tCONSTRUCTION\n\t\t\t\t<\/li>\n\t\t\t\t\t\t\t<li class=\"col-span-4 md:col-span-2 xl:col-span-1 text-size-large font-bold has-charcoal-300-color\">\n\t\t\t\t\tDEFENSE\n\t\t\t\t<\/li>\n\t\t\t\t\t\t\t<li class=\"col-span-4 md:col-span-2 xl:col-span-1 text-size-large font-bold has-charcoal-300-color\">\n\t\t\t\t\tELECTRONICS\n\t\t\t\t<\/li>\n\t\t\t\t\t\t\t<li class=\"col-span-4 md:col-span-2 xl:col-span-1 text-size-large font-bold has-charcoal-300-color\">\n\t\t\t\t\tCHEMICALS &#8211; PHARMACEUTICALS\n\t\t\t\t<\/li>\n\t\t\t\t\t<\/ul>\n\t<\/div>\n<\/section>\n","protected":false},"excerpt":{"rendered":"","protected":false},"author":1,"featured_media":0,"parent":0,"menu_order":0,"comment_status":"closed","ping_status":"closed","template":"page-templates\/references.php","meta":{"footnotes":""},"class_list":["post-777","page","type-page","status-publish","hentry"],"yoast_head":"<!-- This site is optimized with the Yoast SEO plugin v19.10 - https:\/\/yoast.com\/wordpress\/plugins\/seo\/ -->\n<title>Firm of consultants specializing in economic and real estate strategy<\/title>\n<meta name=\"description\" content=\"TERAZEM is an independent and private firm of consultants specializing in economic and real estate strategy, delivering customized solutions to support territories and companies\" \/>\n<meta name=\"robots\" content=\"noindex, follow\" \/>\n<meta property=\"og:locale\" content=\"en_US\" \/>\n<meta property=\"og:type\" content=\"article\" \/>\n<meta property=\"og:title\" content=\"Firm of consultants specializing in economic and real estate strategy\" \/>\n<meta property=\"og:description\" content=\"TERAZEM is an independent and private firm of consultants specializing in economic and real estate strategy, delivering customized solutions to support territories and companies\" \/>\n<meta property=\"og:url\" content=\"https:\/\/terazem.eu\/en\/reference\/\" \/>\n<meta property=\"og:site_name\" content=\"Terazem to firma konsultingowa specjalizuj\u0105ca si\u0119 w strategii gospodarczej i nieruchomo\u015bciowej kt\u00f3ra \u0142\u0105czy terytoria i firmy\" \/>\n<meta property=\"article:modified_time\" content=\"2021-10-25T10:14:22+00:00\" \/>\n<meta name=\"twitter:card\" content=\"summary_large_image\" \/>\n<script type=\"application\/ld+json\" class=\"yoast-schema-graph\">{\"@context\":\"https:\/\/schema.org\",\"@graph\":[{\"@type\":\"WebPage\",\"@id\":\"https:\/\/terazem.eu\/en\/reference\/\",\"url\":\"https:\/\/terazem.eu\/en\/reference\/\",\"name\":\"Firm of consultants specializing in economic and real estate strategy\",\"isPartOf\":{\"@id\":\"https:\/\/terazem.eu\/#website\"},\"datePublished\":\"2021-08-08T17:40:57+00:00\",\"dateModified\":\"2021-10-25T10:14:22+00:00\",\"description\":\"TERAZEM is an independent and private firm of consultants specializing in economic and real estate strategy, delivering customized solutions to support territories and companies\",\"breadcrumb\":{\"@id\":\"https:\/\/terazem.eu\/en\/reference\/#breadcrumb\"},\"inLanguage\":\"en-US\",\"potentialAction\":[{\"@type\":\"ReadAction\",\"target\":[\"https:\/\/terazem.eu\/en\/reference\/\"]}]},{\"@type\":\"BreadcrumbList\",\"@id\":\"https:\/\/terazem.eu\/en\/reference\/#breadcrumb\",\"itemListElement\":[{\"@type\":\"ListItem\",\"position\":1,\"name\":\"Strona g\u0142\u00f3wna\",\"item\":\"https:\/\/terazem.eu\/en\/\"},{\"@type\":\"ListItem\",\"position\":2,\"name\":\"References\"}]},{\"@type\":\"WebSite\",\"@id\":\"https:\/\/terazem.eu\/#website\",\"url\":\"https:\/\/terazem.eu\/\",\"name\":\"Terazem to firma konsultingowa specjalizuj\u0105ca si\u0119 w strategii gospodarczej i nieruchomo\u015bciowej kt\u00f3ra \u0142\u0105czy terytoria i firmy\",\"description\":\"Terazem to firma konsultingowa specjalizuj\u0105ca si\u0119 w strategii gospodarczej i nieruchomo\u015bciowej kt\u00f3ra \u0142\u0105czy terytoria i firmy\",\"publisher\":{\"@id\":\"https:\/\/terazem.eu\/#organization\"},\"alternateName\":\"Terazem\",\"potentialAction\":[{\"@type\":\"SearchAction\",\"target\":{\"@type\":\"EntryPoint\",\"urlTemplate\":\"https:\/\/terazem.eu\/?s={search_term_string}\"},\"query-input\":\"required name=search_term_string\"}],\"inLanguage\":\"en-US\"},{\"@type\":\"Organization\",\"@id\":\"https:\/\/terazem.eu\/#organization\",\"name\":\"Terazem\",\"alternateName\":\"Terazem\",\"url\":\"https:\/\/terazem.eu\/\",\"logo\":{\"@type\":\"ImageObject\",\"inLanguage\":\"en-US\",\"@id\":\"https:\/\/terazem.eu\/#\/schema\/logo\/image\/\",\"url\":\"https:\/\/terazem.eu\/wp-content\/uploads\/2023\/01\/Logo-TERAZEM-1-fond-clair.png\",\"contentUrl\":\"https:\/\/terazem.eu\/wp-content\/uploads\/2023\/01\/Logo-TERAZEM-1-fond-clair.png\",\"width\":499,\"height\":128,\"caption\":\"Terazem\"},\"image\":{\"@id\":\"https:\/\/terazem.eu\/#\/schema\/logo\/image\/\"},\"sameAs\":[\"https:\/\/fr.linkedin.com\/company\/terazem\"]}]}<\/script>\n<!-- \/ Yoast SEO plugin. -->","yoast_head_json":{"title":"Firm of consultants specializing in economic and real estate strategy","description":"TERAZEM is an independent and private firm of consultants specializing in economic and real estate strategy, delivering customized solutions to support territories and companies","robots":{"index":"noindex","follow":"follow"},"og_locale":"en_US","og_type":"article","og_title":"Firm of consultants specializing in economic and real estate strategy","og_description":"TERAZEM is an independent and private firm of consultants specializing in economic and real estate strategy, delivering customized solutions to support territories and companies","og_url":"https:\/\/terazem.eu\/en\/reference\/","og_site_name":"Terazem to firma konsultingowa specjalizuj\u0105ca si\u0119 w strategii gospodarczej i nieruchomo\u015bciowej kt\u00f3ra \u0142\u0105czy terytoria i firmy","article_modified_time":"2021-10-25T10:14:22+00:00","twitter_card":"summary_large_image","schema":{"@context":"https:\/\/schema.org","@graph":[{"@type":"WebPage","@id":"https:\/\/terazem.eu\/en\/reference\/","url":"https:\/\/terazem.eu\/en\/reference\/","name":"Firm of consultants specializing in economic and real estate strategy","isPartOf":{"@id":"https:\/\/terazem.eu\/#website"},"datePublished":"2021-08-08T17:40:57+00:00","dateModified":"2021-10-25T10:14:22+00:00","description":"TERAZEM is an independent and private firm of consultants specializing in economic and real estate strategy, delivering customized solutions to support territories and companies","breadcrumb":{"@id":"https:\/\/terazem.eu\/en\/reference\/#breadcrumb"},"inLanguage":"en-US","potentialAction":[{"@type":"ReadAction","target":["https:\/\/terazem.eu\/en\/reference\/"]}]},{"@type":"BreadcrumbList","@id":"https:\/\/terazem.eu\/en\/reference\/#breadcrumb","itemListElement":[{"@type":"ListItem","position":1,"name":"Strona g\u0142\u00f3wna","item":"https:\/\/terazem.eu\/en\/"},{"@type":"ListItem","position":2,"name":"References"}]},{"@type":"WebSite","@id":"https:\/\/terazem.eu\/#website","url":"https:\/\/terazem.eu\/","name":"Terazem to firma konsultingowa specjalizuj\u0105ca si\u0119 w strategii gospodarczej i nieruchomo\u015bciowej kt\u00f3ra \u0142\u0105czy terytoria i firmy","description":"Terazem to firma konsultingowa specjalizuj\u0105ca si\u0119 w strategii gospodarczej i nieruchomo\u015bciowej kt\u00f3ra \u0142\u0105czy terytoria i firmy","publisher":{"@id":"https:\/\/terazem.eu\/#organization"},"alternateName":"Terazem","potentialAction":[{"@type":"SearchAction","target":{"@type":"EntryPoint","urlTemplate":"https:\/\/terazem.eu\/?s={search_term_string}"},"query-input":"required name=search_term_string"}],"inLanguage":"en-US"},{"@type":"Organization","@id":"https:\/\/terazem.eu\/#organization","name":"Terazem","alternateName":"Terazem","url":"https:\/\/terazem.eu\/","logo":{"@type":"ImageObject","inLanguage":"en-US","@id":"https:\/\/terazem.eu\/#\/schema\/logo\/image\/","url":"https:\/\/terazem.eu\/wp-content\/uploads\/2023\/01\/Logo-TERAZEM-1-fond-clair.png","contentUrl":"https:\/\/terazem.eu\/wp-content\/uploads\/2023\/01\/Logo-TERAZEM-1-fond-clair.png","width":499,"height":128,"caption":"Terazem"},"image":{"@id":"https:\/\/terazem.eu\/#\/schema\/logo\/image\/"},"sameAs":["https:\/\/fr.linkedin.com\/company\/terazem"]}]}},"_links":{"self":[{"href":"https:\/\/terazem.eu\/en\/wp-json\/wp\/v2\/pages\/777","targetHints":{"allow":["GET"]}}],"collection":[{"href":"https:\/\/terazem.eu\/en\/wp-json\/wp\/v2\/pages"}],"about":[{"href":"https:\/\/terazem.eu\/en\/wp-json\/wp\/v2\/types\/page"}],"author":[{"embeddable":true,"href":"https:\/\/terazem.eu\/en\/wp-json\/wp\/v2\/users\/1"}],"replies":[{"embeddable":true,"href":"https:\/\/terazem.eu\/en\/wp-json\/wp\/v2\/comments?post=777"}],"version-history":[{"count":22,"href":"https:\/\/terazem.eu\/en\/wp-json\/wp\/v2\/pages\/777\/revisions"}],"predecessor-version":[{"id":2077,"href":"https:\/\/terazem.eu\/en\/wp-json\/wp\/v2\/pages\/777\/revisions\/2077"}],"wp:attachment":[{"href":"https:\/\/terazem.eu\/en\/wp-json\/wp\/v2\/media?parent=777"}],"curies":[{"name":"wp","href":"https:\/\/api.w.org\/{rel}","templated":true}]}}