{"id":693,"date":"2021-08-04T15:34:15","date_gmt":"2021-08-04T13:34:15","guid":{"rendered":"http:\/\/terazem.loc\/?page_id=693"},"modified":"2021-10-11T11:09:52","modified_gmt":"2021-10-11T09:09:52","slug":"contact","status":"publish","type":"page","link":"https:\/\/terazem.eu\/en\/contact\/","title":{"rendered":"Contact"},"content":{"rendered":"<div class=\"w-full google-map map relative\">\n\t\t\t\t<div class=\"google-map__map\"><img decoding=\"async\" class=\"map-img\" src=\"https:\/\/terazem.eu\/wp-content\/uploads\/2021\/10\/map@2x-1.png\"\/><\/div>\n\t\t<div class=\"google-map__map-mobile\"><img decoding=\"async\" class=\"map-img\" src=\"https:\/\/terazem.eu\/wp-content\/uploads\/2021\/10\/mapsmall.png\"\/><\/div>\n\t\t\t\t<div class=\"google-map__content container-margin--left flex flex-col\">\n\n\t\t\t\t\t\t\t<p class=\"h5 has-main-color mb-12\">\n\t\t\t\t\tContact\n\t\t\t\t<\/p>\n\t\t\t\n\t\t\t\t\t\t\t<h1 class=\"h2 mb-16\">\n\t\t\t\t\tTerazem\n\t\t\t\t<\/h1>\n\t\t\t\n\t\t\t\t\t\t\t\t\t\t\t\t<div class=\"google-map__address flex flex-col mb-16\">\n\n\t\t\t\t\t\t<h3 class=\"heading-subtitle font-bold mb-8\">\n\t\t\t\t\t\t\tOffice in France\n\n\t\t\t\t\t\t<\/h3class=\"heading-subtitlefont-bold\">\n\t\t\t\t\t\t<p class=\"text-size-medium font-semibold has-main-color\">\n\t\t\t\t\t\t\t1 rue de Stockholm\n\t\t\t\t\t\t<\/p>\n\n\t\t\t\t\t\t\t\t\t\t\t\t\t<p class=\"text-size-medium font-semibold has-main-color\">\n\t\t\t\t\t\t\t\t75008 Paris\n\t\t\t\t\t\t\t<\/p>\n\t\t\t\t\t\t\n\t\t\t\t\t<\/div>\n\n\t\t\t\t\t\t\t\t\t<div class=\"google-map__address flex flex-col mb-16\">\n\n\t\t\t\t\t\t<h3 class=\"heading-subtitle font-bold mb-8\">\n\t\t\t\t\t\t\tOffice in Poland\n\n\t\t\t\t\t\t<\/h3class=\"heading-subtitlefont-bold\">\n\t\t\t\t\t\t<p class=\"text-size-medium font-semibold has-main-color\">\n\t\t\t\t\t\t\tCracow\n\t\t\t\t\t\t<\/p>\n\n\t\t\t\t\t\t\n\t\t\t\t\t<\/div>\n\n\t\t\t\t\t\t\t\n\t\t\t\t\t\t\t<ul class=\"socials flex items-center mt-6\">\n\t\t\t\t\t\t\t\t\t\t\t<li class=\"socials__item\">\n\t\t\t\t\t\t\t<a class=\"socials__link\" href=\"https:\/\/twitter.com\/TerazemGroup\" rel=\"noreferrer\" target=\"_blank\">\n\t\t\t\t\t\t\t\t<svg class=\"socials__icon icon\">\n\t\t\t\t\t\t\t\t\t<use xlink:href=\"#social-twitter\"\/>\n\t\t\t\t\t\t\t\t<\/svg>\n\t\t\t\t\t\t\t<\/a>\n\t\t\t\t\t\t<\/li>\n\t\t\t\t\t\t\t\t\t\t\t\t\t\t\t\t<li class=\"socials__item\">\n\t\t\t\t\t\t\t<a class=\"socials__link\" href=\"https:\/\/fr.linkedin.com\/company\/terazem\" rel=\"noreferrer\" target=\"_blank\">\n\t\t\t\t\t\t\t\t<svg class=\"socials__icon icon\">\n\t\t\t\t\t\t\t\t\t<use xlink:href=\"#social-linkedin\"\/>\n\t\t\t\t\t\t\t\t<\/svg>\n\t\t\t\t\t\t\t<\/a>\n\t\t\t\t\t\t<\/li>\n\t\t\t\t\t\t\t\t\t\t\t\t\t\t\t\t<li class=\"socials__item\">\n\t\t\t\t\t\t\t<a class=\"socials__link\" href=\"https:\/\/www.youtube.com\/channel\/UC3AgBSk5h6ki-d8vkDRcQZg\" rel=\"noreferrer\" target=\"_blank\">\n\t\t\t\t\t\t\t\t<svg class=\"socials__icon icon\">\n\t\t\t\t\t\t\t\t\t<use xlink:href=\"#social-youtube\"\/>\n\t\t\t\t\t\t\t\t<\/svg>\n\t\t\t\t\t\t\t<\/a>\n\t\t\t\t\t\t<\/li>\n\t\t\t\t\t\t\t\t\t<\/ul>\n\t\t\t\t\t<\/div>\n\t\n<\/div>\n\n\n<section class=\"contact-form relative section-padding-80\">\n\t<div class=\"container\">\n\t\t<div class=\"contact-form__content flex flex-col\">\n\n\t\t\t\t\t\t\t<p class=\"h5 text-color-main mb-10\">\n\t\t\t\t\tContact\n\t\t\t\t<\/p>\n\t\t\t\n\t\t\t\t\t\t\t<h2 class=\"text-color-black\">\n\t\t\t\t\tUs\n\t\t\t\t<\/h2>\n\t\t\t\n\t\t\t\t\t\t\t<div class=\"contact-form__form\">\n\t\t\t\t\t[contact-form-7 id=&#8221;857&#8243; title=&#8221;Contact Us&#8221;]\n\t\t\t\t<\/div>\n\t\t\t\n\n\t\t<\/div>\n\t<\/div>\n<\/section>\n","protected":false},"excerpt":{"rendered":"","protected":false},"author":1,"featured_media":0,"parent":0,"menu_order":0,"comment_status":"closed","ping_status":"closed","template":"","meta":{"footnotes":""},"class_list":["post-693","page","type-page","status-publish","hentry"],"yoast_head":"<!-- This site is optimized with the Yoast SEO plugin v19.10 - https:\/\/yoast.com\/wordpress\/plugins\/seo\/ -->\n<title>Firm of consultants specializing in economic and real estate strategy<\/title>\n<meta name=\"description\" content=\"TERAZEM is an independent and private firm of consultants specializing in economic and real estate strategy, delivering customized solutions to support territories and companies\" \/>\n<meta name=\"robots\" content=\"noindex, follow\" \/>\n<meta property=\"og:locale\" content=\"en_US\" \/>\n<meta property=\"og:type\" content=\"article\" \/>\n<meta property=\"og:title\" content=\"Firm of consultants specializing in economic and real estate strategy\" \/>\n<meta property=\"og:description\" content=\"TERAZEM is an independent and private firm of consultants specializing in economic and real estate strategy, delivering customized solutions to support territories and companies\" \/>\n<meta property=\"og:url\" content=\"https:\/\/terazem.eu\/en\/contact\/\" \/>\n<meta property=\"og:site_name\" content=\"Terazem to firma konsultingowa specjalizuj\u0105ca si\u0119 w strategii gospodarczej i nieruchomo\u015bciowej kt\u00f3ra \u0142\u0105czy terytoria i firmy\" \/>\n<meta property=\"article:modified_time\" content=\"2021-10-11T09:09:52+00:00\" \/>\n<meta name=\"twitter:card\" content=\"summary_large_image\" \/>\n<script type=\"application\/ld+json\" class=\"yoast-schema-graph\">{\"@context\":\"https:\/\/schema.org\",\"@graph\":[{\"@type\":\"WebPage\",\"@id\":\"https:\/\/terazem.eu\/en\/contact\/\",\"url\":\"https:\/\/terazem.eu\/en\/contact\/\",\"name\":\"Firm of consultants specializing in economic and real estate strategy\",\"isPartOf\":{\"@id\":\"https:\/\/terazem.eu\/#website\"},\"datePublished\":\"2021-08-04T13:34:15+00:00\",\"dateModified\":\"2021-10-11T09:09:52+00:00\",\"description\":\"TERAZEM is an independent and private firm of consultants specializing in economic and real estate strategy, delivering customized solutions to support territories and companies\",\"breadcrumb\":{\"@id\":\"https:\/\/terazem.eu\/en\/contact\/#breadcrumb\"},\"inLanguage\":\"en-US\",\"potentialAction\":[{\"@type\":\"ReadAction\",\"target\":[\"https:\/\/terazem.eu\/en\/contact\/\"]}]},{\"@type\":\"BreadcrumbList\",\"@id\":\"https:\/\/terazem.eu\/en\/contact\/#breadcrumb\",\"itemListElement\":[{\"@type\":\"ListItem\",\"position\":1,\"name\":\"Strona g\u0142\u00f3wna\",\"item\":\"https:\/\/terazem.eu\/en\/\"},{\"@type\":\"ListItem\",\"position\":2,\"name\":\"Contact\"}]},{\"@type\":\"WebSite\",\"@id\":\"https:\/\/terazem.eu\/#website\",\"url\":\"https:\/\/terazem.eu\/\",\"name\":\"Terazem to firma konsultingowa specjalizuj\u0105ca si\u0119 w strategii gospodarczej i nieruchomo\u015bciowej kt\u00f3ra \u0142\u0105czy terytoria i firmy\",\"description\":\"Terazem to firma konsultingowa specjalizuj\u0105ca si\u0119 w strategii gospodarczej i nieruchomo\u015bciowej kt\u00f3ra \u0142\u0105czy terytoria i firmy\",\"publisher\":{\"@id\":\"https:\/\/terazem.eu\/#organization\"},\"alternateName\":\"Terazem\",\"potentialAction\":[{\"@type\":\"SearchAction\",\"target\":{\"@type\":\"EntryPoint\",\"urlTemplate\":\"https:\/\/terazem.eu\/?s={search_term_string}\"},\"query-input\":\"required name=search_term_string\"}],\"inLanguage\":\"en-US\"},{\"@type\":\"Organization\",\"@id\":\"https:\/\/terazem.eu\/#organization\",\"name\":\"Terazem\",\"alternateName\":\"Terazem\",\"url\":\"https:\/\/terazem.eu\/\",\"logo\":{\"@type\":\"ImageObject\",\"inLanguage\":\"en-US\",\"@id\":\"https:\/\/terazem.eu\/#\/schema\/logo\/image\/\",\"url\":\"https:\/\/terazem.eu\/wp-content\/uploads\/2023\/01\/Logo-TERAZEM-1-fond-clair.png\",\"contentUrl\":\"https:\/\/terazem.eu\/wp-content\/uploads\/2023\/01\/Logo-TERAZEM-1-fond-clair.png\",\"width\":499,\"height\":128,\"caption\":\"Terazem\"},\"image\":{\"@id\":\"https:\/\/terazem.eu\/#\/schema\/logo\/image\/\"},\"sameAs\":[\"https:\/\/fr.linkedin.com\/company\/terazem\"]}]}<\/script>\n<!-- \/ Yoast SEO plugin. -->","yoast_head_json":{"title":"Firm of consultants specializing in economic and real estate strategy","description":"TERAZEM is an independent and private firm of consultants specializing in economic and real estate strategy, delivering customized solutions to support territories and companies","robots":{"index":"noindex","follow":"follow"},"og_locale":"en_US","og_type":"article","og_title":"Firm of consultants specializing in economic and real estate strategy","og_description":"TERAZEM is an independent and private firm of consultants specializing in economic and real estate strategy, delivering customized solutions to support territories and companies","og_url":"https:\/\/terazem.eu\/en\/contact\/","og_site_name":"Terazem to firma konsultingowa specjalizuj\u0105ca si\u0119 w strategii gospodarczej i nieruchomo\u015bciowej kt\u00f3ra \u0142\u0105czy terytoria i firmy","article_modified_time":"2021-10-11T09:09:52+00:00","twitter_card":"summary_large_image","schema":{"@context":"https:\/\/schema.org","@graph":[{"@type":"WebPage","@id":"https:\/\/terazem.eu\/en\/contact\/","url":"https:\/\/terazem.eu\/en\/contact\/","name":"Firm of consultants specializing in economic and real estate strategy","isPartOf":{"@id":"https:\/\/terazem.eu\/#website"},"datePublished":"2021-08-04T13:34:15+00:00","dateModified":"2021-10-11T09:09:52+00:00","description":"TERAZEM is an independent and private firm of consultants specializing in economic and real estate strategy, delivering customized solutions to support territories and companies","breadcrumb":{"@id":"https:\/\/terazem.eu\/en\/contact\/#breadcrumb"},"inLanguage":"en-US","potentialAction":[{"@type":"ReadAction","target":["https:\/\/terazem.eu\/en\/contact\/"]}]},{"@type":"BreadcrumbList","@id":"https:\/\/terazem.eu\/en\/contact\/#breadcrumb","itemListElement":[{"@type":"ListItem","position":1,"name":"Strona g\u0142\u00f3wna","item":"https:\/\/terazem.eu\/en\/"},{"@type":"ListItem","position":2,"name":"Contact"}]},{"@type":"WebSite","@id":"https:\/\/terazem.eu\/#website","url":"https:\/\/terazem.eu\/","name":"Terazem to firma konsultingowa specjalizuj\u0105ca si\u0119 w strategii gospodarczej i nieruchomo\u015bciowej kt\u00f3ra \u0142\u0105czy terytoria i firmy","description":"Terazem to firma konsultingowa specjalizuj\u0105ca si\u0119 w strategii gospodarczej i nieruchomo\u015bciowej kt\u00f3ra \u0142\u0105czy terytoria i firmy","publisher":{"@id":"https:\/\/terazem.eu\/#organization"},"alternateName":"Terazem","potentialAction":[{"@type":"SearchAction","target":{"@type":"EntryPoint","urlTemplate":"https:\/\/terazem.eu\/?s={search_term_string}"},"query-input":"required name=search_term_string"}],"inLanguage":"en-US"},{"@type":"Organization","@id":"https:\/\/terazem.eu\/#organization","name":"Terazem","alternateName":"Terazem","url":"https:\/\/terazem.eu\/","logo":{"@type":"ImageObject","inLanguage":"en-US","@id":"https:\/\/terazem.eu\/#\/schema\/logo\/image\/","url":"https:\/\/terazem.eu\/wp-content\/uploads\/2023\/01\/Logo-TERAZEM-1-fond-clair.png","contentUrl":"https:\/\/terazem.eu\/wp-content\/uploads\/2023\/01\/Logo-TERAZEM-1-fond-clair.png","width":499,"height":128,"caption":"Terazem"},"image":{"@id":"https:\/\/terazem.eu\/#\/schema\/logo\/image\/"},"sameAs":["https:\/\/fr.linkedin.com\/company\/terazem"]}]}},"_links":{"self":[{"href":"https:\/\/terazem.eu\/en\/wp-json\/wp\/v2\/pages\/693","targetHints":{"allow":["GET"]}}],"collection":[{"href":"https:\/\/terazem.eu\/en\/wp-json\/wp\/v2\/pages"}],"about":[{"href":"https:\/\/terazem.eu\/en\/wp-json\/wp\/v2\/types\/page"}],"author":[{"embeddable":true,"href":"https:\/\/terazem.eu\/en\/wp-json\/wp\/v2\/users\/1"}],"replies":[{"embeddable":true,"href":"https:\/\/terazem.eu\/en\/wp-json\/wp\/v2\/comments?post=693"}],"version-history":[{"count":46,"href":"https:\/\/terazem.eu\/en\/wp-json\/wp\/v2\/pages\/693\/revisions"}],"predecessor-version":[{"id":1918,"href":"https:\/\/terazem.eu\/en\/wp-json\/wp\/v2\/pages\/693\/revisions\/1918"}],"wp:attachment":[{"href":"https:\/\/terazem.eu\/en\/wp-json\/wp\/v2\/media?parent=693"}],"curies":[{"name":"wp","href":"https:\/\/api.w.org\/{rel}","templated":true}]}}